{"id":29252,"date":"2024-10-04T13:09:19","date_gmt":"2024-10-04T12:09:19","guid":{"rendered":"https:\/\/www.latitude31n.com\/?post_type=product&#038;p=29252"},"modified":"2026-03-12T14:32:27","modified_gmt":"2026-03-12T13:32:27","slug":"tete-cerf-murale","status":"publish","type":"product","link":"https:\/\/www.latitude31n.com\/fr\/deco-enfant\/tete-cerf-murale\/","title":{"rendered":"T\u00eate de cerf d\u00e9coration murale"},"content":{"rendered":"<h2>Art mural : t\u00eate de cerf d\u00e9corative murale<\/h2>\n<p>Entrez tout droit dans un univers f\u00e9\u00e9rique avec notre<strong> t\u00eate de cerf customis\u00e9e<\/strong>. En doum tress\u00e9 \u00e0 la main par nos artisans marocains, elle est ensuite d\u00e9cor\u00e9e de broderies et de fleurs pour une d\u00e9coration originale et po\u00e9tique.<\/p>\n<p>Notre t\u00eate d&rsquo;animal en paille est une pi\u00e8ce unique, fruit de l&rsquo;artisanat et d&rsquo;une r\u00e9flexion artistique. En partant du faux troph\u00e9e animal tress\u00e9 en paille, nous nous sommes inspir\u00e9s de la nature et de la for\u00eat pour cr\u00e9er cette <strong>\u0153uvre d&rsquo;art mural<\/strong>.<\/p>\n<h2>Troph\u00e9e t\u00eate d&rsquo;animal po\u00e9tique et humoristique<\/h2>\n<p>Notre <strong>t\u00eate de cerf d\u00e9cor\u00e9e <\/strong>est orn\u00e9e de fleurs d\u00e9licates qui lui apportent un aspect onirique, comme si elle sortait tout droit d&rsquo;une for\u00eat enchant\u00e9e.<\/p>\n<h2 data-sourcepos=\"25:1-25:25\"><strong>Id\u00e9es de d\u00e9coration :<\/strong><\/h2>\n<ul data-sourcepos=\"27:1-30:0\">\n<li data-sourcepos=\"27:1-27:93\">Chambre d&rsquo;enfant : Cr\u00e9ez une ambiance douce et inspirante pour les r\u00eaves les plus fous.<\/li>\n<li data-sourcepos=\"28:1-28:79\">Salon : Apportez une touche de nature et de po\u00e9sie \u00e0 votre espace de vie.<\/li>\n<li data-sourcepos=\"29:1-30:0\">Entr\u00e9e : Accueillez vos invit\u00e9s dans un univers chaleureux et original.<\/li>\n<\/ul>\n<p>Dimensions : h43x20x15 cm<\/p>\n<p>Cette \u0153uvre d&rsquo;art est unique et originale, mais aussi enti\u00e8rement r\u00e9alis\u00e9e \u00e0 la main. Elle peut comporter certaines imperfections qui font grandement partis de son charme et t\u00e9moignent de son authenticit\u00e9.<\/p>\n","protected":false},"excerpt":{"rendered":"<p>D\u00e9couvrez notre <strong>t\u00eate de cerf artistique<\/strong>, une pi\u00e8ce unique et po\u00e9tique. Fabriqu\u00e9e \u00e0 la main au Maroc et d\u00e9cor\u00e9e d&rsquo;\u00e9l\u00e9ments d\u00e9licats et boh\u00e8me, elle apportera une touche de nature et de douceur \u00e0 votre int\u00e9rieur.<\/p>\n<ul>\n<li data-sourcepos=\"11:1-11:51\">Mat\u00e9riau : Paille naturelle <a href=\"\/fr\/doum-presentation-conseils-entretien\/\" target=\"_blank\" rel=\"noopener\"><em>doum<\/em> <\/a>tress\u00e9e \u00e0 la main<\/li>\n<li data-sourcepos=\"12:1-12:47\">Finition : Broderies et ornements floraux<\/li>\n<li data-sourcepos=\"12:1-12:47\">Dimensions : h43x20x15 cm<\/li>\n<\/ul>\n<p><strong>Disponible : Le cerf avec les fleurs roses.<\/strong><\/p>\n","protected":false},"featured_media":34034,"comment_status":"open","ping_status":"closed","template":"","meta":[],"product_brand":[],"product_cat":[892,24],"product_tag":[460],"class_list":{"0":"post-29252","1":"product","2":"type-product","3":"status-publish","4":"has-post-thumbnail","6":"product_cat-deco-enfant","7":"product_cat-trophees-tetes-animaux","8":"product_tag-latitude-fun","10":"first","11":"outofstock","12":"taxable","13":"shipping-taxable","14":"purchasable","15":"product-type-simple"},"_links":{"self":[{"href":"https:\/\/www.latitude31n.com\/fr\/wp-json\/wp\/v2\/product\/29252","targetHints":{"allow":["GET"]}}],"collection":[{"href":"https:\/\/www.latitude31n.com\/fr\/wp-json\/wp\/v2\/product"}],"about":[{"href":"https:\/\/www.latitude31n.com\/fr\/wp-json\/wp\/v2\/types\/product"}],"replies":[{"embeddable":true,"href":"https:\/\/www.latitude31n.com\/fr\/wp-json\/wp\/v2\/comments?post=29252"}],"wp:featuredmedia":[{"embeddable":true,"href":"https:\/\/www.latitude31n.com\/fr\/wp-json\/wp\/v2\/media\/34034"}],"wp:attachment":[{"href":"https:\/\/www.latitude31n.com\/fr\/wp-json\/wp\/v2\/media?parent=29252"}],"wp:term":[{"taxonomy":"product_brand","embeddable":true,"href":"https:\/\/www.latitude31n.com\/fr\/wp-json\/wp\/v2\/product_brand?post=29252"},{"taxonomy":"product_cat","embeddable":true,"href":"https:\/\/www.latitude31n.com\/fr\/wp-json\/wp\/v2\/product_cat?post=29252"},{"taxonomy":"product_tag","embeddable":true,"href":"https:\/\/www.latitude31n.com\/fr\/wp-json\/wp\/v2\/product_tag?post=29252"}],"curies":[{"name":"wp","href":"https:\/\/api.w.org\/{rel}","templated":true}]}}