{"id":28669,"date":"2024-08-28T18:41:29","date_gmt":"2024-08-28T17:41:29","guid":{"rendered":"https:\/\/www.latitude31n.com\/?post_type=product&#038;p=28669"},"modified":"2026-03-12T14:32:27","modified_gmt":"2026-03-12T13:32:27","slug":"panier-bebe","status":"publish","type":"product","link":"https:\/\/www.latitude31n.com\/fr\/deco-enfant\/panier-bebe\/","title":{"rendered":"Panier chambre b\u00e9b\u00e9"},"content":{"rendered":"<h2><strong>Panier d\u00e9co pour chambre b\u00e9b\u00e9 ou enfant<br \/>\n<\/strong><\/h2>\n<p>Un mignon petit panier \u00e0 poser sur la table \u00e0 langer ou la commode de la chambre de b\u00e9b\u00e9. Id\u00e9al pour ranger les petits accessoires de b\u00e9b\u00e9, comme les cotons, les couches, les lingettes, ou les nombreux petits accessoires dont on a besoin pour prendre soin de notre b\u00e9b\u00e9.<br \/>\n<a href=\"\/fr\/histoire\/les-partenaires\/\" target=\"_blank\" rel=\"noopener\">Hafsa<\/a>, notre charmante brodeuse, a brod\u00e9 de mignonnes petites t\u00eates d&rsquo;animal, un panda et une girafe aux couleurs tendres sur des paniers marocains en <a href=\"\/fr\/doum-presentation-conseils-entretien\/\" target=\"_blank\" rel=\"noopener\"><em>doum.<\/em><\/a> Le panier de rangement a \u00e9t\u00e9 doubl\u00e9 d&rsquo;un tissu lavable aux motifs fleuris.<\/p>\n<h2><strong>Panier brod\u00e9 d&rsquo;un animal : d\u00e9co pour enfant<br \/>\n<\/strong><\/h2>\n<p>Le panier de rangement pour b\u00e9b\u00e9 apporte une touche ludique et amusante dans la chambre de votre enfant. Fait main dans des mat\u00e9riaux naturels et durables, il est id\u00e9al pour entourer votre b\u00e9b\u00e9 de douceur et d&rsquo;originalit\u00e9.<\/p>\n<p>Vous aimerez aussi les <a href=\"\/fr\/deco-enfant\/petit-panier-enfant\/\" target=\"_blank\" rel=\"noopener\">petits paniers ronds pour enfant<\/a> ou <a href=\"\/fr\/deco-enfant\/mignons-paniers-chambre-denfant\/\" target=\"_blank\" rel=\"noopener\">le panier dodo avec couvercle<\/a>.<\/p>\n<p>Dimensions : 30x20xh16 cm<\/p>\n<p>Nos paniers marocains sont fabriqu\u00e9s et brod\u00e9s avec amour et talent mais peuvent tout de m\u00eame comporter des imperfections.<\/p>\n","protected":false},"excerpt":{"rendered":"<p>Panier de rangement pour la chambre du b\u00e9b\u00e9 :<\/p>\n<ul>\n<li>Rangement mignon et pratique<\/li>\n<li>Panda ou girafe<\/li>\n<li>30x20xh16 cm<\/li>\n<\/ul>\n","protected":false},"featured_media":28665,"comment_status":"open","ping_status":"closed","template":"","meta":[],"product_brand":[],"product_cat":[892,28,634],"product_tag":[],"class_list":{"0":"post-28669","1":"product","2":"type-product","3":"status-publish","4":"has-post-thumbnail","6":"product_cat-deco-enfant","7":"product_cat-paniers-rangements","8":"product_cat-teintes-naturelles","10":"first","11":"instock","12":"taxable","13":"shipping-taxable","14":"purchasable","15":"product-type-variable"},"_links":{"self":[{"href":"https:\/\/www.latitude31n.com\/fr\/wp-json\/wp\/v2\/product\/28669","targetHints":{"allow":["GET"]}}],"collection":[{"href":"https:\/\/www.latitude31n.com\/fr\/wp-json\/wp\/v2\/product"}],"about":[{"href":"https:\/\/www.latitude31n.com\/fr\/wp-json\/wp\/v2\/types\/product"}],"replies":[{"embeddable":true,"href":"https:\/\/www.latitude31n.com\/fr\/wp-json\/wp\/v2\/comments?post=28669"}],"wp:featuredmedia":[{"embeddable":true,"href":"https:\/\/www.latitude31n.com\/fr\/wp-json\/wp\/v2\/media\/28665"}],"wp:attachment":[{"href":"https:\/\/www.latitude31n.com\/fr\/wp-json\/wp\/v2\/media?parent=28669"}],"wp:term":[{"taxonomy":"product_brand","embeddable":true,"href":"https:\/\/www.latitude31n.com\/fr\/wp-json\/wp\/v2\/product_brand?post=28669"},{"taxonomy":"product_cat","embeddable":true,"href":"https:\/\/www.latitude31n.com\/fr\/wp-json\/wp\/v2\/product_cat?post=28669"},{"taxonomy":"product_tag","embeddable":true,"href":"https:\/\/www.latitude31n.com\/fr\/wp-json\/wp\/v2\/product_tag?post=28669"}],"curies":[{"name":"wp","href":"https:\/\/api.w.org\/{rel}","templated":true}]}}