{"id":27772,"date":"2024-06-28T15:44:34","date_gmt":"2024-06-28T14:44:34","guid":{"rendered":"https:\/\/www.latitude31n.com\/?post_type=product&#038;p=27772"},"modified":"2025-10-02T17:03:48","modified_gmt":"2025-10-02T16:03:48","slug":"panier-cheval","status":"publish","type":"product","link":"https:\/\/www.latitude31n.com\/fr\/deco-enfant\/panier-cheval\/","title":{"rendered":"Panier enfant &#8211; cheval"},"content":{"rendered":"<h2 data-sourcepos=\"3:1-3:47\"><strong>Un panier \u00e0 jouets original et rustique<\/strong><\/h2>\n<p data-sourcepos=\"5:1-5:143\"><strong>Ce panier enfant en forme de cheval<\/strong> est un ajout unique et charmant \u00e0 la chambre de tout enfant. Fabriqu\u00e9 \u00e0 la main \u00e0 partir de fibres de palmier doum, une plante locale marocaine, ce panier rustique est agr\u00e9ment\u00e9 d&rsquo;une t\u00eate de cheval sculpt\u00e9e qui le rend ultra d\u00e9coratif et original<\/p>\n<h3 class=\"\" data-sourcepos=\"7:1-7:49\"><strong>Id\u00e9e cadeau pour les amoureux des chevaux<\/strong><\/h3>\n<p data-sourcepos=\"9:1-9:114\">Ce panier est un cadeau id\u00e9al pour les enfants qui aiment les chevaux ou les animaux en g\u00e9n\u00e9ral. Ils adoreront son design amusant et inhabituel, et il est parfait pour ranger leurs jouets pr\u00e9f\u00e9r\u00e9s, les peluches ou les livres.<\/p>\n<p data-sourcepos=\"9:1-9:114\">Mais on peut tout aussi bien le poser dans une cuisine rustique dans sa maison de campagne ou la jouer d\u00e9cal\u00e9 en le mettant \u00e0 c\u00f4t\u00e9 de la chemin\u00e9e pour stocker son bois.<\/p>\n<h2 data-sourcepos=\"11:1-11:36\"><strong>Panier de rangement spacieux<\/strong><\/h2>\n<p data-sourcepos=\"13:1-13:255\">Ce panier offre un grand espace de rangement pour les jouets, les peluches, les livres ou tout autre objet que votre enfant souhaite ranger. L&rsquo;int\u00e9rieur du grand panier mesure environ 45x35x25 cm, tandis que\u00a0 le panier avec la t\u00eate de cheval et ses deux anses mesure 70 cm de long, 35\/40 cm de large et 50 cm de haut.<\/p>\n<h3 class=\"\" data-sourcepos=\"15:1-15:39\"><strong>Un panier \u00e0 jouets pratique et durable<\/strong><\/h3>\n<p data-sourcepos=\"17:1-17:186\">Ce panier est fabriqu\u00e9 \u00e0 la main par des artisans qualifi\u00e9s au Maroc, \u00e0 partir de mat\u00e9riaux naturels et durables. Il se nettoie facilement et gr\u00e2ce \u00e0 sa mati\u00e8re brut et r\u00e9sistante, durera pendant de nombreuses ann\u00e9es.<\/p>\n<p data-sourcepos=\"17:1-17:186\">Avis aux amateurs de chevaux : ne manquez pas notre<a href=\"\/fr\/deco-enfant\/panier-cheval\/\" target=\"_blank\" rel=\"noopener\">\u00a0troph\u00e9e t\u00eate de cheval<\/a> ou notre <a href=\"\/fr\/deco-enfant\/sculpture-cheval-tressee\/\" target=\"_blank\" rel=\"noopener\">sculpture cheval en paille<\/a>.<\/p>\n","protected":false},"excerpt":{"rendered":"<p><strong>Un panier \u00e0 jouets original en forme de cheval et une id\u00e9e de cadeau pour tous les amoureux des chevaux <\/strong>\ud83d\udc34<\/p>\n<ul data-sourcepos=\"5:1-5:49\">\n<li data-sourcepos=\"13:1-13:22\">Int\u00e9rieur du panier: 47x30x20cm (grande taille)<\/li>\n<li data-sourcepos=\"14:1-15:0\">Panier entier: 70x37x50cm (grande taille)<\/li>\n<li>Produit artisanal et durable<\/li>\n<li data-sourcepos=\"14:1-15:0\">En paille <a href=\"\/fr\/doum-presentation-conseils-entretien\/\"><em>doum<\/em><\/a><\/li>\n<\/ul>\n","protected":false},"featured_media":27687,"comment_status":"open","ping_status":"closed","template":"","meta":[],"product_brand":[],"product_cat":[892],"product_tag":[],"class_list":{"0":"post-27772","1":"product","2":"type-product","3":"status-publish","4":"has-post-thumbnail","6":"product_cat-deco-enfant","8":"first","9":"instock","10":"taxable","11":"shipping-taxable","12":"purchasable","13":"product-type-variable"},"_links":{"self":[{"href":"https:\/\/www.latitude31n.com\/fr\/wp-json\/wp\/v2\/product\/27772","targetHints":{"allow":["GET"]}}],"collection":[{"href":"https:\/\/www.latitude31n.com\/fr\/wp-json\/wp\/v2\/product"}],"about":[{"href":"https:\/\/www.latitude31n.com\/fr\/wp-json\/wp\/v2\/types\/product"}],"replies":[{"embeddable":true,"href":"https:\/\/www.latitude31n.com\/fr\/wp-json\/wp\/v2\/comments?post=27772"}],"wp:featuredmedia":[{"embeddable":true,"href":"https:\/\/www.latitude31n.com\/fr\/wp-json\/wp\/v2\/media\/27687"}],"wp:attachment":[{"href":"https:\/\/www.latitude31n.com\/fr\/wp-json\/wp\/v2\/media?parent=27772"}],"wp:term":[{"taxonomy":"product_brand","embeddable":true,"href":"https:\/\/www.latitude31n.com\/fr\/wp-json\/wp\/v2\/product_brand?post=27772"},{"taxonomy":"product_cat","embeddable":true,"href":"https:\/\/www.latitude31n.com\/fr\/wp-json\/wp\/v2\/product_cat?post=27772"},{"taxonomy":"product_tag","embeddable":true,"href":"https:\/\/www.latitude31n.com\/fr\/wp-json\/wp\/v2\/product_tag?post=27772"}],"curies":[{"name":"wp","href":"https:\/\/api.w.org\/{rel}","templated":true}]}}