{"id":27653,"date":"2024-06-21T13:08:42","date_gmt":"2024-06-21T12:08:42","guid":{"rendered":"https:\/\/www.latitude31n.com\/?post_type=product&#038;p=27653"},"modified":"2025-10-30T16:28:25","modified_gmt":"2025-10-30T15:28:25","slug":"echelle-noire","status":"publish","type":"product","link":"https:\/\/www.latitude31n.com\/fr\/decoration-maison\/objets-decoratifs\/echelle-noire\/","title":{"rendered":"Echelle noire d\u00e9corative"},"content":{"rendered":"<h2>\u00c9chelle noire salle de bains<\/h2>\n<p>Notre <a href=\"\/fr\/decoration-maison\/objets-decoratifs\/echelle-decorative-en-bois\/\"><strong>\u00e9chelle d\u00e9corative marocaine<\/strong><\/a>, \u00e0 l&rsquo;authentique look tordu, est peinte en noir pour une touche contemporaine tout en gardant le charme du fait main.<\/p>\n<p>L&rsquo;\u00e9chelle porte-serviettes est un <strong>objet d\u00e9co<\/strong> \u00e0 la fois <strong>fonctionnel et esth\u00e9tique. <\/strong>A poser contre un mur, l&rsquo;\u00e9chelle en bois accueille serviettes, plaids, \u00e9charpes, guirlandes ou baladeuses, v\u00eatements, plantes suspendues, magazines, cadres photo&#8230; les usages sont multiples, faites appel \u00e0 votre cr\u00e9ativit\u00e9.<\/p>\n<p>J&rsquo;ai par exemple utilis\u00e9 le mod\u00e8le clair en guise <a href=\"\/fr\/deco-noel-boheme\/\" target=\"_blank\" rel=\"noopener\">d&rsquo;\u00e9chelle sapin de No\u00ebl<\/a>, un d\u00e9tournement sympa et \u00e9cologique. On peut faire la m\u00eame chose avec l&rsquo;\u00e9chelle noire et la jouer design et contrast\u00e9. Vous pouvez m\u00eame la laisser dehors comme support pour une plante grimpante.<\/p>\n<h2>Echelle en bois peinte en noir<\/h2>\n<p><strong>L&rsquo;\u00e9chelle noire d\u00e9corative<\/strong> personnalise et compl\u00e8te une d\u00e9coration. Son design minimaliste et \u00e9pur\u00e9 s&rsquo;int\u00e8gre parfaitement \u00e0 tous les styles d&rsquo;int\u00e9rieurs, du boh\u00e8me au contemporain. Associez-la \u00e0 un canap\u00e9 moelleux et \u00e0 des coussins douillets pour cr\u00e9er une ambiance cosy et chaleureuse dans votre salon. Disposez-la dans un coin de votre chambre pour y ranger vos v\u00eatements ou \u00e0 c\u00f4t\u00e9 d&rsquo;une \u00e9tag\u00e8re pour mettre en valeur vos objets d\u00e9coratifs pr\u00e9f\u00e9r\u00e9s.<\/p>\n<p>Dimensions : 150x42cm<\/p>\n<p>Issue de l&rsquo;artisanat marocain, l&rsquo;\u00e9chelle marocaine peut comporter certaines imperfections qui garantissent son authenticit\u00e9 et ajoutent au charme de l&rsquo;objet.<\/p>\n","protected":false},"excerpt":{"rendered":"<p>Notre typique \u00e9chelle marocaine\u00a0arbore un look tordu authentique peint en noir pour une touche <strong>contemporaine et \u00e9l\u00e9gante<\/strong>.<\/p>\n<ul>\n<li>hauteur 1.50m<\/li>\n<li>artisanal<\/li>\n<li>en bois de laurier ou d&rsquo;eucalyptus<\/li>\n<li>noir mat<\/li>\n<\/ul>\n<p>L&rsquo;avis de Marl\u00e8ne : \u00ab\u00a0Et surtout j\u2019aime beaucoup ses irr\u00e9gularit\u00e9s qui la rende singuli\u00e8re et fasse ressortir le charme artisanal.\u00a0\u00bb<\/p>\n","protected":false},"featured_media":27645,"comment_status":"open","ping_status":"closed","template":"","meta":[],"product_brand":[],"product_cat":[473,467],"product_tag":[81,899,294,293],"class_list":{"0":"post-27653","1":"product","2":"type-product","3":"status-publish","4":"has-post-thumbnail","6":"product_cat-objets-decoratifs","7":"product_cat-decoration-maison","8":"product_tag-bambou","9":"product_tag-no-us","10":"product_tag-portant","11":"product_tag-porte-plantes","13":"first","14":"instock","15":"taxable","16":"shipping-taxable","17":"purchasable","18":"product-type-simple"},"_links":{"self":[{"href":"https:\/\/www.latitude31n.com\/fr\/wp-json\/wp\/v2\/product\/27653","targetHints":{"allow":["GET"]}}],"collection":[{"href":"https:\/\/www.latitude31n.com\/fr\/wp-json\/wp\/v2\/product"}],"about":[{"href":"https:\/\/www.latitude31n.com\/fr\/wp-json\/wp\/v2\/types\/product"}],"replies":[{"embeddable":true,"href":"https:\/\/www.latitude31n.com\/fr\/wp-json\/wp\/v2\/comments?post=27653"}],"wp:featuredmedia":[{"embeddable":true,"href":"https:\/\/www.latitude31n.com\/fr\/wp-json\/wp\/v2\/media\/27645"}],"wp:attachment":[{"href":"https:\/\/www.latitude31n.com\/fr\/wp-json\/wp\/v2\/media?parent=27653"}],"wp:term":[{"taxonomy":"product_brand","embeddable":true,"href":"https:\/\/www.latitude31n.com\/fr\/wp-json\/wp\/v2\/product_brand?post=27653"},{"taxonomy":"product_cat","embeddable":true,"href":"https:\/\/www.latitude31n.com\/fr\/wp-json\/wp\/v2\/product_cat?post=27653"},{"taxonomy":"product_tag","embeddable":true,"href":"https:\/\/www.latitude31n.com\/fr\/wp-json\/wp\/v2\/product_tag?post=27653"}],"curies":[{"name":"wp","href":"https:\/\/api.w.org\/{rel}","templated":true}]}}