{"id":27278,"date":"2024-05-29T12:26:33","date_gmt":"2024-05-29T11:26:33","guid":{"rendered":"https:\/\/www.latitude31n.com\/non%20class\u00e9\/grand-vase-tresse-naturel-copy\/"},"modified":"2025-05-05T00:13:34","modified_gmt":"2025-05-04T23:13:34","slug":"vase-tresse","status":"publish","type":"product","link":"https:\/\/www.latitude31n.com\/fr\/decoration-maison\/vases-cache-pots\/vase-tresse\/","title":{"rendered":"Vase en osier"},"content":{"rendered":"<h2>Vases tress\u00e9s pour d\u00e9co boh\u00e8me<\/h2>\n<p>Fabriqu\u00e9 en <a href=\"\/fr\/doum-presentation-conseils-entretien\/\" target=\"_blank\" rel=\"noopener\"><em>doum<\/em><\/a>, une fibre v\u00e9g\u00e9tale naturelle originaire du Maroc, ce panier est parfait pour accueillir vos plus belles fleurs ou plantes. Son style rustique et authentique en fait un \u00e9l\u00e9ment de d\u00e9coration id\u00e9al pour cr\u00e9er un point d&rsquo;int\u00e9r\u00eat dans un coin ou une entr\u00e9e vide.<\/p>\n<h2>Vase d\u00e9coratif pour fleurs s\u00e9ch\u00e9es, branches<\/h2>\n<p data-sourcepos=\"5:1-5:75\">Ce vase \u00e0 la forme trapu de bonbonne vous permet de mettre en valeur vos compositions florales, qu&rsquo;elles soient compos\u00e9es de fleurs s\u00e9ch\u00e9es ou fra\u00eeches. Vous pouvez \u00e9galement l&rsquo;utiliser seul ou pour pr\u00e9senter des branches, des bambous ou des balais en palmier.<\/p>\n<p data-sourcepos=\"7:1-7:112\">Laissez libre cours \u00e0 votre imagination et cr\u00e9ez des arrangements uniques qui refl\u00e8tent votre personnalit\u00e9 !<\/p>\n<p>Dimensions : S = h40cm, M = h55cm, L = h70 cm, XL = \u00f860xh45 cm<br \/>\nSur commande en version XXL 100 ou\u00a0 g\u00e9ante 120cm<\/p>\n<p>C&rsquo;est un produit artisanal enti\u00e8rement fait main qui peut pr\u00e9senter certaines imperfections qui sont la garantie de son authenticit\u00e9 et du travail artisanal.<\/p>\n","protected":false},"excerpt":{"rendered":"<p>Osez la nature dans votre salon et cr\u00e9ez une ambiance chaleureuse et accueillante avec ce vase amphore tress\u00e9 \u00e0 la main.<\/p>\n<p>Visitez notre instagram pour voir <a href=\"https:\/\/www.instagram.com\/reel\/CstvYv6A7Yv\/\" target=\"_blank\" rel=\"noopener\">comment est fabriqu\u00e9 ce vase<\/a>.<\/p>\n","protected":false},"featured_media":24937,"comment_status":"open","ping_status":"closed","template":"","meta":[],"product_brand":[],"product_cat":[471,467],"product_tag":[462,80,300,79],"class_list":{"0":"post-27278","1":"product","2":"type-product","3":"status-publish","4":"has-post-thumbnail","6":"product_cat-vases-cache-pots","7":"product_cat-decoration-maison","8":"product_tag-latitude-naturelle","9":"product_tag-osier","10":"product_tag-paille","11":"product_tag-rotin","13":"first","14":"instock","15":"taxable","16":"shipping-taxable","17":"purchasable","18":"product-type-variable"},"_links":{"self":[{"href":"https:\/\/www.latitude31n.com\/fr\/wp-json\/wp\/v2\/product\/27278","targetHints":{"allow":["GET"]}}],"collection":[{"href":"https:\/\/www.latitude31n.com\/fr\/wp-json\/wp\/v2\/product"}],"about":[{"href":"https:\/\/www.latitude31n.com\/fr\/wp-json\/wp\/v2\/types\/product"}],"replies":[{"embeddable":true,"href":"https:\/\/www.latitude31n.com\/fr\/wp-json\/wp\/v2\/comments?post=27278"}],"wp:featuredmedia":[{"embeddable":true,"href":"https:\/\/www.latitude31n.com\/fr\/wp-json\/wp\/v2\/media\/24937"}],"wp:attachment":[{"href":"https:\/\/www.latitude31n.com\/fr\/wp-json\/wp\/v2\/media?parent=27278"}],"wp:term":[{"taxonomy":"product_brand","embeddable":true,"href":"https:\/\/www.latitude31n.com\/fr\/wp-json\/wp\/v2\/product_brand?post=27278"},{"taxonomy":"product_cat","embeddable":true,"href":"https:\/\/www.latitude31n.com\/fr\/wp-json\/wp\/v2\/product_cat?post=27278"},{"taxonomy":"product_tag","embeddable":true,"href":"https:\/\/www.latitude31n.com\/fr\/wp-json\/wp\/v2\/product_tag?post=27278"}],"curies":[{"name":"wp","href":"https:\/\/api.w.org\/{rel}","templated":true}]}}