{"id":27172,"date":"2024-05-17T15:26:58","date_gmt":"2024-05-17T14:26:58","guid":{"rendered":"https:\/\/www.latitude31n.com\/?post_type=product&#038;p=27172"},"modified":"2026-01-19T12:45:44","modified_gmt":"2026-01-19T11:45:44","slug":"suspension-crochet","status":"publish","type":"product","link":"https:\/\/www.latitude31n.com\/fr\/luminaires\/suspension-crochet\/","title":{"rendered":"Lampe crochet \u00e0 suspendre"},"content":{"rendered":"<h2>Suspensions crochet Maroc<\/h2>\n<p>Jolies suspensions simples et classiques au look japonisant. Le luminaire est compos\u00e9 d&rsquo;un large anneau m\u00e9tallique autour duquel des femmes artisanes croch\u00e8tent \u00e0 la main une solide corde en viscose (appel\u00e9e <em>keytan<\/em>). Ce mat\u00e9riau local est utilis\u00e9 dans la fabrication des kaftans. Il est disponible dans une vari\u00e9t\u00e9 de coloris et a \u00e9t\u00e9 d\u00e9tourn\u00e9 par les artisans du mobilier et des luminaires pour cr\u00e9er de nouveaux objets et designs.<br \/>\nLeur look classique et contemporain s&rsquo;accorde ais\u00e9ment dans tout int\u00e9rieur.<\/p>\n<h2>Un look chic et contemporain<\/h2>\n<p>Inspir\u00e9e par le design japonais, le lustre en crochet marie subtilement la discr\u00e9tion \u00e0 une pr\u00e9sence captivante. Son \u00e9l\u00e9gance intemporelle illumine votre espace d&rsquo;une touche raffin\u00e9e. La suspension beige est classique et s&rsquo;adapte \u00e0 tout espace. La jaune a des \u00e9clats dor\u00e9s et illuminera votre int\u00e9rieur.<\/p>\n<p>Dimensions :<br \/>\nJaune dor\u00e9e : \u00f845xh70 cm<br \/>\nBeige : \u00f840xh60 cm<br \/>\nEcrue\/dor\u00e9e : \u00f845xh60cm<\/p>\n<p>La suspension est livr\u00e9e sans syst\u00e8me \u00e9lectrique. Nous vous conseillons d&rsquo;utiliser une ampoule LED et d&rsquo;installer l&rsquo;ampoule dans la partie la plus large de la lampe. La mati\u00e8re est souple, on peut l\u00e9g\u00e8rement l&rsquo;allonger ou la r\u00e9tr\u00e9cir selon le look qu&rsquo;on veut lui donner.<br \/>\nUne anse est pr\u00e9vue pour l&rsquo;accrocher. Pour plus de conseils, vous pouvez consulter notre <a href=\"\/fr\/installer-suspension-paille\/\" target=\"_blank\" rel=\"noopener\">article sur les diff\u00e9rentes m\u00e9thodes d&rsquo;accroche de nos suspensions<\/a>.<\/p>\n<p>La lampe crochet est une r\u00e9alisation artisanale. Elle peut comporter certaines imperfections qui garantissent son authenticit\u00e9 et font partie de son charme.<\/p>\n","protected":false},"excerpt":{"rendered":"<p>D\u00e9couvrez nos lampes en crochet \u00e0 la forme classique d&rsquo;inspiration japonaise, au look intemporel. Elles apportent du style \u00e0 une d\u00e9co.<\/p>\n<ul>\n<li>Possibilit\u00e9 de les r\u00e9aliser dans d&rsquo;autres teintes sur commande<\/li>\n<li>En corde de viscose<\/li>\n<li>Les mod\u00e8les diff\u00e9rent mais sont d&rsquo;environ \u00f840\/45 cm sur h60\/70 cm<\/li>\n<\/ul>\n","protected":false},"featured_media":27184,"comment_status":"open","ping_status":"closed","template":"","meta":[],"product_brand":[],"product_cat":[22,598],"product_tag":[],"class_list":{"0":"post-27172","1":"product","2":"type-product","3":"status-publish","4":"has-post-thumbnail","6":"product_cat-luminaires","7":"product_cat-soldes","9":"first","10":"instock","11":"sale","12":"taxable","13":"shipping-taxable","14":"purchasable","15":"product-type-variable"},"_links":{"self":[{"href":"https:\/\/www.latitude31n.com\/fr\/wp-json\/wp\/v2\/product\/27172","targetHints":{"allow":["GET"]}}],"collection":[{"href":"https:\/\/www.latitude31n.com\/fr\/wp-json\/wp\/v2\/product"}],"about":[{"href":"https:\/\/www.latitude31n.com\/fr\/wp-json\/wp\/v2\/types\/product"}],"replies":[{"embeddable":true,"href":"https:\/\/www.latitude31n.com\/fr\/wp-json\/wp\/v2\/comments?post=27172"}],"wp:featuredmedia":[{"embeddable":true,"href":"https:\/\/www.latitude31n.com\/fr\/wp-json\/wp\/v2\/media\/27184"}],"wp:attachment":[{"href":"https:\/\/www.latitude31n.com\/fr\/wp-json\/wp\/v2\/media?parent=27172"}],"wp:term":[{"taxonomy":"product_brand","embeddable":true,"href":"https:\/\/www.latitude31n.com\/fr\/wp-json\/wp\/v2\/product_brand?post=27172"},{"taxonomy":"product_cat","embeddable":true,"href":"https:\/\/www.latitude31n.com\/fr\/wp-json\/wp\/v2\/product_cat?post=27172"},{"taxonomy":"product_tag","embeddable":true,"href":"https:\/\/www.latitude31n.com\/fr\/wp-json\/wp\/v2\/product_tag?post=27172"}],"curies":[{"name":"wp","href":"https:\/\/api.w.org\/{rel}","templated":true}]}}