{"id":2701,"date":"2021-06-02T15:21:28","date_gmt":"2021-06-02T14:21:28","guid":{"rendered":"https:\/\/www.latitude31n.com\/?post_type=product&#038;p=2701"},"modified":"2026-04-23T13:33:16","modified_gmt":"2026-04-23T12:33:16","slug":"tabouret-marocain-cuir-naturel","status":"publish","type":"product","link":"https:\/\/www.latitude31n.com\/fr\/assises-petit-mobilier\/bancs-tabourets\/tabouret-marocain-cuir-naturel\/","title":{"rendered":"Tabouret en cuir et bois clair"},"content":{"rendered":"<h2>Petit tabouret marocain en cuir<\/h2>\n<p>Tabouret avec pieds en bois de laurier (presque blanc) et assise en cuir tress\u00e9 serr\u00e9. Il est de tr\u00e8s belle qualit\u00e9, soigneusement r\u00e9alis\u00e9 par un artisan amoureux du beau travail. Le bois est sans asp\u00e9rit\u00e9s, lisse et doux, et le travail de tressage est magnifique. Le cuir est naturel, non trait\u00e9.<\/p>\n<h2><strong>Le tabouret classique version luxe<\/strong><\/h2>\n<p>Tout comme son petit fr\u00e8re tress\u00e9 en paille, le petit tabouret cuir se pose facilement en table de chevet, coin de canap\u00e9 ou comme assise suppl\u00e9mentaire&#8230; <strong>un indispensable pour ajouter une touche naturelle et design<\/strong> \u00e0 tout int\u00e9rieur. Pour en savoir plus sur le tabouret berb\u00e8re, ses variations et les possibles utilisations, consultez notre <a href=\"\/fr\/tabouret-berbere-beldi\/\" target=\"_blank\" rel=\"noopener\">article sur les tabourets marocains<\/a>.<\/p>\n<p>Pourquoi je l&rsquo;aime :<\/p>\n<p><strong><em>il est simple et \u00e9l\u00e9gant \u00e0 la fois, un travail d&rsquo;une qualit\u00e9 remarquable.<\/em><\/strong><\/p>\n<p>Existe en version <a href=\"\/fr\/assises-petit-mobilier\/bancs-tabourets\/banc-tressee-cuir\/\" target=\"_blank\" rel=\"noopener\">banc<\/a>.<\/p>\n<p>Le cuir est totalement naturel, et n&rsquo;a pas toujours la m\u00eame couleur, selon la patine, l&rsquo;\u00e2ge du tabouret, le temps qu&rsquo;ils ont pass\u00e9 au soleil. Tous ces \u00e9l\u00e9ments jouent sur la teinte du cuir. Une chose est s\u00fbre : <strong>il prendra une magnifique patine au fil du temps<\/strong>.<\/p>\n<p>Dimensions :<\/p>\n<p>32x32xh30cm et 32x32xh40cm. Possibilit\u00e9 de r\u00e9alisation sur mesure.<\/p>\n<p>C&rsquo;est un si\u00e8ge artisanal, enti\u00e8rement fabriqu\u00e9 au Maroc, qui peut comporter certaines imperfections qui sont la garantie de son authenticit\u00e9.<\/p>\n<p>&nbsp;<\/p>\n","protected":false},"excerpt":{"rendered":"<p>Notre petit tabouret en cuir tress\u00e9 n&rsquo;a pas son pareil pour ajouter une touche naturelle et design \u00e0 tout int\u00e9rieur.<\/p>\n<ul>\n<li>Fabrication artisanale de qualit\u00e9<\/li>\n<li>Bois brut : laurier ou eucalyptus (couleur tr\u00e8s claire)<\/li>\n<li>Cuir naturel nude<\/li>\n<li>H30 ou 40 cm<\/li>\n<li>Possibilit\u00e9 de fabrication sur mesure<\/li>\n<\/ul>\n","protected":false},"featured_media":2712,"comment_status":"open","ping_status":"closed","template":"","meta":[],"product_brand":[],"product_cat":[501,34],"product_tag":[464,899],"class_list":{"0":"post-2701","1":"product","2":"type-product","3":"status-publish","4":"has-post-thumbnail","6":"product_cat-bancs-tabourets","7":"product_cat-assises-petit-mobilier","8":"product_tag-latitude-soft","9":"product_tag-no-us","11":"first","12":"instock","13":"taxable","14":"shipping-taxable","15":"purchasable","16":"product-type-variable"},"_links":{"self":[{"href":"https:\/\/www.latitude31n.com\/fr\/wp-json\/wp\/v2\/product\/2701","targetHints":{"allow":["GET"]}}],"collection":[{"href":"https:\/\/www.latitude31n.com\/fr\/wp-json\/wp\/v2\/product"}],"about":[{"href":"https:\/\/www.latitude31n.com\/fr\/wp-json\/wp\/v2\/types\/product"}],"replies":[{"embeddable":true,"href":"https:\/\/www.latitude31n.com\/fr\/wp-json\/wp\/v2\/comments?post=2701"}],"wp:featuredmedia":[{"embeddable":true,"href":"https:\/\/www.latitude31n.com\/fr\/wp-json\/wp\/v2\/media\/2712"}],"wp:attachment":[{"href":"https:\/\/www.latitude31n.com\/fr\/wp-json\/wp\/v2\/media?parent=2701"}],"wp:term":[{"taxonomy":"product_brand","embeddable":true,"href":"https:\/\/www.latitude31n.com\/fr\/wp-json\/wp\/v2\/product_brand?post=2701"},{"taxonomy":"product_cat","embeddable":true,"href":"https:\/\/www.latitude31n.com\/fr\/wp-json\/wp\/v2\/product_cat?post=2701"},{"taxonomy":"product_tag","embeddable":true,"href":"https:\/\/www.latitude31n.com\/fr\/wp-json\/wp\/v2\/product_tag?post=2701"}],"curies":[{"name":"wp","href":"https:\/\/api.w.org\/{rel}","templated":true}]}}