{"id":26640,"date":"2024-05-01T15:59:35","date_gmt":"2024-05-01T14:59:35","guid":{"rendered":"https:\/\/www.latitude31n.com\/non%20class\u00e9\/suspension-crochet-ajouree-copy\/"},"modified":"2025-04-11T13:07:52","modified_gmt":"2025-04-11T12:07:52","slug":"lampe-crochet-longue","status":"publish","type":"product","link":"https:\/\/www.latitude31n.com\/fr\/luminaires\/lampe-crochet-longue\/","title":{"rendered":"Lampe crochet allong\u00e9e"},"content":{"rendered":"<h2><strong>Lampe au crochet : une touche artisanale et boh\u00e8me pour votre int\u00e9rieur<\/strong><\/h2>\n<p>D\u00e9couvrez notre <strong>longue suspension crochet<\/strong>, une pi\u00e8ce unique et authentique, fabriqu\u00e9e \u00e0 la main par au Maroc. Cette suspension, au design minimaliste et contemporain, apportera une touche boh\u00e8me et chic \u00e0 votre d\u00e9coration int\u00e9rieure.<\/p>\n<p>Sa taille longue et \u00e9troite en fait une suspension id\u00e9ale pour de hauts plafonds ou pour cr\u00e9er un effet visuel fort. On peut \u00e9galement l&rsquo;utiliser comme lampe de chevet. Elle ne manquera pas de cr\u00e9er un point focal dans votre chambre \u00e0 coucher, et diffusera une lumi\u00e8re douce et tamis\u00e9e, cr\u00e9ant une ambiance propice \u00e0 la relaxation.<\/p>\n<p>D\u00e9couvrez \u00e9galement nos <a href=\"\/fr\/luminaires\/suspension-crochet-ajouree\/\" target=\"_blank\" rel=\"noopener\">suspensions crochet ajour\u00e9es<\/a> en petite taille pour chevet ou petits espaces, et la classique <a href=\"\/fr\/luminaires\/lampe-crochet\/\" target=\"_blank\" rel=\"noopener\">lampe crochet<\/a> au look japonisant.<\/p>\n<h2 data-sourcepos=\"19:1-19:38\">Un savoir-faire artisanal f\u00e9minin<\/h2>\n<p data-sourcepos=\"21:1-21:247\">Tress\u00e9e avec soin \u00e0 partir de corde locale (provenant de l&rsquo;artisanat des kaftans), cette lampe en crochet pr\u00e9sente un tressage d\u00e9licat et raffin\u00e9 qui saura mettre en valeur vos espaces. Disponible en plusieurs couleurs (sur commande), elle s&rsquo;adaptera parfaitement \u00e0 votre style et \u00e0 l&rsquo;ambiance de votre pi\u00e8ce.<\/p>\n<p data-sourcepos=\"21:1-21:247\">Chaque suspension crochet ajour\u00e9e est r\u00e9alis\u00e9e par des femmes artisans au Maroc. En choisissant cette lampe, vous soutenez l&rsquo;artisanat f\u00e9minin et contribuez \u00e0 l&rsquo;autonomie des femmes et \u00e0 la pr\u00e9servation de ce savoir-faire unique.<\/p>\n<p data-sourcepos=\"21:1-21:247\">Dimensions : \u230025xh110cm<\/p>\n<h2 data-sourcepos=\"25:1-25:47\">Une suspension originale et tendance<\/h2>\n<p data-sourcepos=\"27:1-27:233\">Notre suspension crochet ajour\u00e9e est une pi\u00e8ce unique.<br \/>\nPossibilit\u00e9 de la commander sur mesure, en choisissant la couleur et la taille qui correspondent le mieux \u00e0 vos besoins.<br \/>\nD\u00e9lai de fabrication : environ 15 jours pour une petite quantit\u00e9.<\/p>\n<p data-sourcepos=\"27:1-27:233\">Notre lampe en crochet est artisanale et peut comporter certaines imperfections qui garantissent son authenticit\u00e9 et font partie de son charme.<br \/>\nLe luminaire ne comporte pas de syst\u00e8me \u00e9lectrique. Une anse est pr\u00e9vue pour l&rsquo;accrocher. Pour plus de conseils, vous pouvez consulter notre <a href=\"\/fr\/installer-suspension-paille\/\" target=\"_blank\" rel=\"noopener\">article sur les diff\u00e9rentes m\u00e9thodes d&rsquo;accroche de nos suspensions<\/a>.<\/p>\n","protected":false},"excerpt":{"rendered":"<p>La suspension en crochet : une touche contemporaine, un design minimaliste et le charme du fait main.<\/p>\n<ul>\n<li data-sourcepos=\"29:1-29:62\">Dimensions : \u230025xh110cm<\/li>\n<li data-sourcepos=\"29:1-29:62\">En corde de viscose <em>keytan<\/em><\/li>\n<li data-sourcepos=\"29:1-29:62\">Travail artisanal f\u00e9minin<\/li>\n<li data-sourcepos=\"29:1-29:62\">Possibilit\u00e9 de commander sur mesure, taille et couleur<\/li>\n<\/ul>\n","protected":false},"featured_media":26651,"comment_status":"open","ping_status":"closed","template":"","meta":[],"product_brand":[],"product_cat":[22],"product_tag":[461],"class_list":{"0":"post-26640","1":"product","2":"type-product","3":"status-publish","4":"has-post-thumbnail","6":"product_cat-luminaires","7":"product_tag-latitude-lumineuse","9":"first","10":"instock","11":"taxable","12":"shipping-taxable","13":"purchasable","14":"product-type-variable"},"_links":{"self":[{"href":"https:\/\/www.latitude31n.com\/fr\/wp-json\/wp\/v2\/product\/26640","targetHints":{"allow":["GET"]}}],"collection":[{"href":"https:\/\/www.latitude31n.com\/fr\/wp-json\/wp\/v2\/product"}],"about":[{"href":"https:\/\/www.latitude31n.com\/fr\/wp-json\/wp\/v2\/types\/product"}],"replies":[{"embeddable":true,"href":"https:\/\/www.latitude31n.com\/fr\/wp-json\/wp\/v2\/comments?post=26640"}],"wp:featuredmedia":[{"embeddable":true,"href":"https:\/\/www.latitude31n.com\/fr\/wp-json\/wp\/v2\/media\/26651"}],"wp:attachment":[{"href":"https:\/\/www.latitude31n.com\/fr\/wp-json\/wp\/v2\/media?parent=26640"}],"wp:term":[{"taxonomy":"product_brand","embeddable":true,"href":"https:\/\/www.latitude31n.com\/fr\/wp-json\/wp\/v2\/product_brand?post=26640"},{"taxonomy":"product_cat","embeddable":true,"href":"https:\/\/www.latitude31n.com\/fr\/wp-json\/wp\/v2\/product_cat?post=26640"},{"taxonomy":"product_tag","embeddable":true,"href":"https:\/\/www.latitude31n.com\/fr\/wp-json\/wp\/v2\/product_tag?post=26640"}],"curies":[{"name":"wp","href":"https:\/\/api.w.org\/{rel}","templated":true}]}}