{"id":26540,"date":"2024-04-26T14:22:20","date_gmt":"2024-04-26T13:22:20","guid":{"rendered":"https:\/\/www.latitude31n.com\/?post_type=product&#038;p=26540"},"modified":"2025-05-30T16:18:17","modified_gmt":"2025-05-30T15:18:17","slug":"suspension-noire-tressee","status":"publish","type":"product","link":"https:\/\/www.latitude31n.com\/fr\/luminaires\/suspension-noire-tressee\/","title":{"rendered":"Suspension noire tress\u00e9e"},"content":{"rendered":"<h2>Grande suspension noire : une touche moderne et design<\/h2>\n<p>Notre grande suspension noire tress\u00e9e est le fruit du savoir-faire artisanal marocain, revisit\u00e9 dans un design r\u00e9solument moderne. Il est fabriqu\u00e9 \u00e0 la main, d&rsquo;un tressage lin\u00e9aire sur une armature en m\u00e9tal.<\/p>\n<p>Le tressage a\u00e9r\u00e9 de notre lustre tress\u00e9 laisse passer la lumi\u00e8re de mani\u00e8re subtile, cr\u00e9ant une ambiance chaleureuse et tamis\u00e9e. Les lignes simples du tressage se projettent sur les murs et le plafond, dessinant des jeux d&rsquo;ombres et de lumi\u00e8re fascinants.<\/p>\n<h2>Luminaire d\u00e9co \u00e0 l&rsquo;\u00e9l\u00e9gance contemporaine<\/h2>\n<p>Avec son diam\u00e8tre de 1 m\u00e8tre et sa forme plate inspir\u00e9e d&rsquo;un chapeau revisit\u00e9 dans une approche minimaliste, notre grande suspension noire ne manquera pas de faire sensation dans votre int\u00e9rieur. Sa pr\u00e9sence imposante et son look r\u00e9solument moderne en font un \u00e9l\u00e9ment d\u00e9coratif \u00e0 part enti\u00e8re qui sublimera votre d\u00e9coration avec une touche graphique ind\u00e9niable. Elle s&rsquo;inspire librement de la suspension Vertigo des designers Petite Friture.<\/p>\n<h2>Suspension design de grande taille<\/h2>\n<p>Notre grande suspension noire est parfaite pour les grandes pi\u00e8ces comme les salons, les salles \u00e0 manger ou les halls d&rsquo;entr\u00e9e. Elle peut \u00e9galement \u00eatre utilis\u00e9e pour cr\u00e9er un effet visuel saisissant dans un coin de votre pi\u00e8ce ou au-dessus d&rsquo;une table \u00e0 manger, pour un look affirm\u00e9 et tendance.<\/p>\n<p>Dimensions : 1m<\/p>\n<p>Notre suspension est r\u00e9alis\u00e9e artisanalement et peut comporter certaines imperfections qui garantissent son authenticit\u00e9. Elle poss\u00e8de une bague pour une installation ais\u00e9e. Pour plus de conseils, veuillez consulter notre article sur l<a href=\"\/fr\/installer-suspension-paille\/\" target=\"_blank\" rel=\"noopener\">&lsquo;installation des suspensions tress\u00e9s<\/a>.<\/p>\n<p>&nbsp;<\/p>\n","protected":false},"excerpt":{"rendered":"<p>Notre suspension noire design attire tous les regards et sublime votre d\u00e9co avec une touche d&rsquo;\u00e9l\u00e9gance contemporaine.<\/p>\n<p>Mati\u00e8re : corde noire, armature en m\u00e9tal<br \/>\nDimensions : \u00f8 100cm<\/p>\n","protected":false},"featured_media":26549,"comment_status":"open","ping_status":"closed","template":"","meta":[],"product_brand":[],"product_cat":[22],"product_tag":[461],"class_list":{"0":"post-26540","1":"product","2":"type-product","3":"status-publish","4":"has-post-thumbnail","6":"product_cat-luminaires","7":"product_tag-latitude-lumineuse","9":"first","10":"outofstock","11":"taxable","12":"shipping-taxable","13":"purchasable","14":"product-type-simple"},"_links":{"self":[{"href":"https:\/\/www.latitude31n.com\/fr\/wp-json\/wp\/v2\/product\/26540","targetHints":{"allow":["GET"]}}],"collection":[{"href":"https:\/\/www.latitude31n.com\/fr\/wp-json\/wp\/v2\/product"}],"about":[{"href":"https:\/\/www.latitude31n.com\/fr\/wp-json\/wp\/v2\/types\/product"}],"replies":[{"embeddable":true,"href":"https:\/\/www.latitude31n.com\/fr\/wp-json\/wp\/v2\/comments?post=26540"}],"wp:featuredmedia":[{"embeddable":true,"href":"https:\/\/www.latitude31n.com\/fr\/wp-json\/wp\/v2\/media\/26549"}],"wp:attachment":[{"href":"https:\/\/www.latitude31n.com\/fr\/wp-json\/wp\/v2\/media?parent=26540"}],"wp:term":[{"taxonomy":"product_brand","embeddable":true,"href":"https:\/\/www.latitude31n.com\/fr\/wp-json\/wp\/v2\/product_brand?post=26540"},{"taxonomy":"product_cat","embeddable":true,"href":"https:\/\/www.latitude31n.com\/fr\/wp-json\/wp\/v2\/product_cat?post=26540"},{"taxonomy":"product_tag","embeddable":true,"href":"https:\/\/www.latitude31n.com\/fr\/wp-json\/wp\/v2\/product_tag?post=26540"}],"curies":[{"name":"wp","href":"https:\/\/api.w.org\/{rel}","templated":true}]}}