{"id":26290,"date":"2024-04-19T19:50:02","date_gmt":"2024-04-19T18:50:02","guid":{"rendered":"https:\/\/www.latitude31n.com\/?post_type=product&#038;p=26290"},"modified":"2026-01-29T17:04:38","modified_gmt":"2026-01-29T16:04:38","slug":"suspension-crochet-ajouree","status":"publish","type":"product","link":"https:\/\/www.latitude31n.com\/fr\/luminaires\/suspension-crochet-ajouree\/","title":{"rendered":"Suspension crochet ajour\u00e9e"},"content":{"rendered":"<h2><strong>Suspension au crochet : une touche artisanale et boh\u00e8me pour votre int\u00e9rieur<\/strong><\/h2>\n<p>D\u00e9couvrez notre suspension crochet ajour\u00e9e, une pi\u00e8ce unique et authentique, fabriqu\u00e9e \u00e0 la main par des artisans marocains. Cette suspension, au design minimaliste et contemporain, apportera une touche boh\u00e8me et chic \u00e0 votre d\u00e9coration int\u00e9rieure.<\/p>\n<p>Gr\u00e2ce \u00e0 sa taille compacte, notre suspension crochet ajour\u00e9e est parfaite pour une lampe de chevet. Elle diffusera une lumi\u00e8re douce et tamis\u00e9e dans votre chambre \u00e0 coucher, cr\u00e9ant une ambiance propice \u00e0 la relaxation.<\/p>\n<p>Cette suspension est \u00e9galement id\u00e9ale pour les petites pi\u00e8ces, les couloirs ou les entr\u00e9es. Pour une pi\u00e8ce plus spacieuse, d\u00e9couvrez <a href=\"\/fr\/luminaires\/lampe-crochet\/\" target=\"_blank\" rel=\"noopener\">notre lampe crochet<\/a> au look japonisant. Pour les hauts plafonds ou pour cr\u00e9er une d\u00e9coration dynamique, nous vous proposons \u00e9galement une version longue et \u00e9troite de notre lampe crochet\u00e9e.<\/p>\n<h2 data-sourcepos=\"19:1-19:38\">Un savoir-faire artisanal marocain<\/h2>\n<p data-sourcepos=\"21:1-21:247\">Tress\u00e9e avec soin \u00e0 partir de corde, cette suspension crochet ajour\u00e9e pr\u00e9sente un tressage d\u00e9licat et raffin\u00e9 qui saura mettre en valeur vos murs. Disponible en plusieurs couleurs, elle s&rsquo;adaptera parfaitement \u00e0 votre style et \u00e0 l&rsquo;ambiance de votre pi\u00e8ce.<\/p>\n<p data-sourcepos=\"21:1-21:247\">Chaque suspension crochet ajour\u00e9e est r\u00e9alis\u00e9e par des femmes artisans au Maroc. En choisissant cette lampe, vous soutenez l&rsquo;artisanat f\u00e9minin et contribuez \u00e0 l&rsquo;autonomie des femmes et \u00e0 la pr\u00e9servation de ce savoir-faire unique.<\/p>\n<p data-sourcepos=\"21:1-21:247\">Dimensions : \u230025xh40cm<\/p>\n<h2 data-sourcepos=\"25:1-25:47\">Une suspension originale et personnalisable<\/h2>\n<p data-sourcepos=\"27:1-27:233\">Notre suspension crochet ajour\u00e9e est une pi\u00e8ce unique.<br \/>\nPossibilit\u00e9 de la commander sur mesure, en choisissant la couleur et la taille qui correspondent le mieux \u00e0 vos besoins.<br \/>\nD\u00e9lai de fabrication : environ 10 \u00e0 15 jours pour une petite quantit\u00e9.<\/p>\n<p data-sourcepos=\"27:1-27:233\">Notre lampe en crochet est artisanale et peut comporter certaines imperfections qui garantissent son authenticit\u00e9 et font partie de son charme.<br \/>\nLe luminaire ne comporte pas de syst\u00e8me \u00e9lectrique. Une anse est pr\u00e9vue pour l&rsquo;accrocher. Pour plus de conseils, vous pouvez consulter notre <a href=\"\/fr\/installer-suspension-paille\/\" target=\"_blank\" rel=\"noopener\">article sur les diff\u00e9rentes m\u00e9thodes d&rsquo;accroche de nos suspensions<\/a>.<\/p>\n","protected":false},"excerpt":{"rendered":"<p>La suspension en crochet : une touche contemporaine, un design minimaliste et le charme du fait main.<\/p>\n<p data-sourcepos=\"29:1-29:62\">Dimensions : \u230025xh40cm<br \/>\nTravail artisanal f\u00e9minin<br \/>\nPossibilit\u00e9 de commande sur mesure, taille et couleur<\/p>\n","protected":false},"featured_media":26296,"comment_status":"open","ping_status":"closed","template":"","meta":[],"product_brand":[],"product_cat":[22,598],"product_tag":[461],"class_list":{"0":"post-26290","1":"product","2":"type-product","3":"status-publish","4":"has-post-thumbnail","6":"product_cat-luminaires","7":"product_cat-soldes","8":"product_tag-latitude-lumineuse","10":"first","11":"instock","12":"sale","13":"taxable","14":"shipping-taxable","15":"purchasable","16":"product-type-variable"},"_links":{"self":[{"href":"https:\/\/www.latitude31n.com\/fr\/wp-json\/wp\/v2\/product\/26290","targetHints":{"allow":["GET"]}}],"collection":[{"href":"https:\/\/www.latitude31n.com\/fr\/wp-json\/wp\/v2\/product"}],"about":[{"href":"https:\/\/www.latitude31n.com\/fr\/wp-json\/wp\/v2\/types\/product"}],"replies":[{"embeddable":true,"href":"https:\/\/www.latitude31n.com\/fr\/wp-json\/wp\/v2\/comments?post=26290"}],"wp:featuredmedia":[{"embeddable":true,"href":"https:\/\/www.latitude31n.com\/fr\/wp-json\/wp\/v2\/media\/26296"}],"wp:attachment":[{"href":"https:\/\/www.latitude31n.com\/fr\/wp-json\/wp\/v2\/media?parent=26290"}],"wp:term":[{"taxonomy":"product_brand","embeddable":true,"href":"https:\/\/www.latitude31n.com\/fr\/wp-json\/wp\/v2\/product_brand?post=26290"},{"taxonomy":"product_cat","embeddable":true,"href":"https:\/\/www.latitude31n.com\/fr\/wp-json\/wp\/v2\/product_cat?post=26290"},{"taxonomy":"product_tag","embeddable":true,"href":"https:\/\/www.latitude31n.com\/fr\/wp-json\/wp\/v2\/product_tag?post=26290"}],"curies":[{"name":"wp","href":"https:\/\/api.w.org\/{rel}","templated":true}]}}