{"id":25861,"date":"2024-04-04T12:33:15","date_gmt":"2024-04-04T11:33:15","guid":{"rendered":"https:\/\/www.latitude31n.com\/?post_type=product&#038;p=25861"},"modified":"2025-11-18T21:20:33","modified_gmt":"2025-11-18T20:20:33","slug":"suspension-boheme-frangee","status":"publish","type":"product","link":"https:\/\/www.latitude31n.com\/fr\/luminaires\/suspension-boheme-frangee\/","title":{"rendered":"Suspension boh\u00e8me frang\u00e9e"},"content":{"rendered":"<h2>Fantaisie et lumi\u00e8re : Adoptez la suspension boh\u00e8me frang\u00e9e<\/h2>\n<p>Cette cr\u00e9ation artisanale unique combine fantaisie et originalit\u00e9. Faite \u00e0 la main avec passion par des artisans marocains, cette suspension boh\u00e8me se distingue par ses franges de raphia color\u00e9es. La teinte naturelle (quasi blanche) de la mati\u00e8re et le tressage ajour\u00e9 apportent une touche de lumi\u00e8re douce et chaleureuse \u00e0 votre pi\u00e8ce tandis que les touches de couleurs du raphia apportent une note de gaiet\u00e9 \u00e0 votre d\u00e9coration.<\/p>\n<h2>Une suspension unique pour une ambiance boh\u00e8me<\/h2>\n<p>Parfaite pour les amateurs de d\u00e9coration boh\u00e8me et ethnique, cette suspension tress\u00e9e est un v\u00e9ritable atout charme qui ne manquera pas d&rsquo;impressionner vos invit\u00e9s. Elle d\u00e9corera avec style et humour une entr\u00e9e, un salon, une chambre d&rsquo;enfant, ou tout autre espace ayant besoin d&rsquo;\u00eatre \u00e9gay\u00e9. Le lustre tress\u00e9 peut \u00eatre utilis\u00e9 seul ou en combinaison pour cr\u00e9er une ambiance plus festive.<\/p>\n<p>Pourquoi je l&rsquo;aime :<\/p>\n<p><em><strong> J&rsquo;aime sa petite touche de couleur qui apporte de la gaiet\u00e9 au d\u00e9cor. Et sans \u00eatre \u00ab\u00a0too much\u00a0\u00bb, gr\u00e2ce \u00e0 la partie sup\u00e9rieure plus \u00ab\u00a0classique\u00a0\u00bb.<\/strong><\/em><\/p>\n<p>Dimensions : \u230040x40cm<\/p>\n<p>La suspension boh\u00e8me est fabriqu\u00e9e artisanalement, elle peut pr\u00e9senter certaines imperfections qui garantissent son authenticit\u00e9 et font parti de son charme.<\/p>\n<p>Le luminaire ne comporte pas de syst\u00e8me \u00e9lectrique.<br \/>\nUne anse est pr\u00e9vue pour l&rsquo;accrocher. Pour plus de conseils sur l&rsquo;installation, veuillez consulter notre <a href=\"\/fr\/installer-suspension-paille\/\" target=\"_blank\" rel=\"noopener\">article sur les diff\u00e9rentes m\u00e9thodes d&rsquo;accroche de nos suspensions<\/a>.<\/p>\n","protected":false},"excerpt":{"rendered":"<p class=\"query-text ng-star-inserted\" dir=\"ltr\">Adoptez notre suspension tress\u00e9e au look boh\u00e8me chic rehauss\u00e9e d&rsquo;une touche fantaisiste gr\u00e2ce aux franges en raphia multicolore.<\/p>\n<p dir=\"ltr\">Mati\u00e8res : Feuilles de palmier et raphia<br \/>\nDimensions : \u230040x40cm<br \/>\nFabrication artisanale<\/p>\n","protected":false},"featured_media":25864,"comment_status":"open","ping_status":"closed","template":"","meta":[],"product_brand":[],"product_cat":[22,894],"product_tag":[461],"class_list":{"0":"post-25861","1":"product","2":"type-product","3":"status-publish","4":"has-post-thumbnail","6":"product_cat-luminaires","7":"product_cat-suspension-paille","8":"product_tag-latitude-lumineuse","10":"first","11":"outofstock","12":"taxable","13":"shipping-taxable","14":"purchasable","15":"product-type-simple"},"_links":{"self":[{"href":"https:\/\/www.latitude31n.com\/fr\/wp-json\/wp\/v2\/product\/25861","targetHints":{"allow":["GET"]}}],"collection":[{"href":"https:\/\/www.latitude31n.com\/fr\/wp-json\/wp\/v2\/product"}],"about":[{"href":"https:\/\/www.latitude31n.com\/fr\/wp-json\/wp\/v2\/types\/product"}],"replies":[{"embeddable":true,"href":"https:\/\/www.latitude31n.com\/fr\/wp-json\/wp\/v2\/comments?post=25861"}],"wp:featuredmedia":[{"embeddable":true,"href":"https:\/\/www.latitude31n.com\/fr\/wp-json\/wp\/v2\/media\/25864"}],"wp:attachment":[{"href":"https:\/\/www.latitude31n.com\/fr\/wp-json\/wp\/v2\/media?parent=25861"}],"wp:term":[{"taxonomy":"product_brand","embeddable":true,"href":"https:\/\/www.latitude31n.com\/fr\/wp-json\/wp\/v2\/product_brand?post=25861"},{"taxonomy":"product_cat","embeddable":true,"href":"https:\/\/www.latitude31n.com\/fr\/wp-json\/wp\/v2\/product_cat?post=25861"},{"taxonomy":"product_tag","embeddable":true,"href":"https:\/\/www.latitude31n.com\/fr\/wp-json\/wp\/v2\/product_tag?post=25861"}],"curies":[{"name":"wp","href":"https:\/\/api.w.org\/{rel}","templated":true}]}}