{"id":25709,"date":"2024-03-28T16:41:19","date_gmt":"2024-03-28T15:41:19","guid":{"rendered":"https:\/\/www.latitude31n.com\/?post_type=product&#038;p=25709"},"modified":"2025-10-30T15:57:19","modified_gmt":"2025-10-30T14:57:19","slug":"cactus-porte-plantes","status":"publish","type":"product","link":"https:\/\/www.latitude31n.com\/fr\/decoration-maison\/cactus\/cactus-porte-plantes\/","title":{"rendered":"Cactus porte-plantes"},"content":{"rendered":"<p>Cette grande sculpture tress\u00e9e permet d&rsquo;ajouter facilement une touche boh\u00e8me et ethnique \u00e0 votre d\u00e9coration. Le cactus tress\u00e9 en osier est un v\u00e9ritable objet d&rsquo;artisanat marocain qui apportera une touche de charme et de chaleur \u00e0 votre int\u00e9rieur.<\/p>\n<h2><strong>Magnifique cactus en osier \u00e0 utiliser comme porte-plantes<\/strong><\/h2>\n<p>Mais l\u00e0 o\u00f9 notre cactus tress\u00e9 est original, c&rsquo;est par ses deux petits paniers tress\u00e9s. Ils vous permettent d&rsquo;utiliser le faux cactus comme porte-plantes, pour ranger vos petits objets ou simplement comme \u00e9l\u00e9ment d\u00e9coratif. Laissez libre cours \u00e0 votre imagination !<\/p>\n<h2><strong>Un cadeau id\u00e9al pour les amateurs de plantes et d&rsquo;artisanat <\/strong><\/h2>\n<p>Ce cactus tress\u00e9 est un cadeau parfait pour les personnes qui aiment les plantes et l&rsquo;artisanat. C&rsquo;est un objet unique et original qu&rsquo;ils ne manqueront pas d&rsquo;appr\u00e9cier.<\/p>\n<p>Pourquoi on l&rsquo;aime :<\/p>\n<p><em><strong>Les petits paniers qui en font un porte-plantes super original. Un peu comme notre <a href=\"\/fr\/deco-enfant\/sculpture-ane-paille\/\" target=\"_blank\" rel=\"noopener\">sculpture \u00e2ne<\/a>. L&rsquo;un et l&rsquo;autre sont d&rsquo;ailleurs totalement compl\u00e9mentaires pour d\u00e9corer sa terrasse ou son jardin int\u00e9rieur.<\/strong><\/em><\/p>\n<p>Dimensions : 60&#215;30 et 3 hauteurs diff\u00e9rentes : 80\/100\/120cm<\/p>\n<p>Notre cactus est une pi\u00e8ce \u00e9cologique et artisanale. Il peut comporter certaines imperfections qui font parti de son charme et sont la garantie de son authenticit\u00e9.<br \/>\nTous nos cactus en paille sont artisanaux, le design peut \u00eatre l\u00e9g\u00e8rement diff\u00e9rent (taille des branches ou paniers, base du cactus&#8230;). N&rsquo;h\u00e9sitez pas \u00e0 nous demander plus de renseignements.<\/p>\n<p data-sourcepos=\"42:1-42:27\">Conseils d&rsquo;entretien<\/p>\n<ul data-sourcepos=\"44:1-47:0\">\n<li data-sourcepos=\"44:1-44:70\">D\u00e9poussi\u00e9rez r\u00e9guli\u00e8rement votre cactus tress\u00e9 avec un chiffon doux.<\/li>\n<li data-sourcepos=\"45:1-45:64\">Si n\u00e9cessaire, vous pouvez le nettoyer avec un chiffon humide.<\/li>\n<li data-sourcepos=\"46:1-47:0\">Sivous exposez votre cactus tress\u00e9 \u00e0 la lumi\u00e8re directe du soleil, il deviendra de plus en plus jaune jusqu&rsquo;\u00e0 une teinte \u00ab\u00a0bronz\u00e9e\u00a0\u00bb. Au contraire, si vous le laissez dans les intemp\u00e9ries, il prendra une teinte gris\u00e9e.<br \/>\nConsultez notre <a href=\"\/fr\/doum-presentation-conseils-entretien\/\" target=\"_blank\" rel=\"noopener\">article sur le doum et son entretien<\/a> pour plus d&rsquo;infos.<\/li>\n<\/ul>\n","protected":false},"excerpt":{"rendered":"<p>Ajoutez une touche d&rsquo;originalit\u00e9 et de charme boh\u00e8me \u00e0 votre d\u00e9coration avec ce cactus tress\u00e9 en osier.<\/p>\n<p>Dimensions : H80\/100\/120cm<br \/>\nFait main<br \/>\nen doum solide et durable<\/p>\n<p>&nbsp;<\/p>\n","protected":false},"featured_media":25722,"comment_status":"open","ping_status":"closed","template":"","meta":[],"product_brand":[],"product_cat":[472,467,471],"product_tag":[462,899],"class_list":{"0":"post-25709","1":"product","2":"type-product","3":"status-publish","4":"has-post-thumbnail","6":"product_cat-cactus","7":"product_cat-decoration-maison","8":"product_cat-vases-cache-pots","9":"product_tag-latitude-naturelle","10":"product_tag-no-us","12":"first","13":"instock","14":"taxable","15":"shipping-taxable","16":"purchasable","17":"product-type-variable"},"_links":{"self":[{"href":"https:\/\/www.latitude31n.com\/fr\/wp-json\/wp\/v2\/product\/25709","targetHints":{"allow":["GET"]}}],"collection":[{"href":"https:\/\/www.latitude31n.com\/fr\/wp-json\/wp\/v2\/product"}],"about":[{"href":"https:\/\/www.latitude31n.com\/fr\/wp-json\/wp\/v2\/types\/product"}],"replies":[{"embeddable":true,"href":"https:\/\/www.latitude31n.com\/fr\/wp-json\/wp\/v2\/comments?post=25709"}],"wp:featuredmedia":[{"embeddable":true,"href":"https:\/\/www.latitude31n.com\/fr\/wp-json\/wp\/v2\/media\/25722"}],"wp:attachment":[{"href":"https:\/\/www.latitude31n.com\/fr\/wp-json\/wp\/v2\/media?parent=25709"}],"wp:term":[{"taxonomy":"product_brand","embeddable":true,"href":"https:\/\/www.latitude31n.com\/fr\/wp-json\/wp\/v2\/product_brand?post=25709"},{"taxonomy":"product_cat","embeddable":true,"href":"https:\/\/www.latitude31n.com\/fr\/wp-json\/wp\/v2\/product_cat?post=25709"},{"taxonomy":"product_tag","embeddable":true,"href":"https:\/\/www.latitude31n.com\/fr\/wp-json\/wp\/v2\/product_tag?post=25709"}],"curies":[{"name":"wp","href":"https:\/\/api.w.org\/{rel}","templated":true}]}}