{"id":25173,"date":"2024-03-07T19:40:00","date_gmt":"2024-03-07T18:40:00","guid":{"rendered":"https:\/\/www.latitude31n.com\/?post_type=product&#038;p=25173"},"modified":"2026-03-12T15:36:11","modified_gmt":"2026-03-12T14:36:11","slug":"tabouret-tresse","status":"publish","type":"product","link":"https:\/\/www.latitude31n.com\/fr\/assises-petit-mobilier\/bancs-tabourets\/tabouret-tresse\/","title":{"rendered":"Tabouret tress\u00e9"},"content":{"rendered":"<p>Cr\u00e9ez une ambiance chaleureuse et ethnique dans votre int\u00e9rieur avec nos bancs et tabourets marocains tress\u00e9s.<\/p>\n<h2>Petit banc marocain artisanal moderne<\/h2>\n<p data-sourcepos=\"13:1-13:35\">Ce tabouret marocain tress\u00e9 poss\u00e8de un style unique et authentique gr\u00e2ce \u00e0 son pi\u00e8tement en A, qui lui conf\u00e8re une allure moderne et contemporaine. Nos petits bancs sont fabriqu\u00e9s artisanalement au Maroc en bois de laurier, bois brut typique \u00e0 la belle couleur claire.<br \/>\nChoisissez parmi deux mod\u00e8les de tressage : en corde kaki ou en cuir pour s&rsquo;adapter \u00e0 tous les styles.<\/p>\n<h2><strong>Tabouret marocain tress\u00e9 : l&rsquo;alli\u00e9 d\u00e9co boh\u00e8me et pratique<\/strong><\/h2>\n<p data-sourcepos=\"11:1-11:40\">Ce tabouret est un v\u00e9ritable atout d\u00e9co. Il peut \u00eatre utilis\u00e9 comme si\u00e8ge d&rsquo;appoint dans la salle \u00e0 manger ou le salon, comme petite table d&rsquo;appoint pour y poser une plante ou des livres, ou encore comme \u00e9l\u00e9ment d\u00e9coratif dans une chambre \u00e0 coucher ou la salle de bain. Sa ligne minimaliste et son look boh\u00e8me chic s&rsquo;int\u00e8greront facilement dans votre d\u00e9co, quelle que soit son style. Et ses mat\u00e9riaux naturels apporteront une touche de chaleur et d&rsquo;authenticit\u00e9 \u00e0 votre int\u00e9rieur.<\/p>\n<p data-sourcepos=\"11:1-11:40\">Pourquoi je l&rsquo;aime :<\/p>\n<p data-sourcepos=\"11:1-11:40\"><em><strong>Le design unique et original de son pi\u00e8tement.<\/strong><\/em><\/p>\n<p data-sourcepos=\"11:1-11:40\">Dimensions : 55x35xh40 cm<\/p>\n<p data-sourcepos=\"11:1-11:40\">Nos bancs et tabourets artisanaux sont faits main. Ils peuvent donc comporter certaines imperfections qui t\u00e9moignent de leur authenticit\u00e9 et\u00a0 constituent une grande part de leur charme.<\/p>\n<p data-sourcepos=\"11:1-11:40\">\n","protected":false},"excerpt":{"rendered":"<p>Offrez-vous un tabouret unique et original avec ce petit banc tress\u00e9. L&rsquo;artisanat marocain revisit\u00e9 gr\u00e2ce \u00e0 son pied au design contemporain.<\/p>\n<ul data-sourcepos=\"31:1-35:0\">\n<li data-sourcepos=\"31:1-31:59\">Mat\u00e9riaux :\u00a0Bois de laurier clair, corde kaki ou cuir<\/li>\n<li data-sourcepos=\"32:1-32:71\">Dimensions : 55x35xh40 cm<\/li>\n<li data-sourcepos=\"33:1-33:37\">Fabrication :\u00a0Artisanale, Maroc<\/li>\n<li data-sourcepos=\"34:1-35:0\">Mod\u00e8les :\u00a0Corde kaki, Cuir<\/li>\n<\/ul>\n","protected":false},"featured_media":25186,"comment_status":"open","ping_status":"closed","template":"","meta":[],"product_brand":[],"product_cat":[501,34],"product_tag":[899],"class_list":{"0":"post-25173","1":"product","2":"type-product","3":"status-publish","4":"has-post-thumbnail","6":"product_cat-bancs-tabourets","7":"product_cat-assises-petit-mobilier","8":"product_tag-no-us","10":"first","11":"instock","12":"taxable","13":"shipping-taxable","14":"purchasable","15":"product-type-variable"},"_links":{"self":[{"href":"https:\/\/www.latitude31n.com\/fr\/wp-json\/wp\/v2\/product\/25173","targetHints":{"allow":["GET"]}}],"collection":[{"href":"https:\/\/www.latitude31n.com\/fr\/wp-json\/wp\/v2\/product"}],"about":[{"href":"https:\/\/www.latitude31n.com\/fr\/wp-json\/wp\/v2\/types\/product"}],"replies":[{"embeddable":true,"href":"https:\/\/www.latitude31n.com\/fr\/wp-json\/wp\/v2\/comments?post=25173"}],"wp:featuredmedia":[{"embeddable":true,"href":"https:\/\/www.latitude31n.com\/fr\/wp-json\/wp\/v2\/media\/25186"}],"wp:attachment":[{"href":"https:\/\/www.latitude31n.com\/fr\/wp-json\/wp\/v2\/media?parent=25173"}],"wp:term":[{"taxonomy":"product_brand","embeddable":true,"href":"https:\/\/www.latitude31n.com\/fr\/wp-json\/wp\/v2\/product_brand?post=25173"},{"taxonomy":"product_cat","embeddable":true,"href":"https:\/\/www.latitude31n.com\/fr\/wp-json\/wp\/v2\/product_cat?post=25173"},{"taxonomy":"product_tag","embeddable":true,"href":"https:\/\/www.latitude31n.com\/fr\/wp-json\/wp\/v2\/product_tag?post=25173"}],"curies":[{"name":"wp","href":"https:\/\/api.w.org\/{rel}","templated":true}]}}