{"id":24551,"date":"2024-02-09T20:02:36","date_gmt":"2024-02-09T19:02:36","guid":{"rendered":"https:\/\/www.latitude31n.com\/?post_type=product&#038;p=24551"},"modified":"2025-11-02T16:16:26","modified_gmt":"2025-11-02T15:16:26","slug":"tortue-tressee","status":"publish","type":"product","link":"https:\/\/www.latitude31n.com\/fr\/trophees-tetes-animaux\/tortue-tressee\/","title":{"rendered":"Tortue tress\u00e9e"},"content":{"rendered":"<h2 data-sourcepos=\"11:1-11:65\"><strong>Un animal d\u00e9coratif plein de charme pour une d\u00e9co boh\u00e8me chic<\/strong><\/h2>\n<p data-sourcepos=\"15:1-15:223\">Vous recherchez un objet d\u00e9co original et authentique pour sublimer votre int\u00e9rieur ou votre jardin ? Ou vous \u00eates \u00e0 la recherche d&rsquo;un cadeau unique et artisanal ? Notre adorable tortue tress\u00e9e \u00e0 la main par nos artisans marocains (\u00e0 l&rsquo;imagination d\u00e9bordante!) vous offre une option unique et authentique.<\/p>\n<h2><strong>D\u00e9coration boh\u00e8me en mati\u00e8res naturelles :<\/strong><\/h2>\n<p>Fabriqu\u00e9e \u00e0 partir de paille <a href=\"\/fr\/doum-presentation-conseils-entretien\/\" target=\"_blank\" rel=\"noopener\"><em>doum<\/em><\/a> soigneusement s\u00e9lectionn\u00e9e, cette tortue d\u00e9corative incarne l&rsquo;artisanat marocain dans toute sa splendeur. Chaque pi\u00e8ce est confectionn\u00e9e avec pr\u00e9cision et amour.<\/p>\n<h2>Apportez une touche d&rsquo;humour \u00e0 votre jardin ou votre int\u00e9rieur<\/h2>\n<p>Notre sculpture animal est sp\u00e9cialement con\u00e7ue pour ceux qui recherchent des pi\u00e8ces uniques et authentiques. Placez cette tortue d\u00e9corative sur une \u00e9tag\u00e8re, une table basse ou dans votre jardin pour cr\u00e9er une atmosph\u00e8re chaleureuse et accueillante. Elle se marie parfaitement avec d&rsquo;autres \u00e9l\u00e9ments de d\u00e9coration ethnique ou boh\u00e8me pour un style original et personnalis\u00e9.<\/p>\n<p>L&rsquo;animal d\u00e9coratif se place facilement partout, vous pouvez m\u00eame l&rsquo;accrocher sur un mur pour une d\u00e9co totalement d\u00e9cal\u00e9e. Comme si elle montait vers le plafond !<\/p>\n<p>Si vous mettez la sculpture tortue en ext\u00e9rieur, pensez \u00e0 la rentrer \u00e0 la saison pluvieuse, car elle deviendra gris\u00e9e avec la pluie. Le soleil, par contre, la dorera jusqu&rsquo;\u00e0 un jaune bronz\u00e9.<\/p>\n<p>Pourquoi je l&rsquo;aime :<\/p>\n<p><strong><em>J&rsquo;ai tout de suite craqu\u00e9 quand je l&rsquo;ai vu. J&rsquo;adore sa petite t\u00eate lev\u00e9e, on dirait qu&rsquo;elle va se mettre \u00e0 marcher.<\/em><\/strong><\/p>\n<p>Dimensions : 47x25xh17 cm<\/p>\n<p>Cette statue tortue est artisanale. Elle est r\u00e9alis\u00e9e en <a href=\"\/fr\/doum-presentation-conseils-entretien\/\" target=\"_blank\" rel=\"noopener\"><em>doum<\/em>, mati\u00e8re naturelle marocaine<\/a>. Elle peut comporter certaines imperfections qui garantissent son authenticit\u00e9.<\/p>\n","protected":false},"excerpt":{"rendered":"<p data-sourcepos=\"13:1-13:130\">Craquez pour notre adorable tortue en rotin, tiss\u00e9e \u00e0 la main. Une d\u00e9co unique et artisanale pour un chez-soi plein de charme.<\/p>\n","protected":false},"featured_media":24539,"comment_status":"open","ping_status":"closed","template":"","meta":[],"product_brand":[],"product_cat":[24],"product_tag":[110],"class_list":{"0":"post-24551","1":"product","2":"type-product","3":"status-publish","4":"has-post-thumbnail","6":"product_cat-trophees-tetes-animaux","7":"product_tag-animaux","9":"first","10":"instock","11":"taxable","12":"shipping-taxable","13":"purchasable","14":"product-type-simple"},"_links":{"self":[{"href":"https:\/\/www.latitude31n.com\/fr\/wp-json\/wp\/v2\/product\/24551","targetHints":{"allow":["GET"]}}],"collection":[{"href":"https:\/\/www.latitude31n.com\/fr\/wp-json\/wp\/v2\/product"}],"about":[{"href":"https:\/\/www.latitude31n.com\/fr\/wp-json\/wp\/v2\/types\/product"}],"replies":[{"embeddable":true,"href":"https:\/\/www.latitude31n.com\/fr\/wp-json\/wp\/v2\/comments?post=24551"}],"wp:featuredmedia":[{"embeddable":true,"href":"https:\/\/www.latitude31n.com\/fr\/wp-json\/wp\/v2\/media\/24539"}],"wp:attachment":[{"href":"https:\/\/www.latitude31n.com\/fr\/wp-json\/wp\/v2\/media?parent=24551"}],"wp:term":[{"taxonomy":"product_brand","embeddable":true,"href":"https:\/\/www.latitude31n.com\/fr\/wp-json\/wp\/v2\/product_brand?post=24551"},{"taxonomy":"product_cat","embeddable":true,"href":"https:\/\/www.latitude31n.com\/fr\/wp-json\/wp\/v2\/product_cat?post=24551"},{"taxonomy":"product_tag","embeddable":true,"href":"https:\/\/www.latitude31n.com\/fr\/wp-json\/wp\/v2\/product_tag?post=24551"}],"curies":[{"name":"wp","href":"https:\/\/api.w.org\/{rel}","templated":true}]}}