{"id":24516,"date":"2024-02-09T17:59:23","date_gmt":"2024-02-09T16:59:23","guid":{"rendered":"https:\/\/www.latitude31n.com\/?post_type=product&#038;p=24516"},"modified":"2026-01-29T17:07:19","modified_gmt":"2026-01-29T16:07:19","slug":"panier-pique-nique","status":"publish","type":"product","link":"https:\/\/www.latitude31n.com\/fr\/paniers-rangements\/panier-pique-nique\/","title":{"rendered":"Panier pique-nique"},"content":{"rendered":"<h2>Panier en osier style mallette pour pique-nique<\/h2>\n<p>Petite mallette tress\u00e9e en osier et palmier clair, d\u00e9tourn\u00e9e en panier pique-nique pour un d\u00e9jeuner sur l&rsquo;herbe, \u00e0 la plage ou sur un bateau, pourquoi pas ?<\/p>\n<p>Choisissez entre le panier simple dans lequel vous pourrez mettre votre plus belle vaisselle et les bons produits de saison ou le panier de pique-nique complet avec vaisselle en noyer faite main, les verres <em>beldi<\/em> typiquement marocain et la classique nappe \u00e0 carreaux (env.1.50&#215;1.50m).<\/p>\n<h2>Pique-nique chic et boh\u00e8me avec notre panier en osier<\/h2>\n<p>Pique-nique romantique \u00e0 deux, boh\u00e8me entre amis ou familial avec les enfants, le pique-nique est intemporel. Avec un panier en osier ou notre malette marocaine tress\u00e9e artisanalement, se d\u00e9gage une atmosph\u00e8re d&rsquo;antan qui rend tout de suite le pique-nique original et chic.<\/p>\n<p>Pourquoi je l&rsquo; aime :<\/p>\n<p><strong><em>J&rsquo;adore les pique-niques, et encore plus quand ils ont un petit c\u00f4t\u00e9 d\u00e9suet avec une belle vaisselle, de bons produits, et pourquoi pas une petite bouteille de vin?<\/em><\/strong><\/p>\n<p>Dimensions : environ 40x30xh15 cm<\/p>\n<p>Notre panier est tress\u00e9 artisanalement. Nappe, assiettes, couverts et verres sont fabriqu\u00e9es main (ou bouche) au Maroc. Tous nos produits sont artisanaux et peuvent donc comporter certains d\u00e9fauts qui vous garantissent leur authenticit\u00e9.<\/p>\n<p>&nbsp;<\/p>\n","protected":false},"excerpt":{"rendered":"<h2>Un panier pique-nique boh\u00e8me fait main au Maroc, id\u00e9al pour vos sorties champ\u00eatres.<\/h2>\n","protected":false},"featured_media":24517,"comment_status":"open","ping_status":"closed","template":"","meta":[],"product_brand":[],"product_cat":[28,598,27],"product_tag":[],"class_list":{"0":"post-24516","1":"product","2":"type-product","3":"status-publish","4":"has-post-thumbnail","6":"product_cat-paniers-rangements","7":"product_cat-soldes","8":"product_cat-arts-table","10":"first","11":"instock","12":"sale","13":"taxable","14":"shipping-taxable","15":"purchasable","16":"product-type-variable"},"_links":{"self":[{"href":"https:\/\/www.latitude31n.com\/fr\/wp-json\/wp\/v2\/product\/24516","targetHints":{"allow":["GET"]}}],"collection":[{"href":"https:\/\/www.latitude31n.com\/fr\/wp-json\/wp\/v2\/product"}],"about":[{"href":"https:\/\/www.latitude31n.com\/fr\/wp-json\/wp\/v2\/types\/product"}],"replies":[{"embeddable":true,"href":"https:\/\/www.latitude31n.com\/fr\/wp-json\/wp\/v2\/comments?post=24516"}],"wp:featuredmedia":[{"embeddable":true,"href":"https:\/\/www.latitude31n.com\/fr\/wp-json\/wp\/v2\/media\/24517"}],"wp:attachment":[{"href":"https:\/\/www.latitude31n.com\/fr\/wp-json\/wp\/v2\/media?parent=24516"}],"wp:term":[{"taxonomy":"product_brand","embeddable":true,"href":"https:\/\/www.latitude31n.com\/fr\/wp-json\/wp\/v2\/product_brand?post=24516"},{"taxonomy":"product_cat","embeddable":true,"href":"https:\/\/www.latitude31n.com\/fr\/wp-json\/wp\/v2\/product_cat?post=24516"},{"taxonomy":"product_tag","embeddable":true,"href":"https:\/\/www.latitude31n.com\/fr\/wp-json\/wp\/v2\/product_tag?post=24516"}],"curies":[{"name":"wp","href":"https:\/\/api.w.org\/{rel}","templated":true}]}}