{"id":24504,"date":"2024-02-09T13:02:18","date_gmt":"2024-02-09T12:02:18","guid":{"rendered":"https:\/\/www.latitude31n.com\/?post_type=product&#038;p=24504"},"modified":"2025-11-13T09:47:45","modified_gmt":"2025-11-13T08:47:45","slug":"deco-murale-cuivre","status":"publish","type":"product","link":"https:\/\/www.latitude31n.com\/fr\/decoration-maison\/objets-decoratifs\/deco-murale-cuivre\/","title":{"rendered":"D\u00e9co murale cuivre"},"content":{"rendered":"<h2>Ex-Voto en cuivre faits main au Maroc<\/h2>\n<p>Paon, coeur, lune, \u00e9toile : des petites d\u00e9co en cuivre finement cisel\u00e9es et d\u00e9coup\u00e9es, avec ou sans miroir. Les artisans marocains ont de l&rsquo;imagination et nous fabriquent des petites merveilles \u00e0 accrocher sur le mur.<\/p>\n<h2>D\u00e9co murale en laiton<\/h2>\n<p>Ces d\u00e9corations dor\u00e9es apportent une petite touche fantaisiste et d\u00e9cal\u00e9e sur un mur, une porte, seuls ou m\u00e9lang\u00e9s \u00e0 d&rsquo;autres petits articles en cuivre ou d&rsquo;autres d\u00e9co murales.<\/p>\n<p>Pourquoi je les aime:<\/p>\n<p><strong><em>Je craque pour ces petites d\u00e9co, on les place facilement, on peut m\u00eame les suspendre \u00e0 un fil et les laisser flotter.<\/em><\/strong><\/p>\n<p>Dimensions : 15\/20 centim\u00e8tres en moyenne.<br \/>\npetit anneau \u00e0 l&rsquo;arri\u00e8re pour accrocher.<\/p>\n<p>Nos petites d\u00e9co en laiton dor\u00e9 sont r\u00e9alis\u00e9es artisanalement et peuvent comporter certaines imperfections qui garantissent leur authenticit\u00e9 et font parties de leur charme.<\/p>\n<p>&nbsp;<\/p>\n","protected":false},"excerpt":{"rendered":"<h2>De petits tr\u00e9sors faits main pour une d\u00e9coration murale originale.<\/h2>\n<p><strong>Livraison gratuite<\/strong><\/p>\n","protected":false},"featured_media":24506,"comment_status":"open","ping_status":"closed","template":"","meta":[],"product_brand":[],"product_cat":[473,23,467],"product_tag":[],"class_list":{"0":"post-24504","1":"product","2":"type-product","3":"status-publish","4":"has-post-thumbnail","6":"product_cat-objets-decoratifs","7":"product_cat-decoration-murale","8":"product_cat-decoration-maison","10":"first","11":"instock","12":"taxable","13":"shipping-taxable","14":"purchasable","15":"product-type-variable"},"_links":{"self":[{"href":"https:\/\/www.latitude31n.com\/fr\/wp-json\/wp\/v2\/product\/24504","targetHints":{"allow":["GET"]}}],"collection":[{"href":"https:\/\/www.latitude31n.com\/fr\/wp-json\/wp\/v2\/product"}],"about":[{"href":"https:\/\/www.latitude31n.com\/fr\/wp-json\/wp\/v2\/types\/product"}],"replies":[{"embeddable":true,"href":"https:\/\/www.latitude31n.com\/fr\/wp-json\/wp\/v2\/comments?post=24504"}],"wp:featuredmedia":[{"embeddable":true,"href":"https:\/\/www.latitude31n.com\/fr\/wp-json\/wp\/v2\/media\/24506"}],"wp:attachment":[{"href":"https:\/\/www.latitude31n.com\/fr\/wp-json\/wp\/v2\/media?parent=24504"}],"wp:term":[{"taxonomy":"product_brand","embeddable":true,"href":"https:\/\/www.latitude31n.com\/fr\/wp-json\/wp\/v2\/product_brand?post=24504"},{"taxonomy":"product_cat","embeddable":true,"href":"https:\/\/www.latitude31n.com\/fr\/wp-json\/wp\/v2\/product_cat?post=24504"},{"taxonomy":"product_tag","embeddable":true,"href":"https:\/\/www.latitude31n.com\/fr\/wp-json\/wp\/v2\/product_tag?post=24504"}],"curies":[{"name":"wp","href":"https:\/\/api.w.org\/{rel}","templated":true}]}}