{"id":23478,"date":"2023-12-27T14:32:53","date_gmt":"2023-12-27T13:32:53","guid":{"rendered":"https:\/\/www.latitude31n.com\/?post_type=product&#038;p=23478"},"modified":"2024-11-14T19:14:29","modified_gmt":"2024-11-14T18:14:29","slug":"panier-rangement-raphia","status":"publish","type":"product","link":"https:\/\/www.latitude31n.com\/fr\/paniers-rangements\/teintes-naturelles\/panier-rangement-raphia\/","title":{"rendered":"Panier de rangement \u00ab\u00a0chevelu\u00a0\u00bb"},"content":{"rendered":"<h2><strong>Panier raphia Maroc, original et polyvalent<\/strong><\/h2>\n<p>A la base, notre panier d\u00e9co en palmier d&rsquo;aspect brut pour rangement, auquel on ajoute des brins de raphia. Les paniers de rangement en <a href=\"\/fr\/doum-presentation-conseils-entretien\/\" target=\"_blank\" rel=\"noopener\"><em>doum<\/em><\/a> marocain sont profonds, et leur haute taille vous permet de les installer facilement et de ranger et stocker toutes sortes de choses : jouets, linge sale, coussins et plaids, etc&#8230;.<\/p>\n<h2>Panier marocain de rangement look d\u00e9co<\/h2>\n<p>Son look boh\u00e8me chic est unique et original, avec ses franges de raphia qui lui donnent un air d\u00e9contract\u00e9 et \u00e9l\u00e9gant. Ce panier marocain est tress\u00e9 avec une mati\u00e8re locale, le <em>doum<\/em>, dans son aspect le plus brut, ce qui lui donne \u00e0 la base, un look campagne. Le panier est ensuite recouvert de raphia au look beaucoup plus sophistiqu\u00e9. Le contraste est extr\u00eamement int\u00e9ressant et visuellement tr\u00e8s d\u00e9coratif.<\/p>\n<p>Notre panier rangement est parfait pour ajouter une touche de style boh\u00e8me chic \u00e0 n&rsquo;importe quelle pi\u00e8ce de la maison, que ce soit dans la chambre, le salon ou au bord de la piscine.<\/p>\n<p>Dimensions : 3 tailles<\/p>\n<p>S : h40x35 cm environ<\/p>\n<p>M : h55x45 cm environ<\/p>\n<p>L : h60x50 cm environ<\/p>\n<p>Ce panier d\u00e9co marocain est fabriqu\u00e9 artisanalement, il peut donc pr\u00e9senter certains d\u00e9fauts qui ne nuisent en aucune mani\u00e8re au charme du produit.<\/p>\n<p>&nbsp;<\/p>\n","protected":false},"excerpt":{"rendered":"<p>Un look \u00ab\u00a0coiffure sauvage\u00a0\u00bb pour votre d\u00e9co ? C&rsquo;est par ici !<\/p>\n<p>De style marocain moderne, nos paniers profonds en palmier brut sont parfaits pour ranger avec \u00e9l\u00e9gance et d\u00e9corer avec style.<\/p>\n<p>Disponible en 3 tailles.<br \/>\nMati\u00e8res : doum et raphia<\/p>\n","protected":false},"featured_media":23483,"comment_status":"open","ping_status":"closed","template":"","meta":[],"product_brand":[],"product_cat":[634,28],"product_tag":[462],"class_list":{"0":"post-23478","1":"product","2":"type-product","3":"status-publish","4":"has-post-thumbnail","6":"product_cat-teintes-naturelles","7":"product_cat-paniers-rangements","8":"product_tag-latitude-naturelle","10":"first","11":"instock","12":"taxable","13":"shipping-taxable","14":"purchasable","15":"product-type-variable"},"_links":{"self":[{"href":"https:\/\/www.latitude31n.com\/fr\/wp-json\/wp\/v2\/product\/23478","targetHints":{"allow":["GET"]}}],"collection":[{"href":"https:\/\/www.latitude31n.com\/fr\/wp-json\/wp\/v2\/product"}],"about":[{"href":"https:\/\/www.latitude31n.com\/fr\/wp-json\/wp\/v2\/types\/product"}],"replies":[{"embeddable":true,"href":"https:\/\/www.latitude31n.com\/fr\/wp-json\/wp\/v2\/comments?post=23478"}],"wp:featuredmedia":[{"embeddable":true,"href":"https:\/\/www.latitude31n.com\/fr\/wp-json\/wp\/v2\/media\/23483"}],"wp:attachment":[{"href":"https:\/\/www.latitude31n.com\/fr\/wp-json\/wp\/v2\/media?parent=23478"}],"wp:term":[{"taxonomy":"product_brand","embeddable":true,"href":"https:\/\/www.latitude31n.com\/fr\/wp-json\/wp\/v2\/product_brand?post=23478"},{"taxonomy":"product_cat","embeddable":true,"href":"https:\/\/www.latitude31n.com\/fr\/wp-json\/wp\/v2\/product_cat?post=23478"},{"taxonomy":"product_tag","embeddable":true,"href":"https:\/\/www.latitude31n.com\/fr\/wp-json\/wp\/v2\/product_tag?post=23478"}],"curies":[{"name":"wp","href":"https:\/\/api.w.org\/{rel}","templated":true}]}}