{"id":22291,"date":"2023-12-01T16:02:22","date_gmt":"2023-12-01T15:02:22","guid":{"rendered":"https:\/\/www.latitude31n.com\/?post_type=product&#038;p=22291"},"modified":"2026-01-18T10:50:25","modified_gmt":"2026-01-18T09:50:25","slug":"miroir-soleil-en-cuivre","status":"publish","type":"product","link":"https:\/\/www.latitude31n.com\/fr\/decoration-murale\/miroirs\/miroir-soleil-en-cuivre\/","title":{"rendered":"Miroir soleil  en cuivre"},"content":{"rendered":"<h2>Petit miroir soleil dor\u00e9<\/h2>\n<p>R\u00e9alis\u00e9s en cuivre d\u00e9coup\u00e9 et grav\u00e9, ces miroirs soleil sont r\u00e9alis\u00e9s par nos artisans dinandiers. Chaque pi\u00e8ce est une petite \u0153uvre d&rsquo;art minutieusement con\u00e7ue. Les motifs sont d\u00e9licatement grav\u00e9s dans le cuivre dor\u00e9.<\/p>\n<p>Choisissez entre deux mod\u00e8les distincts, chacun avec son propre charme. L&rsquo;un pr\u00e9sente des branches cisel\u00e9es, tandis que l&rsquo;autre offre des branches plus r\u00e9guli\u00e8res. Les d\u00e9tails grav\u00e9s ressemblent \u00e0 des feuilles, \u00e9voquant la nature.<\/p>\n<p>Le travail du cuivre fait parti de l&rsquo;artisanat traditionnel marocain. Il s&rsquo;adapte constamment aux go\u00fbts contemporains.<\/p>\n<h2>D\u00e9co murale boh\u00e8me chic<\/h2>\n<p>Eclairez votre int\u00e9rieur avec ces petits miroirs en laiton qui brillent de milles \u00e9clats. Le cuivre dor\u00e9 ajoute une touche de luxe et de sophistication.<\/p>\n<p>Vous pouvez cr\u00e9er un mur artistique en regroupant plusieurs miroirs soleil de tailles diff\u00e9rentes. Dans ce cas, jouez avec les hauteurs et les espacements pour obtenir un effet visuel dynamique. Vous pouvez aussi les int\u00e9grer dans des compositions vari\u00e9es avec d&rsquo;autres objets d\u00e9coratifs comme des cadres pour une d\u00e9co murale saisissante ou des bougies ou des plantes vertes pour \u00e9clairer une table ou un petit coin.<\/p>\n<p>Gr\u00e2ce \u00e0 un choix de plusieurs tailles, ces miroirs en m\u00e9tal dor\u00e9 sont parfaits pour s&rsquo;adapter \u00e0 n&rsquo;importe quel espace. Accrochez-les sur un mur, placez-les sur une \u00e9tag\u00e8re ou utilisez-les comme \u00e9l\u00e9ments de d\u00e9coration sur une table, ces pi\u00e8ces polyvalentes illumineront votre int\u00e9rieur.<\/p>\n<p>Dimensions : \u00f8 15, 20, 30 et 40 cm<\/p>\n<p>Ce sont des produits artisanaux, ils peuvent pr\u00e9senter certaines imperfections qui garantissent leur authenticit\u00e9.<\/p>\n","protected":false},"excerpt":{"rendered":"<p>Transformez votre chez-vous en un coin digne des Mille et Une Nuits ! Faits main avec amour, ces petites merveilles dor\u00e9es \u2600\ufe0f ajoutent une touche de luxe et de fantaisie \u00e0 votre espace.<\/p>\n<p>Choix des dimensions : \u00f8 15, 20, 30 et 40 cm<\/p>\n","protected":false},"featured_media":22296,"comment_status":"open","ping_status":"closed","template":"","meta":[],"product_brand":[],"product_cat":[475,23,467],"product_tag":[],"class_list":{"0":"post-22291","1":"product","2":"type-product","3":"status-publish","4":"has-post-thumbnail","6":"product_cat-miroirs","7":"product_cat-decoration-murale","8":"product_cat-decoration-maison","10":"first","11":"instock","12":"taxable","13":"shipping-taxable","14":"purchasable","15":"product-type-variable"},"_links":{"self":[{"href":"https:\/\/www.latitude31n.com\/fr\/wp-json\/wp\/v2\/product\/22291","targetHints":{"allow":["GET"]}}],"collection":[{"href":"https:\/\/www.latitude31n.com\/fr\/wp-json\/wp\/v2\/product"}],"about":[{"href":"https:\/\/www.latitude31n.com\/fr\/wp-json\/wp\/v2\/types\/product"}],"replies":[{"embeddable":true,"href":"https:\/\/www.latitude31n.com\/fr\/wp-json\/wp\/v2\/comments?post=22291"}],"wp:featuredmedia":[{"embeddable":true,"href":"https:\/\/www.latitude31n.com\/fr\/wp-json\/wp\/v2\/media\/22296"}],"wp:attachment":[{"href":"https:\/\/www.latitude31n.com\/fr\/wp-json\/wp\/v2\/media?parent=22291"}],"wp:term":[{"taxonomy":"product_brand","embeddable":true,"href":"https:\/\/www.latitude31n.com\/fr\/wp-json\/wp\/v2\/product_brand?post=22291"},{"taxonomy":"product_cat","embeddable":true,"href":"https:\/\/www.latitude31n.com\/fr\/wp-json\/wp\/v2\/product_cat?post=22291"},{"taxonomy":"product_tag","embeddable":true,"href":"https:\/\/www.latitude31n.com\/fr\/wp-json\/wp\/v2\/product_tag?post=22291"}],"curies":[{"name":"wp","href":"https:\/\/api.w.org\/{rel}","templated":true}]}}