{"id":21970,"date":"2023-11-24T17:44:22","date_gmt":"2023-11-24T16:44:22","guid":{"rendered":"https:\/\/www.latitude31n.com\/?post_type=product&#038;p=21970"},"modified":"2024-11-12T15:01:27","modified_gmt":"2024-11-12T14:01:27","slug":"cache-pot-panier","status":"publish","type":"product","link":"https:\/\/www.latitude31n.com\/fr\/paniers-rangements\/teintes-naturelles\/cache-pot-panier\/","title":{"rendered":"Cache-pot panier"},"content":{"rendered":"<h2>Panier marocain pour plante<\/h2>\n<p>Ce petit panier, con\u00e7u avec soin pour servir de cache-pot, pr\u00e9sente un tressage serr\u00e9 et robuste. Son dessous finement tress\u00e9 assure un drainage optimal, favorisant ainsi la sant\u00e9 de vos plantes.<\/p>\n<h2>Panier cache-pot pour plantes de taille moyenne<\/h2>\n<p>Le tressage de qualit\u00e9 en fait un panier esth\u00e9tique et durable pour mettre en valeur vos plantes. Le format de ce panier convient parfaitement aux plantes que vous souhaitez mettre en valeur sans \u00eatre trop imposant ni trop discret. Vous pouvez facilement le poser sur une \u00e9tag\u00e8re ou tout autre support.<\/p>\n<p>Fabriqu\u00e9 dans une belle teinte naturelle d&rsquo;osier, une mati\u00e8re \u00e9cologique.<\/p>\n<p>Pourquoi je l&rsquo;aime :<\/p>\n<p><em><strong>J&rsquo;aime beaucoup l&rsquo;ouverture du dessous, vraiment jolie et bien r\u00e9alis\u00e9e, et qui ajoute une touche de praticit\u00e9. Mes plantes l&rsquo;adorent autant que moi !<\/strong><\/em><\/p>\n<p>Dimensions :<\/p>\n<p>Ce panier cache-pot est r\u00e9alis\u00e9 de mani\u00e8re artisanale; certaines imperfections peuvent \u00eatre not\u00e9es sans qu&rsquo;elles nuisent au charme de l&rsquo;objet.<\/p>\n","protected":false},"excerpt":{"rendered":"<p>Agr\u00e9mentez vos plantes d&rsquo;un \u00e9crin naturel et styl\u00e9 avec notre panier cache-pot sp\u00e9cialement pens\u00e9 pour faciliter le drainage des plantes.<\/p>\n","protected":false},"featured_media":21975,"comment_status":"open","ping_status":"closed","template":"","meta":[],"product_brand":[],"product_cat":[634,467,28,471],"product_tag":[462],"class_list":{"0":"post-21970","1":"product","2":"type-product","3":"status-publish","4":"has-post-thumbnail","6":"product_cat-teintes-naturelles","7":"product_cat-decoration-maison","8":"product_cat-paniers-rangements","9":"product_cat-vases-cache-pots","10":"product_tag-latitude-naturelle","12":"first","13":"instock","14":"taxable","15":"shipping-taxable","16":"purchasable","17":"product-type-simple"},"_links":{"self":[{"href":"https:\/\/www.latitude31n.com\/fr\/wp-json\/wp\/v2\/product\/21970","targetHints":{"allow":["GET"]}}],"collection":[{"href":"https:\/\/www.latitude31n.com\/fr\/wp-json\/wp\/v2\/product"}],"about":[{"href":"https:\/\/www.latitude31n.com\/fr\/wp-json\/wp\/v2\/types\/product"}],"replies":[{"embeddable":true,"href":"https:\/\/www.latitude31n.com\/fr\/wp-json\/wp\/v2\/comments?post=21970"}],"wp:featuredmedia":[{"embeddable":true,"href":"https:\/\/www.latitude31n.com\/fr\/wp-json\/wp\/v2\/media\/21975"}],"wp:attachment":[{"href":"https:\/\/www.latitude31n.com\/fr\/wp-json\/wp\/v2\/media?parent=21970"}],"wp:term":[{"taxonomy":"product_brand","embeddable":true,"href":"https:\/\/www.latitude31n.com\/fr\/wp-json\/wp\/v2\/product_brand?post=21970"},{"taxonomy":"product_cat","embeddable":true,"href":"https:\/\/www.latitude31n.com\/fr\/wp-json\/wp\/v2\/product_cat?post=21970"},{"taxonomy":"product_tag","embeddable":true,"href":"https:\/\/www.latitude31n.com\/fr\/wp-json\/wp\/v2\/product_tag?post=21970"}],"curies":[{"name":"wp","href":"https:\/\/api.w.org\/{rel}","templated":true}]}}