{"id":21921,"date":"2023-11-22T23:55:36","date_gmt":"2023-11-22T22:55:36","guid":{"rendered":"https:\/\/www.latitude31n.com\/?post_type=product&#038;p=21921"},"modified":"2026-04-12T10:45:43","modified_gmt":"2026-04-12T09:45:43","slug":"lampe-crochet","status":"publish","type":"product","link":"https:\/\/www.latitude31n.com\/fr\/luminaires\/lampe-crochet\/","title":{"rendered":"Suspension crochet artisanale \u2013 Luminaire boh\u00e8me chic marocain"},"content":{"rendered":"<h2>Suspensions crochet Maroc<\/h2>\n<p>Jolies <strong data-start=\"2845\" data-end=\"2880\">suspensions crochet artisanales<\/strong> au look japonisant, r\u00e9alis\u00e9es \u00e0 la main par les femmes berb\u00e8res de Marrakech. Ce <strong data-start=\"2962\" data-end=\"2987\">luminaire boh\u00e8me chic<\/strong> est crochet\u00e9 en mailles de corde de viscose (keytan) autour d\u2019une structure m\u00e9tallique. Propos\u00e9e dans des teintes neutres et intemporelles, cette suspension s\u2019accorde ais\u00e9ment avec tous les styles d\u2019int\u00e9rieur, du boh\u00e8me contemporain au japandi.<\/p>\n<h2>Un look boh\u00e8me chic l\u00e9g\u00e8rement r\u00e9tro<\/h2>\n<p>Inspir\u00e9e par le design japonais, cette <strong data-start=\"3782\" data-end=\"3807\">suspension artisanale<\/strong> marie subtilement la discr\u00e9tion \u00e0 une pr\u00e9sence captivante. Son \u00e9l\u00e9gance intemporelle en fait un <strong data-start=\"3904\" data-end=\"3927\">luminaire d\u00e9coratif<\/strong> qui illumine l\u2019espace avec une touche de r\u00e9tro raffin\u00e9.<\/p>\n<p>Dimensions :<\/p>\n<p>La noire et la beige font \u00f840xh60cm, l&rsquo;\u00e9crue mesure \u00f840xh70cm de long, l&rsquo;\u00e9crue\/dor\u00e9e \u00f846xh75cm.<br \/>\nLa XL est XL : \u00f880x100cm<\/p>\n<p>Cette <strong data-start=\"4231\" data-end=\"4263\">suspension textile crochet\u00e9e<\/strong> est livr\u00e9e sans syst\u00e8me \u00e9lectrique. Nous vous conseillons d&rsquo;utiliser une ampoule LED et d&rsquo;installer l&rsquo;ampoule dans la partie la plus large de la lampe.<\/p>\n<p>La mati\u00e8re souple permet d\u2019allonger ou de raccourcir facilement la suspension selon le look souhait\u00e9.<\/p>\n<p>Une anse est pr\u00e9vue pour l&rsquo;accrocher. Pour plus de conseils, vous pouvez consulter notre <a href=\"\/fr\/installer-suspension-paille\/\" target=\"_blank\" rel=\"noopener\">article sur les diff\u00e9rentes m\u00e9thodes d&rsquo;accroche de nos suspensions<\/a>.<\/p>\n<p>Cette lampe crochet artisanale, r\u00e9alis\u00e9e \u00e0 la main, peut comporter certaines imperfections qui garantissent son authenticit\u00e9 et font partie de son charme.<\/p>\n<p>Si vous voulez une paire de suspensions ou plus, n&rsquo;h\u00e9sitez pas \u00e0 me demander des photos car il peut y avoir de l\u00e9g\u00e8res diff\u00e9rences de coloris.<\/p>\n","protected":false},"excerpt":{"rendered":"<h2>Luminaire tendance : La lampe crochet d\u00e9licate et \u00e9pur\u00e9e<\/h2>\n<p>D\u00e9couvrez cette <strong data-start=\"5299\" data-end=\"5332\">suspension crochet artisanale<\/strong>, patiemment r\u00e9alis\u00e9e par les femmes berb\u00e8res de Marrakech. Un <strong data-start=\"5395\" data-end=\"5420\">luminaire boh\u00e8me chic<\/strong> aux lignes japonisantes, aux teintes intemporelles, v\u00e9ritable ode \u00e0 la douceur.<\/p>\n<ul>\n<li>Dimensions et coloris variables (voir description longue ci-dessous)<\/li>\n<li>Possibilit\u00e9 de la r\u00e9aliser sur mesure dans d&rsquo;autres coloris.<\/li>\n<li>R\u00e9alis\u00e9es main en fibres de textile crochet\u00e9e<\/li>\n<\/ul>\n","protected":false},"featured_media":21847,"comment_status":"open","ping_status":"closed","template":"","meta":[],"product_brand":[],"product_cat":[22,598],"product_tag":[],"class_list":{"0":"post-21921","1":"product","2":"type-product","3":"status-publish","4":"has-post-thumbnail","6":"product_cat-luminaires","7":"product_cat-soldes","9":"first","10":"instock","11":"sale","12":"taxable","13":"shipping-taxable","14":"purchasable","15":"product-type-variable"},"_links":{"self":[{"href":"https:\/\/www.latitude31n.com\/fr\/wp-json\/wp\/v2\/product\/21921","targetHints":{"allow":["GET"]}}],"collection":[{"href":"https:\/\/www.latitude31n.com\/fr\/wp-json\/wp\/v2\/product"}],"about":[{"href":"https:\/\/www.latitude31n.com\/fr\/wp-json\/wp\/v2\/types\/product"}],"replies":[{"embeddable":true,"href":"https:\/\/www.latitude31n.com\/fr\/wp-json\/wp\/v2\/comments?post=21921"}],"wp:featuredmedia":[{"embeddable":true,"href":"https:\/\/www.latitude31n.com\/fr\/wp-json\/wp\/v2\/media\/21847"}],"wp:attachment":[{"href":"https:\/\/www.latitude31n.com\/fr\/wp-json\/wp\/v2\/media?parent=21921"}],"wp:term":[{"taxonomy":"product_brand","embeddable":true,"href":"https:\/\/www.latitude31n.com\/fr\/wp-json\/wp\/v2\/product_brand?post=21921"},{"taxonomy":"product_cat","embeddable":true,"href":"https:\/\/www.latitude31n.com\/fr\/wp-json\/wp\/v2\/product_cat?post=21921"},{"taxonomy":"product_tag","embeddable":true,"href":"https:\/\/www.latitude31n.com\/fr\/wp-json\/wp\/v2\/product_tag?post=21921"}],"curies":[{"name":"wp","href":"https:\/\/api.w.org\/{rel}","templated":true}]}}