{"id":19150,"date":"2023-10-19T15:56:17","date_gmt":"2023-10-19T14:56:17","guid":{"rendered":"https:\/\/www.latitude31n.com\/?post_type=product&#038;p=19150"},"modified":"2025-10-30T15:28:49","modified_gmt":"2025-10-30T14:28:49","slug":"tabourets-tresses","status":"publish","type":"product","link":"https:\/\/www.latitude31n.com\/fr\/assises-petit-mobilier\/bancs-tabourets\/tabourets-tresses\/","title":{"rendered":"Tabourets tress\u00e9s"},"content":{"rendered":"<h2>Tabourets tress\u00e9s en corde, fabrication artisanale marocaine<\/h2>\n<p>Nos tabourets tress\u00e9s au Maroc sont uniques en leur genre. Ils sont fabriqu\u00e9s main selon les traditions artisanales berb\u00e8res tout en s&rsquo;inspirant du design contemporain. Ils ajoutent une touche moderne \u00e0 l&rsquo;esth\u00e9tique marocaine classique.<\/p>\n<p>Leur bois clair, chaleureux et naturel, apporte une touche de simplicit\u00e9 qui met en valeur le c\u0153ur de l&rsquo;\u0153uvre : le tressage. De couleur classique et intemporel, comme l&rsquo;ind\u00e9modable kaki, ou dans des couleurs douces et vibrantes \u00e0 la fois, pour le printemps-\u00e9t\u00e9 : vieux rose, olive ou un joli bleu tirant sur le vert.<\/p>\n<h2>Une touche boh\u00e8me et color\u00e9e dans la maison<\/h2>\n<p>Que vous les placiez dans votre salon en bout de canap\u00e9, votre chambre pour poser vos livres, votre salle de bain pour les serviettes, ou dans la chambre d&rsquo;enfant, ces tabourets tress\u00e9s\u00a0 apportent une touche unique d&rsquo;authenticit\u00e9 et d&rsquo;originalit\u00e9. Nos tabourets tress\u00e9s en corde apportent une touche de fantaisie et de couleur \u00e0 votre int\u00e9rieur.<\/p>\n<p>Dimensions: 30x30xh40cm<\/p>\n<p>Ces tabourets en bois sont r\u00e9alis\u00e9s de mani\u00e8re artisanale. Il est quasiment certain qu&rsquo;ils pr\u00e9sentent certaines imperfections mais c&rsquo;est la garantie de leur authenticit\u00e9.<\/p>\n<p>&nbsp;<\/p>\n<p>&nbsp;<\/p>\n<p>&nbsp;<\/p>\n","protected":false},"excerpt":{"rendered":"<p>Ajoutez style et couleur dans votre int\u00e9rieur avec ces petits<strong> tabourets tress\u00e9s<\/strong> au Maroc. Un petit tabouret classique, facile \u00e0 d\u00e9placer et qui s&rsquo;installe partout.<\/p>\n<ul>\n<li>En bois de laurier ou eucalyptus<\/li>\n<li>tressage en corde<\/li>\n<li>4 coloris disponibles (possibilit\u00e9 de sur mesure sur d&rsquo;autres couleurs)<\/li>\n<li>30x30xh40cm<\/li>\n<\/ul>\n<p>&nbsp;<\/p>\n","protected":false},"featured_media":32235,"comment_status":"open","ping_status":"closed","template":"","meta":[],"product_brand":[],"product_cat":[501,34,598],"product_tag":[463,899],"class_list":{"0":"post-19150","1":"product","2":"type-product","3":"status-publish","4":"has-post-thumbnail","6":"product_cat-bancs-tabourets","7":"product_cat-assises-petit-mobilier","8":"product_cat-soldes","9":"product_tag-latitude-pop","10":"product_tag-no-us","12":"first","13":"instock","14":"sale","15":"taxable","16":"shipping-taxable","17":"purchasable","18":"product-type-variable"},"_links":{"self":[{"href":"https:\/\/www.latitude31n.com\/fr\/wp-json\/wp\/v2\/product\/19150","targetHints":{"allow":["GET"]}}],"collection":[{"href":"https:\/\/www.latitude31n.com\/fr\/wp-json\/wp\/v2\/product"}],"about":[{"href":"https:\/\/www.latitude31n.com\/fr\/wp-json\/wp\/v2\/types\/product"}],"replies":[{"embeddable":true,"href":"https:\/\/www.latitude31n.com\/fr\/wp-json\/wp\/v2\/comments?post=19150"}],"wp:featuredmedia":[{"embeddable":true,"href":"https:\/\/www.latitude31n.com\/fr\/wp-json\/wp\/v2\/media\/32235"}],"wp:attachment":[{"href":"https:\/\/www.latitude31n.com\/fr\/wp-json\/wp\/v2\/media?parent=19150"}],"wp:term":[{"taxonomy":"product_brand","embeddable":true,"href":"https:\/\/www.latitude31n.com\/fr\/wp-json\/wp\/v2\/product_brand?post=19150"},{"taxonomy":"product_cat","embeddable":true,"href":"https:\/\/www.latitude31n.com\/fr\/wp-json\/wp\/v2\/product_cat?post=19150"},{"taxonomy":"product_tag","embeddable":true,"href":"https:\/\/www.latitude31n.com\/fr\/wp-json\/wp\/v2\/product_tag?post=19150"}],"curies":[{"name":"wp","href":"https:\/\/api.w.org\/{rel}","templated":true}]}}