{"id":18729,"date":"2023-08-03T14:33:31","date_gmt":"2023-08-03T13:33:31","guid":{"rendered":"https:\/\/www.latitude31n.com\/?post_type=product&#038;p=18729"},"modified":"2026-04-13T20:29:41","modified_gmt":"2026-04-13T19:29:41","slug":"banc-tresse-ecru","status":"publish","type":"product","link":"https:\/\/www.latitude31n.com\/fr\/assises-petit-mobilier\/bancs-tabourets\/banc-tresse-ecru\/","title":{"rendered":"Banc tress\u00e9 noir ou \u00e9cru"},"content":{"rendered":"<h2>Banquette marocaine en corde<\/h2>\n<p>Ces bancs artisanaux mesurent un m\u00e8tre de long et sont r\u00e9alis\u00e9s \u00e0 partir de bois de laurier clair et tress\u00e9 de coton blanc cass\u00e9 ou en corde noire ou blanche.<\/p>\n<p><a href=\"\/fr\/tabouret-berbere-beldi\/\" target=\"_blank\" rel=\"noopener\">Les bancs marocains pr\u00e9sentent une grande vari\u00e9t\u00e9 de designs et de motifs<\/a>. Le tressage peut \u00eatre simple ou complexe et le pi\u00e8tement peut \u00eatre droit ou inclin\u00e9.<\/p>\n<p>Vous trouverez ici deux mod\u00e8les diff\u00e9rents de bancs tress\u00e9s, l&rsquo;un plut\u00f4t traditionnel et le second avec un pi\u00e8tement et un tressage plus contemporain.<\/p>\n<h2>Banc d&rsquo;entr\u00e9e ou bout de lit \u00e0 l&rsquo;esprit d\u00e9co ethnique<\/h2>\n<p>Les bancs berb\u00e8res sont polyvalents et peuvent \u00eatre utilis\u00e9s de diff\u00e9rentes mani\u00e8res dans les int\u00e9rieurs modernes occidentaux. Leurs motifs tress\u00e9s et leurs d\u00e9tails ornementaux en font des \u00e9l\u00e9ments de design attrayants qui attirent l&rsquo;attention dans n&rsquo;importe quelle pi\u00e8ce.<\/p>\n<p>Que vous pr\u00e9f\u00e9riez la simplicit\u00e9 du banc droit ou l&rsquo;originalit\u00e9 de la version inclin\u00e9e, notre banc tress\u00e9 se marie avec diff\u00e9rents styles, gr\u00e2ce \u00e0 leur teinte intemporelle.<\/p>\n<p>Dimensions : 100x40xh40 cm<\/p>\n<p>Ces bancs tress\u00e9s sont fabriqu\u00e9s artisanalement au Maroc et peuvent comporter quelques imperfections qui garantissent leur authenticit\u00e9. Qu&rsquo;ils soient en coton ou en corde, ils se nettoient facilement.<\/p>\n","protected":false},"excerpt":{"rendered":"<p>Inspirez-vous de la <a href=\"\/fr\/le-style-beldi-chic\/\" target=\"_blank\" rel=\"noopener\">d\u00e9co des riads beldi chic<\/a> et int\u00e9grez nos bancs marocains traditionnels ou design dans votre int\u00e9rieur.<\/p>\n<ul>\n<li>Tressage corde viscose ou coton \u00e9cru<\/li>\n<li>longueur 1 m\u00e8tre<\/li>\n<li>2 styles de pi\u00e8tement et de tressage<\/li>\n<\/ul>\n<p>Possibilit\u00e9 de commande dans d&rsquo;autres coloris.<\/p>\n","protected":false},"featured_media":18744,"comment_status":"open","ping_status":"closed","template":"","meta":[],"product_brand":[],"product_cat":[501,34],"product_tag":[899],"class_list":{"0":"post-18729","1":"product","2":"type-product","3":"status-publish","4":"has-post-thumbnail","6":"product_cat-bancs-tabourets","7":"product_cat-assises-petit-mobilier","8":"product_tag-no-us","10":"first","11":"instock","12":"sale","13":"taxable","14":"shipping-taxable","15":"purchasable","16":"product-type-variable"},"_links":{"self":[{"href":"https:\/\/www.latitude31n.com\/fr\/wp-json\/wp\/v2\/product\/18729","targetHints":{"allow":["GET"]}}],"collection":[{"href":"https:\/\/www.latitude31n.com\/fr\/wp-json\/wp\/v2\/product"}],"about":[{"href":"https:\/\/www.latitude31n.com\/fr\/wp-json\/wp\/v2\/types\/product"}],"replies":[{"embeddable":true,"href":"https:\/\/www.latitude31n.com\/fr\/wp-json\/wp\/v2\/comments?post=18729"}],"wp:featuredmedia":[{"embeddable":true,"href":"https:\/\/www.latitude31n.com\/fr\/wp-json\/wp\/v2\/media\/18744"}],"wp:attachment":[{"href":"https:\/\/www.latitude31n.com\/fr\/wp-json\/wp\/v2\/media?parent=18729"}],"wp:term":[{"taxonomy":"product_brand","embeddable":true,"href":"https:\/\/www.latitude31n.com\/fr\/wp-json\/wp\/v2\/product_brand?post=18729"},{"taxonomy":"product_cat","embeddable":true,"href":"https:\/\/www.latitude31n.com\/fr\/wp-json\/wp\/v2\/product_cat?post=18729"},{"taxonomy":"product_tag","embeddable":true,"href":"https:\/\/www.latitude31n.com\/fr\/wp-json\/wp\/v2\/product_tag?post=18729"}],"curies":[{"name":"wp","href":"https:\/\/api.w.org\/{rel}","templated":true}]}}