{"id":18725,"date":"2023-08-02T16:37:22","date_gmt":"2023-08-02T15:37:22","guid":{"rendered":"https:\/\/www.latitude31n.com\/?post_type=product&#038;p=18725"},"modified":"2025-01-07T14:00:40","modified_gmt":"2025-01-07T13:00:40","slug":"bouilloire-africaine-plastique","status":"publish","type":"product","link":"https:\/\/www.latitude31n.com\/fr\/decoration-maison\/vases-cache-pots\/bouilloire-africaine-plastique\/","title":{"rendered":"Bouilloire africaine en plastique recycl\u00e9"},"content":{"rendered":"<h2>Arrosoir africain color\u00e9<\/h2>\n<p>Une bouilloire tout droit arriv\u00e9e d&rsquo;Afrique subsaharienne qu&rsquo;on peut utiliser comme arrosoir ou dans la cuisine. En Afrique, on l&rsquo;appelle <em>tassal\u00e9<\/em> et elle est utilis\u00e9e pour transporter l&rsquo;eau dans des endroits o\u00f9 l&rsquo;eau est peu accessible. Elle permet aussi d&rsquo;\u00e9conomiser l&rsquo;utilisation de l&rsquo;eau.<\/p>\n<h2>Id\u00e9e cadeau pour jardinier du dimanche<\/h2>\n<p>D\u00e9co et pratique, elle fera le bonheur de tout jardinier. En appartement, elle s&rsquo;affiche joyeusement \u00e0 c\u00f4t\u00e9 de vos plantes et apportera une petite touche d\u00e9co fantaisiste.<\/p>\n<p>Pourquoi je l&rsquo;aime :<\/p>\n<p><strong><em>Une de mes amies en a ramen\u00e9 une du S\u00e9n\u00e9gal. J&rsquo;ai tellement aim\u00e9 que j&rsquo;ai actionn\u00e9 mon r\u00e9seau pour en recevoir et vous les proposer \ud83d\ude42<\/em><\/strong><\/p>\n<p>Dimensions: \u2205 18xh20 cm<\/p>\n<p>C&rsquo;est une bouilloire en plastique recycl\u00e9, fabriqu\u00e9 en Afrique de l&rsquo;Ouest. Elle peut comporter certaines imperfections qui vous garantissent son authenticit\u00e9.<\/p>\n<p>&nbsp;<\/p>\n","protected":false},"excerpt":{"rendered":"<p>Apportez une touche de d\u00e9co joyeuse et fantaisiste dans votre jardin int\u00e9rieur ou ext\u00e9rieur avec les bouilloires africaines en plastique color\u00e9.<\/p>\n","protected":false},"featured_media":18700,"comment_status":"open","ping_status":"closed","template":"","meta":[],"product_brand":[],"product_cat":[471,27],"product_tag":[463],"class_list":{"0":"post-18725","1":"product","2":"type-product","3":"status-publish","4":"has-post-thumbnail","6":"product_cat-vases-cache-pots","7":"product_cat-arts-table","8":"product_tag-latitude-pop","10":"first","11":"outofstock","12":"taxable","13":"shipping-taxable","14":"purchasable","15":"product-type-simple"},"_links":{"self":[{"href":"https:\/\/www.latitude31n.com\/fr\/wp-json\/wp\/v2\/product\/18725","targetHints":{"allow":["GET"]}}],"collection":[{"href":"https:\/\/www.latitude31n.com\/fr\/wp-json\/wp\/v2\/product"}],"about":[{"href":"https:\/\/www.latitude31n.com\/fr\/wp-json\/wp\/v2\/types\/product"}],"replies":[{"embeddable":true,"href":"https:\/\/www.latitude31n.com\/fr\/wp-json\/wp\/v2\/comments?post=18725"}],"wp:featuredmedia":[{"embeddable":true,"href":"https:\/\/www.latitude31n.com\/fr\/wp-json\/wp\/v2\/media\/18700"}],"wp:attachment":[{"href":"https:\/\/www.latitude31n.com\/fr\/wp-json\/wp\/v2\/media?parent=18725"}],"wp:term":[{"taxonomy":"product_brand","embeddable":true,"href":"https:\/\/www.latitude31n.com\/fr\/wp-json\/wp\/v2\/product_brand?post=18725"},{"taxonomy":"product_cat","embeddable":true,"href":"https:\/\/www.latitude31n.com\/fr\/wp-json\/wp\/v2\/product_cat?post=18725"},{"taxonomy":"product_tag","embeddable":true,"href":"https:\/\/www.latitude31n.com\/fr\/wp-json\/wp\/v2\/product_tag?post=18725"}],"curies":[{"name":"wp","href":"https:\/\/api.w.org\/{rel}","templated":true}]}}