{"id":16719,"date":"2023-05-29T17:17:48","date_gmt":"2023-05-29T16:17:48","guid":{"rendered":"https:\/\/www.latitude31n.com\/?post_type=product&#038;p=16719"},"modified":"2025-10-30T19:38:24","modified_gmt":"2025-10-30T18:38:24","slug":"applique-coloree","status":"publish","type":"product","link":"https:\/\/www.latitude31n.com\/fr\/luminaires\/applique-coloree\/","title":{"rendered":"Applique color\u00e9e"},"content":{"rendered":"<h2><strong>Applique tress\u00e9e en raphia de toutes les couleurs<\/strong><\/h2>\n<p>Le luminaire est constitu\u00e9 d&rsquo;une armature en m\u00e9tal recouvert d&rsquo;un tressage en raphia de diff\u00e9rentes couleurs. C&rsquo;est un travail f\u00e9minin. Nos femmes artisans travaillent chez elle et tressent nos luminaires et d&rsquo;autres ouvrages que nous pr\u00e9sentons sur notre site.<\/p>\n<h2><strong>Lampe murale, une ambiance douce et tamis\u00e9e<\/strong><\/h2>\n<p>L&rsquo;applique murale diffuse une lumi\u00e8re tamis\u00e9e et cr\u00e9e une ambiance particuli\u00e8re gr\u00e2ce \u00e0 son tressage multicolore.<\/p>\n<p>La version multicolore de la <a href=\"\/fr\/luminaires\/applique-murale-raphia\/\" target=\"_blank\" rel=\"noopener\"><em><strong>suspension boh\u00e8me chic<\/strong><\/em><\/a>.<\/p>\n<p>Dimensions : h30x25x15 cm<\/p>\n<p>Cette lampe murale est artisanale et peut comporter certaines imperfections qui garantissent son authenticit\u00e9.<\/p>\n","protected":false},"excerpt":{"rendered":"<p>Ajoutez une touche de couleur et de lumi\u00e8re sur vos murs avec notre applique murale tress\u00e9e de raphia multicolore.<\/p>\n","protected":false},"featured_media":29845,"comment_status":"open","ping_status":"closed","template":"","meta":[],"product_brand":[],"product_cat":[22],"product_tag":[461,899],"class_list":{"0":"post-16719","1":"product","2":"type-product","3":"status-publish","4":"has-post-thumbnail","6":"product_cat-luminaires","7":"product_tag-latitude-lumineuse","8":"product_tag-no-us","10":"first","11":"instock","12":"taxable","13":"shipping-taxable","14":"purchasable","15":"product-type-simple"},"_links":{"self":[{"href":"https:\/\/www.latitude31n.com\/fr\/wp-json\/wp\/v2\/product\/16719","targetHints":{"allow":["GET"]}}],"collection":[{"href":"https:\/\/www.latitude31n.com\/fr\/wp-json\/wp\/v2\/product"}],"about":[{"href":"https:\/\/www.latitude31n.com\/fr\/wp-json\/wp\/v2\/types\/product"}],"replies":[{"embeddable":true,"href":"https:\/\/www.latitude31n.com\/fr\/wp-json\/wp\/v2\/comments?post=16719"}],"wp:featuredmedia":[{"embeddable":true,"href":"https:\/\/www.latitude31n.com\/fr\/wp-json\/wp\/v2\/media\/29845"}],"wp:attachment":[{"href":"https:\/\/www.latitude31n.com\/fr\/wp-json\/wp\/v2\/media?parent=16719"}],"wp:term":[{"taxonomy":"product_brand","embeddable":true,"href":"https:\/\/www.latitude31n.com\/fr\/wp-json\/wp\/v2\/product_brand?post=16719"},{"taxonomy":"product_cat","embeddable":true,"href":"https:\/\/www.latitude31n.com\/fr\/wp-json\/wp\/v2\/product_cat?post=16719"},{"taxonomy":"product_tag","embeddable":true,"href":"https:\/\/www.latitude31n.com\/fr\/wp-json\/wp\/v2\/product_tag?post=16719"}],"curies":[{"name":"wp","href":"https:\/\/api.w.org\/{rel}","templated":true}]}}