{"id":16683,"date":"2023-05-26T12:57:09","date_gmt":"2023-05-26T11:57:09","guid":{"rendered":"https:\/\/www.latitude31n.com\/?post_type=product&#038;p=16683"},"modified":"2024-11-12T15:06:42","modified_gmt":"2024-11-12T14:06:42","slug":"deco-murale-etoile","status":"publish","type":"product","link":"https:\/\/www.latitude31n.com\/fr\/decoration-murale\/corbeilles\/deco-murale-etoile\/","title":{"rendered":"D\u00e9co murale \u00e9toiles"},"content":{"rendered":"<h2>Dessous de plat aux motifs d&rsquo;\u00e9toiles<\/h2>\n<p>Ces assiettes plates sont fabriqu\u00e9es par les femmes berb\u00e8res du Maroc. Elles sont en osier tress\u00e9 que nos artisanes recouvrent de laine color\u00e9e pour former des motifs g\u00e9om\u00e9triques typiques du Maghreb. Ici, des \u00e9toiles. Les couleurs utilis\u00e9es sont douces et compl\u00e9mentaires.<\/p>\n<h2>A d\u00e9tourner en d\u00e9coration murale boh\u00e8me<\/h2>\n<p>Ces dessous de plat peuvent \u00eatre utilis\u00e9s comme dessous de plat, \u00e0 l&rsquo;\u00e9vidence \ud83d\ude42 mais aussi en d\u00e9co murale. Nous les proposons en lot de 3 pour former une composition murale tendance et visuelle.<\/p>\n<p>Pourquoi je les aime :<\/p>\n<p><em><strong>Leurs couleurs pastel harmonieuses.<\/strong><\/em><\/p>\n<p>Dimensions : 23\/25cm<\/p>\n<p>Ces plateaux plats sont r\u00e9alis\u00e9s artisanalement par nos artisans. Malgr\u00e9 toute leur dext\u00e9rit\u00e9 et d\u00e9votion, ils peuvent contenir certaines imperfections qui garantissent leur authenticit\u00e9.<\/p>\n","protected":false},"excerpt":{"rendered":"<p>Vendus en lot de 3.<\/p>\n<p>Des dessous de plat \u00e0 d\u00e9tourner en d\u00e9coration murale tendance.<\/p>\n","protected":false},"featured_media":16692,"comment_status":"open","ping_status":"closed","template":"","meta":[],"product_brand":[],"product_cat":[474,23,27],"product_tag":[],"class_list":{"0":"post-16683","1":"product","2":"type-product","3":"status-publish","4":"has-post-thumbnail","6":"product_cat-corbeilles","7":"product_cat-decoration-murale","8":"product_cat-arts-table","10":"first","11":"instock","12":"taxable","13":"shipping-taxable","14":"purchasable","15":"product-type-variable"},"_links":{"self":[{"href":"https:\/\/www.latitude31n.com\/fr\/wp-json\/wp\/v2\/product\/16683","targetHints":{"allow":["GET"]}}],"collection":[{"href":"https:\/\/www.latitude31n.com\/fr\/wp-json\/wp\/v2\/product"}],"about":[{"href":"https:\/\/www.latitude31n.com\/fr\/wp-json\/wp\/v2\/types\/product"}],"replies":[{"embeddable":true,"href":"https:\/\/www.latitude31n.com\/fr\/wp-json\/wp\/v2\/comments?post=16683"}],"wp:featuredmedia":[{"embeddable":true,"href":"https:\/\/www.latitude31n.com\/fr\/wp-json\/wp\/v2\/media\/16692"}],"wp:attachment":[{"href":"https:\/\/www.latitude31n.com\/fr\/wp-json\/wp\/v2\/media?parent=16683"}],"wp:term":[{"taxonomy":"product_brand","embeddable":true,"href":"https:\/\/www.latitude31n.com\/fr\/wp-json\/wp\/v2\/product_brand?post=16683"},{"taxonomy":"product_cat","embeddable":true,"href":"https:\/\/www.latitude31n.com\/fr\/wp-json\/wp\/v2\/product_cat?post=16683"},{"taxonomy":"product_tag","embeddable":true,"href":"https:\/\/www.latitude31n.com\/fr\/wp-json\/wp\/v2\/product_tag?post=16683"}],"curies":[{"name":"wp","href":"https:\/\/api.w.org\/{rel}","templated":true}]}}