{"id":16630,"date":"2023-05-17T17:57:15","date_gmt":"2023-05-17T16:57:15","guid":{"rendered":"https:\/\/www.latitude31n.com\/?post_type=product&#038;p=16630"},"modified":"2024-08-28T18:41:00","modified_gmt":"2024-08-28T17:41:00","slug":"petit-panier-enfant","status":"publish","type":"product","link":"https:\/\/www.latitude31n.com\/fr\/deco-enfant\/petit-panier-enfant\/","title":{"rendered":"Petit panier pour enfant"},"content":{"rendered":"<h2><strong>Mignon petit panier brod\u00e9 d&rsquo;un animal\u00a0<\/strong><\/h2>\n<p>Vous trouverez facilement une petite place pour ce tendre panier. <a href=\"\/fr\/histoire\/les-partenaires\/\" target=\"_blank\" rel=\"noopener\">Hafsa<\/a>, notre charmante brodeuse, a ajout\u00e9 des yeux ferm\u00e9s et un museau en pompon aux classiques paniers marocains en palmier <a href=\"\/fr\/doum-presentation-conseils-entretien\/\" target=\"_blank\" rel=\"noopener\"><em>doum.<\/em><\/a><\/p>\n<h2><strong>Rangement pour chambre de b\u00e9b\u00e9 ou d&rsquo;enfant<\/strong><\/h2>\n<p>Il stockera les petits jouets miniatures de votre enfant ou les cotons et autres indispensables de la toilette de b\u00e9b\u00e9. Et pourquoi pas votre maquillage ou vos bijoux dans la salle de bains ?<\/p>\n<p>Pourquoi je l&rsquo;aime :<\/p>\n<p><strong><em>C&rsquo;est une \u00e9vidence&#8230;. tellement mignon!<\/em><\/strong><\/p>\n<p>Vous aimerez aussi <a href=\"\/fr\/deco-enfant\/mignons-paniers-chambre-denfant\/\" target=\"_blank\" rel=\"noopener\">le panier dodo avec couvercle<\/a>.<\/p>\n<p>Dimensions : pas tr\u00e8s grand, 12x22xh17cm<\/p>\n<p>Ils sont fabriqu\u00e9s et brod\u00e9s avec amour et talent mais peuvent tout de m\u00eame comporter des imperfections.<\/p>\n","protected":false},"excerpt":{"rendered":"<p>Vous craquerez \u00e0 coup s\u00fbr pour ce mignon petit panier brod\u00e9.<\/p>\n","protected":false},"featured_media":16631,"comment_status":"open","ping_status":"closed","template":"","meta":[],"product_brand":[],"product_cat":[892,28,634],"product_tag":[],"class_list":{"0":"post-16630","1":"product","2":"type-product","3":"status-publish","4":"has-post-thumbnail","6":"product_cat-deco-enfant","7":"product_cat-paniers-rangements","8":"product_cat-teintes-naturelles","10":"first","11":"instock","12":"taxable","13":"shipping-taxable","14":"purchasable","15":"product-type-variable"},"_links":{"self":[{"href":"https:\/\/www.latitude31n.com\/fr\/wp-json\/wp\/v2\/product\/16630","targetHints":{"allow":["GET"]}}],"collection":[{"href":"https:\/\/www.latitude31n.com\/fr\/wp-json\/wp\/v2\/product"}],"about":[{"href":"https:\/\/www.latitude31n.com\/fr\/wp-json\/wp\/v2\/types\/product"}],"replies":[{"embeddable":true,"href":"https:\/\/www.latitude31n.com\/fr\/wp-json\/wp\/v2\/comments?post=16630"}],"wp:featuredmedia":[{"embeddable":true,"href":"https:\/\/www.latitude31n.com\/fr\/wp-json\/wp\/v2\/media\/16631"}],"wp:attachment":[{"href":"https:\/\/www.latitude31n.com\/fr\/wp-json\/wp\/v2\/media?parent=16630"}],"wp:term":[{"taxonomy":"product_brand","embeddable":true,"href":"https:\/\/www.latitude31n.com\/fr\/wp-json\/wp\/v2\/product_brand?post=16630"},{"taxonomy":"product_cat","embeddable":true,"href":"https:\/\/www.latitude31n.com\/fr\/wp-json\/wp\/v2\/product_cat?post=16630"},{"taxonomy":"product_tag","embeddable":true,"href":"https:\/\/www.latitude31n.com\/fr\/wp-json\/wp\/v2\/product_tag?post=16630"}],"curies":[{"name":"wp","href":"https:\/\/api.w.org\/{rel}","templated":true}]}}