{"id":1660,"date":"2021-05-31T10:52:01","date_gmt":"2021-05-31T09:52:01","guid":{"rendered":"https:\/\/www.latitude31n.com\/?post_type=product&#038;p=1660"},"modified":"2024-10-12T15:57:22","modified_gmt":"2024-10-12T14:57:22","slug":"coussin-de-sol-en-kilim-ancien-raye","status":"publish","type":"product","link":"https:\/\/www.latitude31n.com\/fr\/assises-petit-mobilier\/coussins-de-sol\/coussin-de-sol-en-kilim-ancien-raye\/","title":{"rendered":"Coussin de sol en kilim ancien ray\u00e9"},"content":{"rendered":"<h2>Housse de pouf de sol carr\u00e9<\/h2>\n<p>Elle mesure 60x60xh20 cm, est r\u00e9alis\u00e9e \u00e0 partir d&rsquo;un <strong>kilim ancien marocain<\/strong>, dans des tons de terre (beige, brun, marron) tr\u00e8s doux. Le tissage main lui apporte une <strong>belle texture<\/strong>.<\/p>\n<p>Ces assises lounge sont un moyen parfait d&rsquo;affirmer votre personnalit\u00e9 et de donner un <strong>esprit d\u00e9contract\u00e9<\/strong> et informel \u00e0 votre salon, coin lecture ou coin t\u00e9l\u00e9. Vos enfants seront aussi ravis du confort de ces larges poufs, qui sont exactement \u00e0 leur hauteur. Ils peuvent de plus \u00eatre transport\u00e9s facilement d&rsquo;une pi\u00e8ce \u00e0 l&rsquo;autre.<\/p>\n<p>Ils ne sont pas remplis, mais vous pouvez les remplir \u00e0 votre convenance, selon le degr\u00e9 de fermet\u00e9 que vous recherchez. Vous pouvez m\u00eame en faire une petite table d&rsquo;appoint sur laquelle poser vos livres et plus si vous lui ajoutez un plateau.<\/p>\n<p>Pourquoi je l&rsquo;aime :<\/p>\n<p><em><strong>J&rsquo;aime son c\u00f4t\u00e9 pass\u00e9, on peut voir les traces de son utilisation de tapis dans sa premi\u00e8re vie.<\/strong><br \/>\n<\/em><\/p>\n<p>L&rsquo;annonce concerne la housse seule, me contacter pour un devis si vous voulez un coussin int\u00e9rieur.<br \/>\nPour rembourrer la housse, utilisez de la bourre, des perles de polystyr\u00e8ne ou des mat\u00e9riaux de r\u00e9cup\u00e9ration comme de vieux v\u00eatements&#8230;.<\/p>\n<p>Totalement d\u00e9houssable<br \/>\nDessous toile blanche<br \/>\nFermeture \u00e9clair sur la face post\u00e9rieure<\/p>\n<p>Etant donn\u00e9 l&rsquo;anciennet\u00e9 du mat\u00e9riau, laver d\u00e9licatement avec pr\u00e9caution, de pr\u00e9f\u00e9rence \u00e0 l&rsquo;eau froide et laisser s\u00e9cher \u00e0 plat.<\/p>\n<p>Dimensions : 60x60xh20cm<\/p>\n","protected":false},"excerpt":{"rendered":"<p>Pouf marocain con\u00e7u \u00e0 partir d&rsquo;un ancien tapis kilim berb\u00e8re, dans des tons tr\u00e8s doux naturels. Grosses rayures brunes, beiges. Motifs et couleurs intemporels.<\/p>\n<p><strong>Livraison gratuite<br \/>\n<\/strong><\/p>\n<p>&nbsp;<\/p>\n","protected":false},"featured_media":3783,"comment_status":"open","ping_status":"closed","template":"","meta":[],"product_brand":[],"product_cat":[35,34],"product_tag":[71,226,176,465,225,118],"class_list":{"0":"post-1660","1":"product","2":"type-product","3":"status-publish","4":"has-post-thumbnail","6":"product_cat-coussins-de-sol","7":"product_cat-assises-petit-mobilier","8":"product_tag-assise","9":"product_tag-cadeau-homme","10":"product_tag-cadeau-pour-lui","11":"product_tag-latitude-vintage","12":"product_tag-matelas","13":"product_tag-sieges","15":"first","16":"outofstock","17":"taxable","18":"shipping-taxable","19":"purchasable","20":"product-type-simple"},"_links":{"self":[{"href":"https:\/\/www.latitude31n.com\/fr\/wp-json\/wp\/v2\/product\/1660","targetHints":{"allow":["GET"]}}],"collection":[{"href":"https:\/\/www.latitude31n.com\/fr\/wp-json\/wp\/v2\/product"}],"about":[{"href":"https:\/\/www.latitude31n.com\/fr\/wp-json\/wp\/v2\/types\/product"}],"replies":[{"embeddable":true,"href":"https:\/\/www.latitude31n.com\/fr\/wp-json\/wp\/v2\/comments?post=1660"}],"wp:featuredmedia":[{"embeddable":true,"href":"https:\/\/www.latitude31n.com\/fr\/wp-json\/wp\/v2\/media\/3783"}],"wp:attachment":[{"href":"https:\/\/www.latitude31n.com\/fr\/wp-json\/wp\/v2\/media?parent=1660"}],"wp:term":[{"taxonomy":"product_brand","embeddable":true,"href":"https:\/\/www.latitude31n.com\/fr\/wp-json\/wp\/v2\/product_brand?post=1660"},{"taxonomy":"product_cat","embeddable":true,"href":"https:\/\/www.latitude31n.com\/fr\/wp-json\/wp\/v2\/product_cat?post=1660"},{"taxonomy":"product_tag","embeddable":true,"href":"https:\/\/www.latitude31n.com\/fr\/wp-json\/wp\/v2\/product_tag?post=1660"}],"curies":[{"name":"wp","href":"https:\/\/api.w.org\/{rel}","templated":true}]}}