{"id":16570,"date":"2023-05-05T15:40:02","date_gmt":"2023-05-05T14:40:02","guid":{"rendered":"https:\/\/www.latitude31n.com\/?post_type=product&#038;p=16570"},"modified":"2025-09-01T15:02:02","modified_gmt":"2025-09-01T14:02:02","slug":"etagere-bois","status":"publish","type":"product","link":"https:\/\/www.latitude31n.com\/fr\/assises-petit-mobilier\/etagere-bois\/","title":{"rendered":"Etag\u00e8re en bois"},"content":{"rendered":"<h2><strong>Meuble de rangement artisanal<\/strong><\/h2>\n<p>Ce petit meuble \u00e0 3 \u00e9tages est en bois de laurier brut. Il est r\u00e9alis\u00e9 main en rondins, assembl\u00e9s de mani\u00e8re \u00e0 former ce meuble \u00e0 \u00e9tag\u00e8res, comme 3 petites caisses mont\u00e9es les unes sur les autres. Le bois est clair et porte les visibles marques du travail manuel.<\/p>\n<h2><strong>Etag\u00e8re marocaine au look scandinave<\/strong><\/h2>\n<p>L&rsquo;orient \u00e0 la rencontre des nordiques. Avec ses lignes simples et ce bois au naturel, ce petit meuble est terriblement minimaliste, ce qui lui permet de s&rsquo;int\u00e9grer facilement dans tout int\u00e9rieur.<\/p>\n<p>Pourquoi je l&rsquo;aime :<\/p>\n<p><em><strong>Son design simple et \u00e9pur\u00e9. Je la trouve id\u00e9ale pour la salle de bains, mais elle s&rsquo;installe facilement partout dans la maison.<\/strong><\/em><\/p>\n<p>Dimensions : 60x30xh80 cm<\/p>\n<p>Cette \u00e9tag\u00e8re est un produit purement artisanal, fait avec talent par nos artisans marocains. Il peut certainement port\u00e9 des imperfections qui garantissent son authenticit\u00e9.<\/p>\n<p>Attention ! Ne pas confondre avec les contrefa\u00e7ons industrielles! \ud83d\ude42<\/p>\n<p>&nbsp;<\/p>\n","protected":false},"excerpt":{"rendered":"<p>Etag\u00e8re au look boh\u00e8me et minimaliste.<\/p>\n","protected":false},"featured_media":16573,"comment_status":"open","ping_status":"closed","template":"","meta":[],"product_brand":[],"product_cat":[34],"product_tag":[],"class_list":{"0":"post-16570","1":"product","2":"type-product","3":"status-publish","4":"has-post-thumbnail","6":"product_cat-assises-petit-mobilier","8":"first","9":"instock","10":"taxable","11":"shipping-taxable","12":"purchasable","13":"product-type-simple"},"_links":{"self":[{"href":"https:\/\/www.latitude31n.com\/fr\/wp-json\/wp\/v2\/product\/16570","targetHints":{"allow":["GET"]}}],"collection":[{"href":"https:\/\/www.latitude31n.com\/fr\/wp-json\/wp\/v2\/product"}],"about":[{"href":"https:\/\/www.latitude31n.com\/fr\/wp-json\/wp\/v2\/types\/product"}],"replies":[{"embeddable":true,"href":"https:\/\/www.latitude31n.com\/fr\/wp-json\/wp\/v2\/comments?post=16570"}],"wp:featuredmedia":[{"embeddable":true,"href":"https:\/\/www.latitude31n.com\/fr\/wp-json\/wp\/v2\/media\/16573"}],"wp:attachment":[{"href":"https:\/\/www.latitude31n.com\/fr\/wp-json\/wp\/v2\/media?parent=16570"}],"wp:term":[{"taxonomy":"product_brand","embeddable":true,"href":"https:\/\/www.latitude31n.com\/fr\/wp-json\/wp\/v2\/product_brand?post=16570"},{"taxonomy":"product_cat","embeddable":true,"href":"https:\/\/www.latitude31n.com\/fr\/wp-json\/wp\/v2\/product_cat?post=16570"},{"taxonomy":"product_tag","embeddable":true,"href":"https:\/\/www.latitude31n.com\/fr\/wp-json\/wp\/v2\/product_tag?post=16570"}],"curies":[{"name":"wp","href":"https:\/\/api.w.org\/{rel}","templated":true}]}}