{"id":1650,"date":"2021-05-31T10:48:05","date_gmt":"2021-05-31T09:48:05","guid":{"rendered":"https:\/\/www.latitude31n.com\/?post_type=product&#038;p=1650"},"modified":"2026-01-30T13:58:37","modified_gmt":"2026-01-30T12:58:37","slug":"art-touareg-ancien-piquet-de-tente-en-bois","status":"publish","type":"product","link":"https:\/\/www.latitude31n.com\/fr\/decoration-maison\/objets-decoratifs\/art-touareg-ancien-piquet-de-tente-en-bois\/","title":{"rendered":"Art tribal : piquet de tente Touareg"},"content":{"rendered":"<h2><strong>Pour une d\u00e9coration inspir\u00e9e du voyage<\/strong><\/h2>\n<p><a href=\"\/fr\/piquets-tente-touareg\/\" target=\"_blank\" rel=\"noopener\">Anciens piquets de tente des tribus nomades<\/a> du sud Marocain, du Mali ou de la Mauritanie, ils servaient aussi de pied de palanquin (selle du chameau). La selle avait 4 pieds. Lors des arr\u00eats, les nomades sahraouis les utilisaient en guise de table et de porte-bagage. Objet utilitaire par essence, le bois est grav\u00e9 de motifs g\u00e9om\u00e9triques, diff\u00e9rents selon les tribus.<\/p>\n<h2><strong>Piquet de tente berb\u00e8re, pur art tribal Touareg<\/strong><\/h2>\n<p>Utilis\u00e9 par les hommes bleus du d\u00e9sert du Sahara, ce \u00ab\u00a0b\u00e2ton\u00a0\u00bb d&rsquo;<strong>art berb\u00e8re<\/strong> apportera authenticit\u00e9 et une tr\u00e8s belle touche ethnique et vintage \u00e0 votre int\u00e9rieur.<\/p>\n<p>Une t\u00eate ronde et un long corps en bois sculpt\u00e9 et agr\u00e9ment\u00e9 de gravures composent ce magnifique objet d&rsquo;art tribal<\/p>\n<p>Pourquoi je les aime :<\/p>\n<p><strong><em>j&rsquo;aime les objets anciens, les d\u00e9fauts et les patines des objets qui trahissent leur pass\u00e9. Particuli\u00e8rement les r\u00e9alisations na\u00efves ou primitives que les cr\u00e9ateurs ont fa\u00e7onn\u00e9s pour leur usage et plaisir personnel. Ces artistes anonymes que nous ne conna\u00eetrons jamais, mais qui restent \u00e9ternels gr\u00e2ce \u00e0 leurs \u0153uvres.<\/em><\/strong><\/p>\n<p>Dimensions : h85 cm &#8212; socle 16&#215;16 cm.<\/p>\n<p>Ils sont mont\u00e9s sur socle pour une pr\u00e9sentation plus facile, fixation par vis \u00e0 l&rsquo;arri\u00e8re. Le dessous du socle est en feutrine noire.<\/p>\n<p>&nbsp;<\/p>\n","protected":false},"excerpt":{"rendered":"<p>B\u00e2ton de tente ancien sculpt\u00e9 et grav\u00e9 en bois de c\u00e8dre fonc\u00e9 au brou de noix.<\/p>\n<p>L&rsquo;objet utilitaire devient aujourd&rsquo;hui <strong>objet d&rsquo;art<\/strong> pour une ambiance r\u00e9tro et ethnique. Pour une d\u00e9coration inspir\u00e9e du voyage.<\/p>\n<p>&nbsp;<\/p>\n","protected":false},"featured_media":33039,"comment_status":"open","ping_status":"closed","template":"","meta":[],"product_brand":[],"product_cat":[473,467],"product_tag":[116,121,277,137,138,139,459,899,278,140],"class_list":{"0":"post-1650","1":"product","2":"type-product","3":"status-publish","4":"has-post-thumbnail","6":"product_cat-objets-decoratifs","7":"product_cat-decoration-maison","8":"product_tag-afrique","9":"product_tag-ancien","10":"product_tag-art","11":"product_tag-bois","12":"product_tag-canne","13":"product_tag-graphique","14":"product_tag-latitude-ethnique","15":"product_tag-no-us","16":"product_tag-objet-dart","17":"product_tag-ornement","19":"first","20":"instock","21":"taxable","22":"shipping-taxable","23":"purchasable","24":"product-type-simple"},"_links":{"self":[{"href":"https:\/\/www.latitude31n.com\/fr\/wp-json\/wp\/v2\/product\/1650","targetHints":{"allow":["GET"]}}],"collection":[{"href":"https:\/\/www.latitude31n.com\/fr\/wp-json\/wp\/v2\/product"}],"about":[{"href":"https:\/\/www.latitude31n.com\/fr\/wp-json\/wp\/v2\/types\/product"}],"replies":[{"embeddable":true,"href":"https:\/\/www.latitude31n.com\/fr\/wp-json\/wp\/v2\/comments?post=1650"}],"wp:featuredmedia":[{"embeddable":true,"href":"https:\/\/www.latitude31n.com\/fr\/wp-json\/wp\/v2\/media\/33039"}],"wp:attachment":[{"href":"https:\/\/www.latitude31n.com\/fr\/wp-json\/wp\/v2\/media?parent=1650"}],"wp:term":[{"taxonomy":"product_brand","embeddable":true,"href":"https:\/\/www.latitude31n.com\/fr\/wp-json\/wp\/v2\/product_brand?post=1650"},{"taxonomy":"product_cat","embeddable":true,"href":"https:\/\/www.latitude31n.com\/fr\/wp-json\/wp\/v2\/product_cat?post=1650"},{"taxonomy":"product_tag","embeddable":true,"href":"https:\/\/www.latitude31n.com\/fr\/wp-json\/wp\/v2\/product_tag?post=1650"}],"curies":[{"name":"wp","href":"https:\/\/api.w.org\/{rel}","templated":true}]}}