{"id":16460,"date":"2023-04-28T16:49:22","date_gmt":"2023-04-28T15:49:22","guid":{"rendered":"https:\/\/www.latitude31n.com\/?post_type=product&#038;p=16460"},"modified":"2026-01-23T11:39:50","modified_gmt":"2026-01-23T10:39:50","slug":"panier-africain-suspendre","status":"publish","type":"product","link":"https:\/\/www.latitude31n.com\/fr\/paniers-rangements\/panier-africain-suspendre\/","title":{"rendered":"Panier africain \u00e0 suspendre"},"content":{"rendered":"<h2><strong>Paniers africains color\u00e9s \u00e0 accrocher<br \/>\n<\/strong><\/h2>\n<p>Ces magnifiques paniers ont \u00e9t\u00e9 con\u00e7us avec de \u00ab\u00a0l&rsquo;herbe \u00e0 \u00e9l\u00e9phant\u00a0\u00bb, une forme de paille qui a \u00e9t\u00e9 eint\u00e9e avant d&rsquo;\u00eatre tress\u00e9e. Les couleurs sont naturelles et harmonieuses. Chaque panier est unique et est orn\u00e9 de petits pompons sur les c\u00f4t\u00e9s, d&rsquo;une longue anse en cuir tress\u00e9 et d&rsquo;un petit couvercle plat.<\/p>\n<h2><strong>Comment utiliser ces petits paniers dans votre d\u00e9co<br \/>\n<\/strong><\/h2>\n<p>Accrochez les \u00e0 une \u00e9tag\u00e8re, un simple clou sur un mur ou <a href=\"\/fr\/decoration-maison\/echelle-decorative-en-bois\/\" target=\"_blank\" rel=\"noopener\">une \u00e9chelle<\/a> pour une joyeuse touche d&rsquo;originalit\u00e9. Ces paniers faits main ne sont pas seulement beaux, mais ils vous permettront de ranger toutes sortes de choses (babioles, bijoux, produits cosm\u00e9tiques&#8230;)<\/p>\n<p>Pourquoi je les aime :<\/p>\n<p><em><strong>J&rsquo;aime leur petit look bonbonne!<\/strong><\/em><\/p>\n<p>Dimensions : env. \u00f8 15xh20cm, anse 55cm<\/p>\n<p>Ces pani\u00e8res sont r\u00e9alis\u00e9es avec amour et \u00e0 la main, elles peuvent comporter certaines imperfections qui sont la garantie d&rsquo;un travail artisanal.<\/p>\n","protected":false},"excerpt":{"rendered":"<p>Petits paniers color\u00e9s pour ajouter une note ethnique color\u00e9e en petite touche.<\/p>\n","protected":false},"featured_media":16465,"comment_status":"open","ping_status":"closed","template":"","meta":[],"product_brand":[],"product_cat":[28,635,598],"product_tag":[459],"class_list":{"0":"post-16460","1":"product","2":"type-product","3":"status-publish","4":"has-post-thumbnail","6":"product_cat-paniers-rangements","7":"product_cat-motifs-colores","8":"product_cat-soldes","9":"product_tag-latitude-ethnique","11":"first","12":"instock","13":"sale","14":"taxable","15":"shipping-taxable","16":"purchasable","17":"product-type-variable"},"_links":{"self":[{"href":"https:\/\/www.latitude31n.com\/fr\/wp-json\/wp\/v2\/product\/16460","targetHints":{"allow":["GET"]}}],"collection":[{"href":"https:\/\/www.latitude31n.com\/fr\/wp-json\/wp\/v2\/product"}],"about":[{"href":"https:\/\/www.latitude31n.com\/fr\/wp-json\/wp\/v2\/types\/product"}],"replies":[{"embeddable":true,"href":"https:\/\/www.latitude31n.com\/fr\/wp-json\/wp\/v2\/comments?post=16460"}],"wp:featuredmedia":[{"embeddable":true,"href":"https:\/\/www.latitude31n.com\/fr\/wp-json\/wp\/v2\/media\/16465"}],"wp:attachment":[{"href":"https:\/\/www.latitude31n.com\/fr\/wp-json\/wp\/v2\/media?parent=16460"}],"wp:term":[{"taxonomy":"product_brand","embeddable":true,"href":"https:\/\/www.latitude31n.com\/fr\/wp-json\/wp\/v2\/product_brand?post=16460"},{"taxonomy":"product_cat","embeddable":true,"href":"https:\/\/www.latitude31n.com\/fr\/wp-json\/wp\/v2\/product_cat?post=16460"},{"taxonomy":"product_tag","embeddable":true,"href":"https:\/\/www.latitude31n.com\/fr\/wp-json\/wp\/v2\/product_tag?post=16460"}],"curies":[{"name":"wp","href":"https:\/\/api.w.org\/{rel}","templated":true}]}}