{"id":1630,"date":"2021-05-31T10:37:37","date_gmt":"2021-05-31T09:37:37","guid":{"rendered":"https:\/\/www.latitude31n.com\/?post_type=product&#038;p=1630"},"modified":"2025-10-30T15:32:06","modified_gmt":"2025-10-30T14:32:06","slug":"tabouret-marocain-colore-tissus-et-bois","status":"publish","type":"product","link":"https:\/\/www.latitude31n.com\/fr\/assises-petit-mobilier\/bancs-tabourets\/tabouret-marocain-colore-tissus-et-bois\/","title":{"rendered":"Tabouret marocain color\u00e9"},"content":{"rendered":"<h2><strong>Petit tabouret fait main en bois peint en blanc<\/strong>.<\/h2>\n<p>L&rsquo;assise est tress\u00e9e de tissus recycl\u00e9s (chiffons, v\u00eatements, chutes de tissus&#8230;) principalement dans des tons de bleus et de rouge. Cette technique de tressage appel\u00e9 <em>Boucherouite<\/em> ou <em>Boucharouette<\/em> \u00e9tait r\u00e9serv\u00e9e aux populations pauvres au Maroc. Aujourd&rsquo;hui, cet artisanat traditionnel agr\u00e9mente nos int\u00e9rieurs pour notre plus grand plaisir. Color\u00e9, joyeux, riche, artistique, il apporte profondeur et texture.<\/p>\n<h2>Tabouret multi-usages<\/h2>\n<p>Il peut servir d&rsquo;assise suppl\u00e9mentaire, de table de nuit, de petit bout de canap\u00e9. Dans une chambre d&rsquo;enfant ou de b\u00e9b\u00e9, dans une salle de jeux, sur une terrasse ou un balcon, il est tr\u00e8s polyvalent. Gr\u00e2ce \u00e0 sa petite taille, il ne prend pas beaucoup de place et se range facilement.<\/p>\n<p>Pour plus de conseils sur l&rsquo;utilisation de ces si\u00e8ges ou d&rsquo;informations sur les diff\u00e9rents mod\u00e8les existants, vous pouvez consulter notre <a href=\"\/fr\/tabouret-berbere-beldi\/\" target=\"_blank\" rel=\"noopener\">article sur le tabouret marocain <em>beldi<\/em>.<\/a><\/p>\n<p>Pourquoi je l&rsquo;aime :<\/p>\n<p><strong><em>J&rsquo;adore ce m\u00e9lange de couleurs toniques et vitamin\u00e9es et le rendu du tressage fa\u00e7on \u00ab\u00a0effiloch\u00e9\u00a0\u00bb.<\/em><\/strong><\/p>\n<p>Comme tout produit fait \u00e0 la main, il peut avoir quelques imperfections qui sont le t\u00e9moin de la main de l&rsquo;homme et qui confirme son caract\u00e8re unique.<\/p>\n<p>Dimensions : 32x32xh32 cm<\/p>\n","protected":false},"excerpt":{"rendered":"<p>Tabouret bas marocain en bois et assise tress\u00e9e en tissus de r\u00e9cup. fa\u00e7on effiloch\u00e9. Couleurs toniques et vitamin\u00e9es, diff\u00e9rentes teintes de bleus et rouges.<\/p>\n","protected":false},"featured_media":1635,"comment_status":"open","ping_status":"closed","template":"","meta":[],"product_brand":[],"product_cat":[501,34],"product_tag":[899],"class_list":{"0":"post-1630","1":"product","2":"type-product","3":"status-publish","4":"has-post-thumbnail","6":"product_cat-bancs-tabourets","7":"product_cat-assises-petit-mobilier","8":"product_tag-no-us","10":"first","11":"instock","12":"sale","13":"taxable","14":"shipping-taxable","15":"purchasable","16":"product-type-simple"},"_links":{"self":[{"href":"https:\/\/www.latitude31n.com\/fr\/wp-json\/wp\/v2\/product\/1630","targetHints":{"allow":["GET"]}}],"collection":[{"href":"https:\/\/www.latitude31n.com\/fr\/wp-json\/wp\/v2\/product"}],"about":[{"href":"https:\/\/www.latitude31n.com\/fr\/wp-json\/wp\/v2\/types\/product"}],"replies":[{"embeddable":true,"href":"https:\/\/www.latitude31n.com\/fr\/wp-json\/wp\/v2\/comments?post=1630"}],"wp:featuredmedia":[{"embeddable":true,"href":"https:\/\/www.latitude31n.com\/fr\/wp-json\/wp\/v2\/media\/1635"}],"wp:attachment":[{"href":"https:\/\/www.latitude31n.com\/fr\/wp-json\/wp\/v2\/media?parent=1630"}],"wp:term":[{"taxonomy":"product_brand","embeddable":true,"href":"https:\/\/www.latitude31n.com\/fr\/wp-json\/wp\/v2\/product_brand?post=1630"},{"taxonomy":"product_cat","embeddable":true,"href":"https:\/\/www.latitude31n.com\/fr\/wp-json\/wp\/v2\/product_cat?post=1630"},{"taxonomy":"product_tag","embeddable":true,"href":"https:\/\/www.latitude31n.com\/fr\/wp-json\/wp\/v2\/product_tag?post=1630"}],"curies":[{"name":"wp","href":"https:\/\/api.w.org\/{rel}","templated":true}]}}