{"id":16270,"date":"2023-04-21T14:59:12","date_gmt":"2023-04-21T13:59:12","guid":{"rendered":"https:\/\/www.latitude31n.com\/?post_type=product&#038;p=16270"},"modified":"2025-09-01T16:31:02","modified_gmt":"2025-09-01T15:31:02","slug":"poisson-bois","status":"publish","type":"product","link":"https:\/\/www.latitude31n.com\/fr\/decoration-maison\/objets-decoratifs\/poisson-bois\/","title":{"rendered":"Sculpture poisson en bois"},"content":{"rendered":"<h2>Poissons sculpt\u00e9s et peints \u00e0 la main<\/h2>\n<p>Les marionnettes poissons Bozo sont fabriqu\u00e9es en Afrique et sont des objets d&rsquo;art populaires dans de nombreuses r\u00e9gions du continent. Ces sculptures sont g\u00e9n\u00e9ralement r\u00e9alis\u00e9es \u00e0 partir de bois dur local et sont sculpt\u00e9es \u00e0 la main.<\/p>\n<p>Ces poissons africains sont peints \u00e0 la main, ce qui ajoute de la couleur et de la texture suppl\u00e9mentaires aux \u0153uvres. Ceux-ci, contrairement \u00e0 notre autre s\u00e9rie de <a href=\"\/fr\/decoration-maison\/objets-decoratifs\/sculpture-poisson-bozo\/\" target=\"_blank\" rel=\"noopener\">poissons Bozo multicolores<\/a>, sont peintes de couleurs sourdes. Cela donne \u00e0 ces sculptures une apparence plus organique et naturelle.<\/p>\n<h2>Art populaire africain ancien<\/h2>\n<p>Les \u0153uvres d&rsquo;art populaire repr\u00e9sentant des animaux sont en g\u00e9n\u00e9ral vendues sur les march\u00e9s et dans les magasins d&rsquo;artisanat locaux \u00e0 travers l&rsquo;Afrique, et sont tr\u00e8s appr\u00e9ci\u00e9es tant pour leur beaut\u00e9 que pour leur signification symbolique.\u00a0 En effet, les poissons sont consid\u00e9r\u00e9s comme des symboles de fertilit\u00e9, de prosp\u00e9rit\u00e9 et de vie, et sont donc des objets d&rsquo;art populaires pour les mariages ou les anniversaires par exemple.<\/p>\n<p>Pourquoi je les aime :<\/p>\n<p><em><strong>J&rsquo;aime leur patine un peu us\u00e9 qui leur donne un look vintage.<\/strong><\/em><\/p>\n<p>Dimensions : 30x10xh13 cm environ<\/p>\n<p>Ces poissons en bois sont anciens, sculpt\u00e9s et peints \u00e0 la main. Ils comportent certaines imperfections qui font parties de leur charme et garantissent leur authenticit\u00e9.<\/p>\n","protected":false},"excerpt":{"rendered":"<p>Faites voyager votre d\u00e9co avec nos poissons. Ces pi\u00e8ces uniques vous permettront de rendre hommage \u00e0 des cultures ancestrales tout en ajoutant une touche artistique \u00e0 votre int\u00e9rieur.<\/p>\n","protected":false},"featured_media":16273,"comment_status":"open","ping_status":"closed","template":"","meta":[],"product_brand":[],"product_cat":[473,467],"product_tag":[459],"class_list":{"0":"post-16270","1":"product","2":"type-product","3":"status-publish","4":"has-post-thumbnail","6":"product_cat-objets-decoratifs","7":"product_cat-decoration-maison","8":"product_tag-latitude-ethnique","10":"first","11":"instock","12":"taxable","13":"shipping-taxable","14":"purchasable","15":"product-type-variable"},"_links":{"self":[{"href":"https:\/\/www.latitude31n.com\/fr\/wp-json\/wp\/v2\/product\/16270","targetHints":{"allow":["GET"]}}],"collection":[{"href":"https:\/\/www.latitude31n.com\/fr\/wp-json\/wp\/v2\/product"}],"about":[{"href":"https:\/\/www.latitude31n.com\/fr\/wp-json\/wp\/v2\/types\/product"}],"replies":[{"embeddable":true,"href":"https:\/\/www.latitude31n.com\/fr\/wp-json\/wp\/v2\/comments?post=16270"}],"wp:featuredmedia":[{"embeddable":true,"href":"https:\/\/www.latitude31n.com\/fr\/wp-json\/wp\/v2\/media\/16273"}],"wp:attachment":[{"href":"https:\/\/www.latitude31n.com\/fr\/wp-json\/wp\/v2\/media?parent=16270"}],"wp:term":[{"taxonomy":"product_brand","embeddable":true,"href":"https:\/\/www.latitude31n.com\/fr\/wp-json\/wp\/v2\/product_brand?post=16270"},{"taxonomy":"product_cat","embeddable":true,"href":"https:\/\/www.latitude31n.com\/fr\/wp-json\/wp\/v2\/product_cat?post=16270"},{"taxonomy":"product_tag","embeddable":true,"href":"https:\/\/www.latitude31n.com\/fr\/wp-json\/wp\/v2\/product_tag?post=16270"}],"curies":[{"name":"wp","href":"https:\/\/api.w.org\/{rel}","templated":true}]}}