{"id":1602,"date":"2021-05-31T10:24:47","date_gmt":"2021-05-31T09:24:47","guid":{"rendered":"https:\/\/www.latitude31n.com\/?post_type=product&#038;p=1602"},"modified":"2026-01-18T13:27:00","modified_gmt":"2026-01-18T12:27:00","slug":"petit-panier-marocain-vert-motifs-rouges","status":"publish","type":"product","link":"https:\/\/www.latitude31n.com\/fr\/paniers-rangements\/petit-panier-marocain-vert-motifs-rouges\/","title":{"rendered":"Paniers marocains color\u00e9s (lot de 3)"},"content":{"rendered":"<h2><strong>Paniers berb\u00e8res aux jolis tons de bleus<\/strong><\/h2>\n<p>Que ce soit en tant que pi\u00e8ce ma\u00eetresse dans votre biblioth\u00e8que, comme rangement \u00e9l\u00e9gant dans votre salle de bain ou pour ajouter une note boh\u00e8me \u00e0 votre chambre \u00e0 coucher, ces petits paniers tress\u00e9s s&rsquo;int\u00e8grent facilement dans tous les espaces. je les ai sp\u00e9cialement choisis pour leurs d\u00e9tails d\u00e9licats et leurs couleurs harmonieuses, afin de constituer un \u00e9l\u00e9ment d\u00e9coratif \u00e9quilibr\u00e9.<\/p>\n<h2><strong>Corbeilles marocaines avec couvercle<\/strong><\/h2>\n<p>Traditionnellement utilis\u00e9s pour le pain et les aliments, ce sont, \u00e0 mes yeux, de v\u00e9ritables \u0153uvres d&rsquo;art qui reprennent les symboles et motifs g\u00e9om\u00e9triques du Maroc. Ces pi\u00e8ces uniques \u00e9voquent l&rsquo;authenticit\u00e9 et la beaut\u00e9 de l&rsquo;artisanat ancestral. Nous vous proposons toute<a href=\"\/fr\/paniers-rangements\/motifs-colores\/\" target=\"_blank\" rel=\"noopener\"> une gamme de paniers color\u00e9s<\/a>, chacun racontant sa propre histoire, tiss\u00e9e avec soin et passion.<\/p>\n<p>Pourquoi je les aime :<\/p>\n<p><em><b>J&rsquo;aime \u00e9norm\u00e9ment ces petits paniers brod\u00e9s. Je les choisis au coup de c\u0153ur. Je n&rsquo;en vends pas beaucoup, mais je ne peux m&#8217;emp\u00eacher de craquer r\u00e9guli\u00e8rement.\u00a0<\/b><\/em><\/p>\n<p>Ces paniers multicolores sont fabriqu\u00e9s \u00e0 la main au Maroc par des femmes artisans. Malgr\u00e9 toute l&rsquo;attention et le soin qu&rsquo;elle peuvent apporter \u00e0 la confection, les paniers peuvent pr\u00e9senter certaines imperfections qui garantissent leur authenticit\u00e9.<\/p>\n","protected":false},"excerpt":{"rendered":"<p>Donnez un peu de gaiet\u00e9 \u00e0 votre d\u00e9co avec ces petites corbeilles berb\u00e8res multicolores.<\/p>\n<p><strong>Motifs et couleurs du Maroc<\/strong>.<\/p>\n","protected":false},"featured_media":16750,"comment_status":"open","ping_status":"closed","template":"","meta":[],"product_brand":[],"product_cat":[28,635,471],"product_tag":[463],"class_list":{"0":"post-1602","1":"product","2":"type-product","3":"status-publish","4":"has-post-thumbnail","6":"product_cat-paniers-rangements","7":"product_cat-motifs-colores","8":"product_cat-vases-cache-pots","9":"product_tag-latitude-pop","11":"first","12":"outofstock","13":"taxable","14":"shipping-taxable","15":"purchasable","16":"product-type-simple"},"_links":{"self":[{"href":"https:\/\/www.latitude31n.com\/fr\/wp-json\/wp\/v2\/product\/1602","targetHints":{"allow":["GET"]}}],"collection":[{"href":"https:\/\/www.latitude31n.com\/fr\/wp-json\/wp\/v2\/product"}],"about":[{"href":"https:\/\/www.latitude31n.com\/fr\/wp-json\/wp\/v2\/types\/product"}],"replies":[{"embeddable":true,"href":"https:\/\/www.latitude31n.com\/fr\/wp-json\/wp\/v2\/comments?post=1602"}],"wp:featuredmedia":[{"embeddable":true,"href":"https:\/\/www.latitude31n.com\/fr\/wp-json\/wp\/v2\/media\/16750"}],"wp:attachment":[{"href":"https:\/\/www.latitude31n.com\/fr\/wp-json\/wp\/v2\/media?parent=1602"}],"wp:term":[{"taxonomy":"product_brand","embeddable":true,"href":"https:\/\/www.latitude31n.com\/fr\/wp-json\/wp\/v2\/product_brand?post=1602"},{"taxonomy":"product_cat","embeddable":true,"href":"https:\/\/www.latitude31n.com\/fr\/wp-json\/wp\/v2\/product_cat?post=1602"},{"taxonomy":"product_tag","embeddable":true,"href":"https:\/\/www.latitude31n.com\/fr\/wp-json\/wp\/v2\/product_tag?post=1602"}],"curies":[{"name":"wp","href":"https:\/\/api.w.org\/{rel}","templated":true}]}}