{"id":1598,"date":"2021-05-31T10:21:37","date_gmt":"2021-05-31T09:21:37","guid":{"rendered":"https:\/\/www.latitude31n.com\/?post_type=product&#038;p=1598"},"modified":"2025-10-30T15:32:18","modified_gmt":"2025-10-30T14:32:18","slug":"petit-tabouret-enfant","status":"publish","type":"product","link":"https:\/\/www.latitude31n.com\/fr\/assises-petit-mobilier\/bancs-tabourets\/petit-tabouret-enfant\/","title":{"rendered":"Petit tabouret pour enfant"},"content":{"rendered":"<h2>Tabouret tress\u00e9 marocain avec une assise basse<\/h2>\n<p>Sa taille en fait un si\u00e8ge id\u00e9ale pour les petits. Le tressage est r\u00e9alis\u00e9 au crochet. Les pieds sont en bois de laurier, ponc\u00e9 \u00e0 la main. Avec son assise basse et son tressage original et solide, le tabouret pour enfant est \u00e0 la fois confortable et esth\u00e9tique. La couleur vert menthe apportera une note de fra\u00eecheur \u00e0 la d\u00e9coration. Le pi\u00e8tement en bois de laurier, robuste et naturel, assure une parfaite stabilit\u00e9. Ce petit tabouret est fabriqu\u00e9 de fa\u00e7on artisanale, ce qui lui conf\u00e8re un charme authentique.<\/p>\n<h2 data-sourcepos=\"38:1-38:47\"><strong>Un petit tabouret enfant, des usages multiples<\/strong><\/h2>\n<p data-sourcepos=\"40:1-40:601\">Il est parfait comme assise pour enfant, mais il peut aussi se transformer en petite table de chevet pour poser une lampe, un livre ou un doudou. Dans la salle de bain, il devient un support pratique pour les produits de toilette. Facile \u00e0 d\u00e9placer et \u00e0 ranger, il s&rsquo;invite dans toutes les pi\u00e8ces de la maison. Son assise confortable en fait un si\u00e8ge d&rsquo;appoint id\u00e9al pour les moments de lecture ou de jeux. Sa robustesse permet aux enfants de s&rsquo;asseoir dessus en toute s\u00e9curit\u00e9.<\/p>\n<p>Ce tabouret original s&rsquo;int\u00e8gre parfaitement dans une chambre d&rsquo;enfant \u00e0 la d\u00e9coration boh\u00e8me, scandinave ou color\u00e9e. Associez-le \u00e0 des coussins moelleux et des tapis en mati\u00e8res naturelles pour cr\u00e9er une ambiance chaleureuse et accueillante. Il peut \u00e9galement servir de support pour une plante verte ou un panier en osier.<\/p>\n<p>Pour plus d&rsquo;informations, consultez <a href=\"\/tabouret-berbere-beldi\/\" target=\"_blank\" rel=\"noopener\">notre article sur les tabourets marocains<\/a>.<\/p>\n<p>Dimensions : 30x30xh30cm<\/p>\n<p>Ce <strong>tabouret artisanal<\/strong> peut pr\u00e9senter certains d\u00e9fauts ou imperfections qui sont la preuve de son authenticit\u00e9 et lui apporte un charme unique.<\/p>\n<p>&nbsp;<\/p>\n","protected":false},"excerpt":{"rendered":"<p data-sourcepos=\"26:1-26:182\">D\u00e9couvrez ce tabouret enfant artisanal \u00e0 l&rsquo; assise unique et color\u00e9e. Parfait comme si\u00e8ge d&rsquo;appoint ou petite table, il apporte une touche d&rsquo;originalit\u00e9 \u00e0 la chambre de votre enfant.<\/p>\n<ul>\n<li data-sourcepos=\"52:1-52:54\">Assise tress\u00e9e au crochet en corde de viscose<\/li>\n<li data-sourcepos=\"53:1-53:30\">Pi\u00e8tement en bois de laurier<\/li>\n<li data-sourcepos=\"54:1-54:24\">Fabrication artisanale<\/li>\n<li data-sourcepos=\"55:1-55:23\">Couleur : vert menthe<\/li>\n<li>Possibilit\u00e9 de le r\u00e9aliser sur mesure dans divers coloris<\/li>\n<li data-sourcepos=\"56:1-56:30\">Dimensions : 30 x 30 x h30 cm<\/li>\n<\/ul>\n","protected":false},"featured_media":32057,"comment_status":"open","ping_status":"closed","template":"","meta":[],"product_brand":[],"product_cat":[501,34,892],"product_tag":[108,109,73,899],"class_list":{"0":"post-1598","1":"product","2":"type-product","3":"status-publish","4":"has-post-thumbnail","6":"product_cat-bancs-tabourets","7":"product_cat-assises-petit-mobilier","8":"product_cat-deco-enfant","9":"product_tag-chambre-denfant","10":"product_tag-chambre-de-bebe","11":"product_tag-enfant","12":"product_tag-no-us","14":"first","15":"instock","16":"taxable","17":"shipping-taxable","18":"purchasable","19":"product-type-simple"},"_links":{"self":[{"href":"https:\/\/www.latitude31n.com\/fr\/wp-json\/wp\/v2\/product\/1598","targetHints":{"allow":["GET"]}}],"collection":[{"href":"https:\/\/www.latitude31n.com\/fr\/wp-json\/wp\/v2\/product"}],"about":[{"href":"https:\/\/www.latitude31n.com\/fr\/wp-json\/wp\/v2\/types\/product"}],"replies":[{"embeddable":true,"href":"https:\/\/www.latitude31n.com\/fr\/wp-json\/wp\/v2\/comments?post=1598"}],"wp:featuredmedia":[{"embeddable":true,"href":"https:\/\/www.latitude31n.com\/fr\/wp-json\/wp\/v2\/media\/32057"}],"wp:attachment":[{"href":"https:\/\/www.latitude31n.com\/fr\/wp-json\/wp\/v2\/media?parent=1598"}],"wp:term":[{"taxonomy":"product_brand","embeddable":true,"href":"https:\/\/www.latitude31n.com\/fr\/wp-json\/wp\/v2\/product_brand?post=1598"},{"taxonomy":"product_cat","embeddable":true,"href":"https:\/\/www.latitude31n.com\/fr\/wp-json\/wp\/v2\/product_cat?post=1598"},{"taxonomy":"product_tag","embeddable":true,"href":"https:\/\/www.latitude31n.com\/fr\/wp-json\/wp\/v2\/product_tag?post=1598"}],"curies":[{"name":"wp","href":"https:\/\/api.w.org\/{rel}","templated":true}]}}