{"id":1576,"date":"2021-05-31T10:08:33","date_gmt":"2021-05-31T09:08:33","guid":{"rendered":"https:\/\/www.latitude31n.com\/?post_type=product&#038;p=1576"},"modified":"2026-01-23T12:57:15","modified_gmt":"2026-01-23T11:57:15","slug":"panier-berbere-colore-symboles-geometriques","status":"publish","type":"product","link":"https:\/\/www.latitude31n.com\/fr\/paniers-rangements\/motifs-colores\/panier-berbere-colore-symboles-geometriques\/","title":{"rendered":"Paniers multicolores \u00e0 dominante rouge"},"content":{"rendered":"<h2><strong>Paniers marocains multicolores\u00a0<\/strong><\/h2>\n<p>Ces paniers color\u00e9s \u00e0 couvercle ajouteront une touche ethnique et boh\u00e8me \u00e0 la fois dans tout int\u00e9rieur. Donnez un peu de gaiet\u00e9 \u00e0 vos \u00e9tag\u00e8res, votre salle de bain, votre biblioth\u00e8que.<\/p>\n<p>Traditionnellement utilis\u00e9s pour le pain et les aliments, les corbeilles avec leur couvercle pointu sont de vraies \u0153uvres d&rsquo;art qui reprennent les symboles et motifs g\u00e9om\u00e9triques du Maroc. Ils sont tress\u00e9s d&rsquo;osier et recouverts de laine color\u00e9e.<\/p>\n<h2>Panier berb\u00e8re boh\u00e8me chic<\/h2>\n<p>En collection, ou en trio, ces petites corbeilles berb\u00e8res apporteront une touche de fantaisie \u00e0 votre d\u00e9co. Chaque panier est unique et exceptionnel. Difficile de les choisir, ils ont tous un charme unique.<\/p>\n<p>Pourquoi je les aime :<\/p>\n<p><strong><em>Je fonctionne au coup de c\u0153ur et je les choisis soigneusement pour cr\u00e9er une collection harmonieuse et compl\u00e9mentaire. J&rsquo;ai choisi ceux-ci pour leurs couleurs fortes et leurs motifs modernes.<\/em><\/strong><\/p>\n<p>Dimensions : environ 25\/30cm de haut<\/p>\n<p>Ces pani\u00e8res sont totalement artisanales, faites \u00e0 la main au Maroc, elles peuvent pr\u00e9senter certaines imperfections qui garantissent leur authenticit\u00e9.<\/p>\n","protected":false},"excerpt":{"rendered":"<p>Avec leurs formes de poire et leurs motifs g\u00e9om\u00e9triques color\u00e9s, les paniers berb\u00e8res ajoutent<strong> une petite touche color\u00e9e et joyeuse<\/strong> qui s&rsquo;int\u00e8gre facilement dans la maison.<\/p>\n<p><strong>De vraies \u0153uvres d&rsquo;art<\/strong> <strong>tress\u00e9es<\/strong> en osier recouvert de laine color\u00e9e.<\/p>\n","protected":false},"featured_media":13448,"comment_status":"open","ping_status":"closed","template":"","meta":[],"product_brand":[],"product_cat":[635,28,471],"product_tag":[463],"class_list":{"0":"post-1576","1":"product","2":"type-product","3":"status-publish","4":"has-post-thumbnail","6":"product_cat-motifs-colores","7":"product_cat-paniers-rangements","8":"product_cat-vases-cache-pots","9":"product_tag-latitude-pop","11":"first","12":"instock","13":"taxable","14":"shipping-taxable","15":"purchasable","16":"product-type-variable"},"_links":{"self":[{"href":"https:\/\/www.latitude31n.com\/fr\/wp-json\/wp\/v2\/product\/1576","targetHints":{"allow":["GET"]}}],"collection":[{"href":"https:\/\/www.latitude31n.com\/fr\/wp-json\/wp\/v2\/product"}],"about":[{"href":"https:\/\/www.latitude31n.com\/fr\/wp-json\/wp\/v2\/types\/product"}],"replies":[{"embeddable":true,"href":"https:\/\/www.latitude31n.com\/fr\/wp-json\/wp\/v2\/comments?post=1576"}],"wp:featuredmedia":[{"embeddable":true,"href":"https:\/\/www.latitude31n.com\/fr\/wp-json\/wp\/v2\/media\/13448"}],"wp:attachment":[{"href":"https:\/\/www.latitude31n.com\/fr\/wp-json\/wp\/v2\/media?parent=1576"}],"wp:term":[{"taxonomy":"product_brand","embeddable":true,"href":"https:\/\/www.latitude31n.com\/fr\/wp-json\/wp\/v2\/product_brand?post=1576"},{"taxonomy":"product_cat","embeddable":true,"href":"https:\/\/www.latitude31n.com\/fr\/wp-json\/wp\/v2\/product_cat?post=1576"},{"taxonomy":"product_tag","embeddable":true,"href":"https:\/\/www.latitude31n.com\/fr\/wp-json\/wp\/v2\/product_tag?post=1576"}],"curies":[{"name":"wp","href":"https:\/\/api.w.org\/{rel}","templated":true}]}}