{"id":15728,"date":"2023-03-22T14:17:44","date_gmt":"2023-03-22T13:17:44","guid":{"rendered":"https:\/\/www.latitude31n.com\/?post_type=product&#038;p=15728"},"modified":"2026-01-29T17:09:55","modified_gmt":"2026-01-29T16:09:55","slug":"lampe-boheme-chic","status":"publish","type":"product","link":"https:\/\/www.latitude31n.com\/fr\/luminaires\/lampe-boheme-chic\/","title":{"rendered":"Lampe boh\u00e8me chic"},"content":{"rendered":"<h2>Lampe \u00e0 poser en fibres naturelles<\/h2>\n<p>Cette lampe, au look ethnique et boh\u00e8me, est fabriqu\u00e9e main au Maroc. Le pied est en raphia tress\u00e9 sur une armature en m\u00e9tal. L&rsquo;abat-jour est en feuilles de palmier entrecrois\u00e9es desquelles partent de longs brins de palmier donnant un c\u00f4t\u00e9 d\u00e9sordonn\u00e9 qui contrebalance l&rsquo;aspect \u00ab\u00a0sage\u00a0\u00bb du luminaire.<\/p>\n<h2>Lampe boh\u00e8me chic, pour chevet ou table<\/h2>\n<p>Elle fournit une lumi\u00e8re douce et naturelle bienvenue dans une chambre \u00e0 coucher ou en lumi\u00e8re indirecte dans un salon. Avec ses mati\u00e8res v\u00e9g\u00e9tales naturelles, elle apporte de la texture et une douceur \u00e0 une d\u00e9co boh\u00e8me ou ethnique.<\/p>\n<p>Pourquoi je l&rsquo;aime :<\/p>\n<p><em><strong>J&rsquo;aime le mix and match des effets de mati\u00e8res.<\/strong><\/em><\/p>\n<p>Dimensions : \u00f825xh30 &#8212; \u00f830xh50cm<\/p>\n<p>Cette lampe de table est un produit artisanal qui peut comporter certaines imperfections qui garantissent son authenticit\u00e9 et en font tout le charme. Livr\u00e9 sans le syst\u00e8me \u00e9lectrique.<\/p>\n","protected":false},"excerpt":{"rendered":"<p>Lampe \u00e0 poser au charme boh\u00e8me et ethnique. Une forme classique r\u00e9veill\u00e9e par des vagues de franges partant dans tous les sens.<\/p>\n<ul>\n<li>Base en raphia, Abat-jour m\u00e9tal et doum<\/li>\n<li>Fabrication artisanale marocaine<\/li>\n<li>2 dimensions : \u00f825xh30 &#8212; \u00f830xh50cm<\/li>\n<\/ul>\n","protected":false},"featured_media":15732,"comment_status":"open","ping_status":"closed","template":"","meta":[],"product_brand":[],"product_cat":[22,598],"product_tag":[461,899],"class_list":{"0":"post-15728","1":"product","2":"type-product","3":"status-publish","4":"has-post-thumbnail","6":"product_cat-luminaires","7":"product_cat-soldes","8":"product_tag-latitude-lumineuse","9":"product_tag-no-us","11":"first","12":"instock","13":"sale","14":"taxable","15":"shipping-taxable","16":"purchasable","17":"product-type-variable"},"_links":{"self":[{"href":"https:\/\/www.latitude31n.com\/fr\/wp-json\/wp\/v2\/product\/15728","targetHints":{"allow":["GET"]}}],"collection":[{"href":"https:\/\/www.latitude31n.com\/fr\/wp-json\/wp\/v2\/product"}],"about":[{"href":"https:\/\/www.latitude31n.com\/fr\/wp-json\/wp\/v2\/types\/product"}],"replies":[{"embeddable":true,"href":"https:\/\/www.latitude31n.com\/fr\/wp-json\/wp\/v2\/comments?post=15728"}],"wp:featuredmedia":[{"embeddable":true,"href":"https:\/\/www.latitude31n.com\/fr\/wp-json\/wp\/v2\/media\/15732"}],"wp:attachment":[{"href":"https:\/\/www.latitude31n.com\/fr\/wp-json\/wp\/v2\/media?parent=15728"}],"wp:term":[{"taxonomy":"product_brand","embeddable":true,"href":"https:\/\/www.latitude31n.com\/fr\/wp-json\/wp\/v2\/product_brand?post=15728"},{"taxonomy":"product_cat","embeddable":true,"href":"https:\/\/www.latitude31n.com\/fr\/wp-json\/wp\/v2\/product_cat?post=15728"},{"taxonomy":"product_tag","embeddable":true,"href":"https:\/\/www.latitude31n.com\/fr\/wp-json\/wp\/v2\/product_tag?post=15728"}],"curies":[{"name":"wp","href":"https:\/\/api.w.org\/{rel}","templated":true}]}}