{"id":15709,"date":"2023-03-17T17:09:06","date_gmt":"2023-03-17T16:09:06","guid":{"rendered":"https:\/\/www.latitude31n.com\/?post_type=product&#038;p=15709"},"modified":"2025-05-04T10:08:31","modified_gmt":"2025-05-04T09:08:31","slug":"panier-woo-hoo","status":"publish","type":"product","link":"https:\/\/www.latitude31n.com\/fr\/paniers-rangements\/teintes-naturelles\/panier-woo-hoo\/","title":{"rendered":"Panier de rangement Woo Hoo"},"content":{"rendered":"<h2><strong>Grand panier marocain tress\u00e9<\/strong><\/h2>\n<p>Il est tress\u00e9 en <a href=\"\/fr\/doum-presentation-conseils-entretien\/\" target=\"_blank\" rel=\"noopener\"><em>doum<\/em><\/a>, une mati\u00e8re v\u00e9g\u00e9tale locale, r\u00e9colt\u00e9e et travaill\u00e9e par nos artisans marocains.\u00a0 Le panier en lui-m\u00eame pr\u00e9sente une forme ronde et une simplicit\u00e9 de tressage et de mati\u00e8re qui lui conf\u00e8re un look brut et naturel.<\/p>\n<p>La haute corbeille a ensuite \u00e9t\u00e9 brod\u00e9e du mot Woo Hoo ou You Hou, interjection joyeuse et positive que les enfants adorent. La broderie est r\u00e9alis\u00e9e avec des laines de couleurs tr\u00e8s douces.<\/p>\n<h2><strong>Panier \u00e0 jouets ou \u00e0 linge<\/strong><\/h2>\n<p>Sa taille moyenne permet de l&rsquo;utiliser comme panier \u00e0 jouets. Il est robuste et ne sera pas facilement ab\u00eem\u00e9 par les petites mains de nos terreurs qui pourront le tra\u00eener partout.<\/p>\n<p>Vous pouvez aussi l&rsquo;utiliser comme un panier \u00e0 linge, en guise de cache-pot ou pour tout autre rangement.<\/p>\n<p>Pourquoi je l&rsquo;aime :<\/p>\n<p><em><strong>J&rsquo;aime l&rsquo;harmonie des couleurs contrastant avec la mati\u00e8re brute tress\u00e9e.<\/strong><\/em><\/p>\n<p>Dimensions : <b>\u2300 <\/b>37xh40 cm<\/p>\n<p>La pani\u00e8re est con\u00e7ue artisanalement, elle peut comporter certaines imperfections qui garantissent son authenticit\u00e9.<\/p>\n<p>&nbsp;<\/p>\n","protected":false},"excerpt":{"rendered":"<p>On lui trouve facilement une place \u00e0 ce panier et sa jolie broderie aux couleurs tendres et compl\u00e9mentaires. Il est en plus super pratique et robuste.<\/p>\n<p>Dimensions : env. \u00f840xh40cm<br \/>\nMati\u00e8res brut <em>doum<\/em><\/p>\n","protected":false},"featured_media":15714,"comment_status":"open","ping_status":"closed","template":"","meta":[],"product_brand":[],"product_cat":[634,28,471],"product_tag":[462],"class_list":{"0":"post-15709","1":"product","2":"type-product","3":"status-publish","4":"has-post-thumbnail","6":"product_cat-teintes-naturelles","7":"product_cat-paniers-rangements","8":"product_cat-vases-cache-pots","9":"product_tag-latitude-naturelle","11":"first","12":"instock","13":"taxable","14":"shipping-taxable","15":"purchasable","16":"product-type-variable"},"_links":{"self":[{"href":"https:\/\/www.latitude31n.com\/fr\/wp-json\/wp\/v2\/product\/15709","targetHints":{"allow":["GET"]}}],"collection":[{"href":"https:\/\/www.latitude31n.com\/fr\/wp-json\/wp\/v2\/product"}],"about":[{"href":"https:\/\/www.latitude31n.com\/fr\/wp-json\/wp\/v2\/types\/product"}],"replies":[{"embeddable":true,"href":"https:\/\/www.latitude31n.com\/fr\/wp-json\/wp\/v2\/comments?post=15709"}],"wp:featuredmedia":[{"embeddable":true,"href":"https:\/\/www.latitude31n.com\/fr\/wp-json\/wp\/v2\/media\/15714"}],"wp:attachment":[{"href":"https:\/\/www.latitude31n.com\/fr\/wp-json\/wp\/v2\/media?parent=15709"}],"wp:term":[{"taxonomy":"product_brand","embeddable":true,"href":"https:\/\/www.latitude31n.com\/fr\/wp-json\/wp\/v2\/product_brand?post=15709"},{"taxonomy":"product_cat","embeddable":true,"href":"https:\/\/www.latitude31n.com\/fr\/wp-json\/wp\/v2\/product_cat?post=15709"},{"taxonomy":"product_tag","embeddable":true,"href":"https:\/\/www.latitude31n.com\/fr\/wp-json\/wp\/v2\/product_tag?post=15709"}],"curies":[{"name":"wp","href":"https:\/\/api.w.org\/{rel}","templated":true}]}}