{"id":15673,"date":"2023-03-16T17:56:27","date_gmt":"2023-03-16T16:56:27","guid":{"rendered":"https:\/\/www.latitude31n.com\/?post_type=product&#038;p=15673"},"modified":"2024-11-12T15:39:39","modified_gmt":"2024-11-12T14:39:39","slug":"panier-pingouin-enfant","status":"publish","type":"product","link":"https:\/\/www.latitude31n.com\/fr\/deco-enfant\/panier-pingouin-enfant\/","title":{"rendered":"Panier pour enfant petit pingouin"},"content":{"rendered":"<h2>Petit panier pour enfant avec couvercle<\/h2>\n<p>Un petit panier traditionnel tress\u00e9 en osier et recouvert de laine. Mais cette fois-ci, point de motifs g\u00e9om\u00e9triques ultracolor\u00e9s. Notre artisane-artiste a con\u00e7u un joli petit panier aux habits de pingouin.<\/p>\n<h2><strong>Une jolie id\u00e9e cadeau pour une naissance<\/strong><\/h2>\n<p>B\u00e9b\u00e9 grandira avec son panier pingouin. Le panier brod\u00e9 manchot empereur trouvera une place de choix dans une chambre d&rsquo;enfant.<\/p>\n<p>Pourquoi je l&rsquo;aime :<\/p>\n<p><strong>Comment ne pas l&rsquo;aimer ? Tellement mignon et original.<\/strong><\/p>\n<p>Dimensions : environ 25cm de haut<\/p>\n<p>Cette pani\u00e8re est unique et artisanale, elle a \u00e9t\u00e9 con\u00e7ue avec amour par les mains d&rsquo;une femme berb\u00e8re au Maroc et peut contenir certaines imperfections qui garantissent son charme et son authenticit\u00e9.<\/p>\n","protected":false},"excerpt":{"rendered":"<h2>Id\u00e9e cadeau d\u00e9co pour enfant ou cadeau de naissance :<\/h2>\n<p>Un petit panier pingouin tout mignon.<\/p>\n","protected":false},"featured_media":15679,"comment_status":"open","ping_status":"closed","template":"","meta":[],"product_brand":[],"product_cat":[892,635,28],"product_tag":[],"class_list":{"0":"post-15673","1":"product","2":"type-product","3":"status-publish","4":"has-post-thumbnail","6":"product_cat-deco-enfant","7":"product_cat-motifs-colores","8":"product_cat-paniers-rangements","10":"first","11":"instock","12":"taxable","13":"shipping-taxable","14":"purchasable","15":"product-type-simple"},"_links":{"self":[{"href":"https:\/\/www.latitude31n.com\/fr\/wp-json\/wp\/v2\/product\/15673","targetHints":{"allow":["GET"]}}],"collection":[{"href":"https:\/\/www.latitude31n.com\/fr\/wp-json\/wp\/v2\/product"}],"about":[{"href":"https:\/\/www.latitude31n.com\/fr\/wp-json\/wp\/v2\/types\/product"}],"replies":[{"embeddable":true,"href":"https:\/\/www.latitude31n.com\/fr\/wp-json\/wp\/v2\/comments?post=15673"}],"wp:featuredmedia":[{"embeddable":true,"href":"https:\/\/www.latitude31n.com\/fr\/wp-json\/wp\/v2\/media\/15679"}],"wp:attachment":[{"href":"https:\/\/www.latitude31n.com\/fr\/wp-json\/wp\/v2\/media?parent=15673"}],"wp:term":[{"taxonomy":"product_brand","embeddable":true,"href":"https:\/\/www.latitude31n.com\/fr\/wp-json\/wp\/v2\/product_brand?post=15673"},{"taxonomy":"product_cat","embeddable":true,"href":"https:\/\/www.latitude31n.com\/fr\/wp-json\/wp\/v2\/product_cat?post=15673"},{"taxonomy":"product_tag","embeddable":true,"href":"https:\/\/www.latitude31n.com\/fr\/wp-json\/wp\/v2\/product_tag?post=15673"}],"curies":[{"name":"wp","href":"https:\/\/api.w.org\/{rel}","templated":true}]}}