{"id":1565,"date":"2021-05-31T10:03:46","date_gmt":"2021-05-31T09:03:46","guid":{"rendered":"https:\/\/www.latitude31n.com\/?post_type=product&#038;p=1565"},"modified":"2025-07-10T19:06:57","modified_gmt":"2025-07-10T18:06:57","slug":"coussin-sol-vintage-orange","status":"publish","type":"product","link":"https:\/\/www.latitude31n.com\/fr\/assises-petit-mobilier\/coussins-de-sol\/coussin-sol-vintage-orange\/","title":{"rendered":"Coussin de sol carr\u00e9 vintage orange doux"},"content":{"rendered":"<h2>Housse de pouf marocain carr\u00e9<\/h2>\n<p>Elle est fabriqu\u00e9e <strong>\u00e0 partir d&rsquo;un ancien tapis <em>Boujad<\/em><\/strong>, ces tapis surprenant par leurs <strong>couleurs vibrantes<\/strong> et leurs<strong> compositions parfois asym\u00e9triques<\/strong>. Il a \u00e9t\u00e9 tiss\u00e9 dans la vall\u00e9e de l&rsquo;Ourika par les femmes berb\u00e8res dans le milieu ou la fin du XXeme si\u00e8cle.<\/p>\n<p>Le<strong> contraste des diff\u00e9rentes mati\u00e8res<\/strong>, les tissages tapis \u00e9pais et kilim ajoutent de la <strong>texture<\/strong>.<\/p>\n<p>En si\u00e8ge d&rsquo;appoint, dans une chambre d&rsquo;enfant, un coin lecture, sur une terrasse, ce petit matelas apporte douceur et confort.<\/p>\n<p>Pourquoi je l&rsquo;aime :<\/p>\n<p><strong><em>j&rsquo;aime les couleurs chaudes. Elle m&rsquo;apporte un sentiment de confort et de gaiet\u00e9. Celui ci a de belles couleurs automnales dans une variation de teintes orang\u00e9es.<\/em><\/strong><\/p>\n<p>L&rsquo;annonce concerne la housse seule, me contacter si vous voulez un coussin int\u00e9rieur.<br \/>\nPour rembourrer la housse, utilisez de la bourre, des perles de polystyr\u00e8ne ou des mat\u00e9riaux de r\u00e9cup\u00e9ration comme de vieux v\u00eatements&#8230;.<\/p>\n<p>Totalement d\u00e9houssable<br \/>\nDessous couverture ancienne<br \/>\nFermeture \u00e9clair sur la face post\u00e9rieure<\/p>\n<p>Etant donn\u00e9 l&rsquo;anciennet\u00e9 du mat\u00e9riau, laver d\u00e9licatement avec pr\u00e9caution, de pr\u00e9f\u00e9rence \u00e0 l&rsquo;eau froide et laisser s\u00e9cher \u00e0 plat.<\/p>\n<p>Dimensions : 60x60x20cm<\/p>\n","protected":false},"excerpt":{"rendered":"<p>Housse de pouf carr\u00e9 fabriqu\u00e9 \u00e0 partir d&rsquo;un ancien tapis <em>Boujad<\/em>, ces tapis surprenant par leurs couleurs vibrantes et leurs compositions parfois asym\u00e9triques. Avec ses couleurs chaudes et ses diff\u00e9rences de tissage, il apporte <strong>chaleur et texture<\/strong>.<\/p>\n<p><strong>Livraison gratuite (Europe et Am\u00e9rique du Nord)<\/strong><\/p>\n","protected":false},"featured_media":1573,"comment_status":"open","ping_status":"closed","template":"","meta":[],"product_brand":[],"product_cat":[35,34],"product_tag":[465],"class_list":{"0":"post-1565","1":"product","2":"type-product","3":"status-publish","4":"has-post-thumbnail","6":"product_cat-coussins-de-sol","7":"product_cat-assises-petit-mobilier","8":"product_tag-latitude-vintage","10":"first","11":"outofstock","12":"taxable","13":"shipping-taxable","14":"purchasable","15":"product-type-simple"},"_links":{"self":[{"href":"https:\/\/www.latitude31n.com\/fr\/wp-json\/wp\/v2\/product\/1565","targetHints":{"allow":["GET"]}}],"collection":[{"href":"https:\/\/www.latitude31n.com\/fr\/wp-json\/wp\/v2\/product"}],"about":[{"href":"https:\/\/www.latitude31n.com\/fr\/wp-json\/wp\/v2\/types\/product"}],"replies":[{"embeddable":true,"href":"https:\/\/www.latitude31n.com\/fr\/wp-json\/wp\/v2\/comments?post=1565"}],"wp:featuredmedia":[{"embeddable":true,"href":"https:\/\/www.latitude31n.com\/fr\/wp-json\/wp\/v2\/media\/1573"}],"wp:attachment":[{"href":"https:\/\/www.latitude31n.com\/fr\/wp-json\/wp\/v2\/media?parent=1565"}],"wp:term":[{"taxonomy":"product_brand","embeddable":true,"href":"https:\/\/www.latitude31n.com\/fr\/wp-json\/wp\/v2\/product_brand?post=1565"},{"taxonomy":"product_cat","embeddable":true,"href":"https:\/\/www.latitude31n.com\/fr\/wp-json\/wp\/v2\/product_cat?post=1565"},{"taxonomy":"product_tag","embeddable":true,"href":"https:\/\/www.latitude31n.com\/fr\/wp-json\/wp\/v2\/product_tag?post=1565"}],"curies":[{"name":"wp","href":"https:\/\/api.w.org\/{rel}","templated":true}]}}