{"id":15638,"date":"2023-03-04T17:50:17","date_gmt":"2023-03-04T16:50:17","guid":{"rendered":"https:\/\/www.latitude31n.com\/?post_type=product&#038;p=15638"},"modified":"2025-10-30T19:38:50","modified_gmt":"2025-10-30T18:38:50","slug":"suspension-plate-raphia","status":"publish","type":"product","link":"https:\/\/www.latitude31n.com\/fr\/luminaires\/suspension-plate-raphia\/","title":{"rendered":"Suspension raphia &#8211; plate"},"content":{"rendered":"<h2>Lustre chapeau boh\u00e8me<\/h2>\n<p>Cette suspension en raphia naturel tress\u00e9e pr\u00e9sente une forme plate, un peu comme un chapeau ou une coupole. Son design moderne et ouvert permet une belle diffusion de lumi\u00e8re. Ici, l&rsquo;ampoule est \u00e0 l&rsquo;honneur, alors pensez \u00e0 mettre une jolie ampoule d\u00e9corative (en LED toujours).<\/p>\n<h2>Abat-jour d&rsquo;int\u00e9rieur ou ext\u00e9rieur couvert<\/h2>\n<p>Nos luminaires tress\u00e9s au Maroc en fibres naturelles ont un look boh\u00e8me exotique qui s&rsquo;int\u00e8gre facilement dans vos int\u00e9rieurs ou vos terrasses.<\/p>\n<p>Son petit plus :<\/p>\n<p><strong><em>Elle ressemble \u00e0 un papillon quand on la regarde du dessous.<br \/>\n<\/em><\/strong><\/p>\n<p>Dimensions : <span class=\"ILfuVd\" lang=\"fr\"><span class=\"hgKElc\"><b>\u2300<\/b><\/span><\/span> 80cm<\/p>\n<p>Cette suspension est artisanale et peut pr\u00e9senter certains d\u00e9fauts qui garantissent son authenticit\u00e9 et participent \u00e0 son charme.<\/p>\n<p>Syst\u00e8me \u00e9lectrique non compris. Ce luminaire dispose d&rsquo;une armature pour installer facilement la douille. Pour plus de conseils sur l&rsquo;installation, veuillez consulter notre <a href=\"\/fr\/installer-suspension-paille\/\" target=\"_blank\" rel=\"noopener\">article sur les diff\u00e9rentes m\u00e9thodes d&rsquo;accroche de nos suspensions<\/a>.<\/p>\n","protected":false},"excerpt":{"rendered":"<p>Une suspension plate tress\u00e9e d\u00e9licatement en raphia au look moderne, mais toujours boh\u00e8me !<\/p>\n<p>Diam\u00e8tre 80cm<br \/>\nEn raphia naturel<\/p>\n","protected":false},"featured_media":15641,"comment_status":"open","ping_status":"closed","template":"","meta":[],"product_brand":[],"product_cat":[22],"product_tag":[461,899],"class_list":{"0":"post-15638","1":"product","2":"type-product","3":"status-publish","4":"has-post-thumbnail","6":"product_cat-luminaires","7":"product_tag-latitude-lumineuse","8":"product_tag-no-us","10":"first","11":"onbackorder","12":"taxable","13":"shipping-taxable","14":"purchasable","15":"product-type-simple"},"_links":{"self":[{"href":"https:\/\/www.latitude31n.com\/fr\/wp-json\/wp\/v2\/product\/15638","targetHints":{"allow":["GET"]}}],"collection":[{"href":"https:\/\/www.latitude31n.com\/fr\/wp-json\/wp\/v2\/product"}],"about":[{"href":"https:\/\/www.latitude31n.com\/fr\/wp-json\/wp\/v2\/types\/product"}],"replies":[{"embeddable":true,"href":"https:\/\/www.latitude31n.com\/fr\/wp-json\/wp\/v2\/comments?post=15638"}],"wp:featuredmedia":[{"embeddable":true,"href":"https:\/\/www.latitude31n.com\/fr\/wp-json\/wp\/v2\/media\/15641"}],"wp:attachment":[{"href":"https:\/\/www.latitude31n.com\/fr\/wp-json\/wp\/v2\/media?parent=15638"}],"wp:term":[{"taxonomy":"product_brand","embeddable":true,"href":"https:\/\/www.latitude31n.com\/fr\/wp-json\/wp\/v2\/product_brand?post=15638"},{"taxonomy":"product_cat","embeddable":true,"href":"https:\/\/www.latitude31n.com\/fr\/wp-json\/wp\/v2\/product_cat?post=15638"},{"taxonomy":"product_tag","embeddable":true,"href":"https:\/\/www.latitude31n.com\/fr\/wp-json\/wp\/v2\/product_tag?post=15638"}],"curies":[{"name":"wp","href":"https:\/\/api.w.org\/{rel}","templated":true}]}}