{"id":15557,"date":"2023-03-02T11:06:17","date_gmt":"2023-03-02T10:06:17","guid":{"rendered":"https:\/\/www.latitude31n.com\/?post_type=product&#038;p=15557"},"modified":"2026-01-14T09:55:38","modified_gmt":"2026-01-14T08:55:38","slug":"tables-metal-osier","status":"publish","type":"product","link":"https:\/\/www.latitude31n.com\/fr\/assises-petit-mobilier\/tables-metal-osier\/","title":{"rendered":"Tables en m\u00e9tal et osier"},"content":{"rendered":"<h2>Petites tables basses rondes<\/h2>\n<p>Elles sont fabriqu\u00e9es artisanalement au Maroc. Le pied est en m\u00e9tal et le plateau est r\u00e9alis\u00e9 en osier recouvert de laine \u00e9crue. Il est tress\u00e9 de la m\u00eame mani\u00e8re que les paniers traditionnels marocains.<\/p>\n<p>Les pieds sont r\u00e9duits au minimum, trois pieds en tube fin. Le plateau est amovible. Vous pouvez les utiliser comme petites tables de salon, en paire ou en trio.<\/p>\n<p>Pourquoi je l&rsquo;aime :<\/p>\n<p><em><strong>J&rsquo;aime beaucoup son design l\u00e9ger.<\/strong><\/em><\/p>\n<p>Dimensions :<\/p>\n<p>S : \u2300 50xh50 cm<\/p>\n<p>L : \u2300 60xh50cm<\/p>\n<p>Ces tables en osier et m\u00e9tal sont de fabrication artisanale et peuvent comporter des imperfections qui sont la preuve de leur authenticit\u00e9.<\/p>\n","protected":false},"excerpt":{"rendered":"<p>Ces petites tables\u00a0 composent un heureux m\u00e9lange du design scandinave avec ses lignes pures et de l&rsquo;artisanat marocain avec son plateau tress\u00e9.<\/p>\n","protected":false},"featured_media":15560,"comment_status":"open","ping_status":"closed","template":"","meta":[],"product_brand":[],"product_cat":[34],"product_tag":[464,899],"class_list":{"0":"post-15557","1":"product","2":"type-product","3":"status-publish","4":"has-post-thumbnail","6":"product_cat-assises-petit-mobilier","7":"product_tag-latitude-soft","8":"product_tag-no-us","10":"first","11":"outofstock","12":"taxable","13":"shipping-taxable","14":"purchasable","15":"product-type-variable"},"_links":{"self":[{"href":"https:\/\/www.latitude31n.com\/fr\/wp-json\/wp\/v2\/product\/15557","targetHints":{"allow":["GET"]}}],"collection":[{"href":"https:\/\/www.latitude31n.com\/fr\/wp-json\/wp\/v2\/product"}],"about":[{"href":"https:\/\/www.latitude31n.com\/fr\/wp-json\/wp\/v2\/types\/product"}],"replies":[{"embeddable":true,"href":"https:\/\/www.latitude31n.com\/fr\/wp-json\/wp\/v2\/comments?post=15557"}],"wp:featuredmedia":[{"embeddable":true,"href":"https:\/\/www.latitude31n.com\/fr\/wp-json\/wp\/v2\/media\/15560"}],"wp:attachment":[{"href":"https:\/\/www.latitude31n.com\/fr\/wp-json\/wp\/v2\/media?parent=15557"}],"wp:term":[{"taxonomy":"product_brand","embeddable":true,"href":"https:\/\/www.latitude31n.com\/fr\/wp-json\/wp\/v2\/product_brand?post=15557"},{"taxonomy":"product_cat","embeddable":true,"href":"https:\/\/www.latitude31n.com\/fr\/wp-json\/wp\/v2\/product_cat?post=15557"},{"taxonomy":"product_tag","embeddable":true,"href":"https:\/\/www.latitude31n.com\/fr\/wp-json\/wp\/v2\/product_tag?post=15557"}],"curies":[{"name":"wp","href":"https:\/\/api.w.org\/{rel}","templated":true}]}}