{"id":1554,"date":"2021-05-31T09:57:40","date_gmt":"2021-05-31T08:57:40","guid":{"rendered":"https:\/\/www.latitude31n.com\/?post_type=product&#038;p=1554"},"modified":"2025-07-16T11:24:02","modified_gmt":"2025-07-16T10:24:02","slug":"grand-vase-tresse-naturel","status":"publish","type":"product","link":"https:\/\/www.latitude31n.com\/fr\/decoration-maison\/vases-cache-pots\/grand-vase-tresse-naturel\/","title":{"rendered":"Grand vase tress\u00e9 naturel"},"content":{"rendered":"<h2><strong>Vase haut<\/strong> <strong>tress\u00e9 \u00e0 la main<\/strong><\/h2>\n<p>Il est en fibres naturelles v\u00e9g\u00e9tales <a href=\"\/fr\/doum-presentation-conseils-entretien\/\" target=\"_blank\" rel=\"noopener\"><em>doum<\/em><\/a> (alfa marocain). Id\u00e9al pour grandes fleurs ou plantes. Une id\u00e9e sympa et facile pour cr\u00e9er un point d&rsquo;int\u00e9r\u00eat dans un coin ou une entr\u00e9e vide.<\/p>\n<h2>Contenant pour fleurs s\u00e9ch\u00e9es et branches<\/h2>\n<p>En int\u00e9rieur ou ext\u00e9rieur, pour pr\u00e9senter des compositions florales de plantes ou fleurs s\u00e9ch\u00e9es. Mais aussi superbe avec des branches, des bambous ou des balais en palmier.<\/p>\n<p>Pourquoi je l&rsquo;aime :<\/p>\n<p><strong><em>avec sa belle forme d&rsquo;urne, il ressemble \u00e0 une amphore ancienne<\/em><\/strong><\/p>\n<p>Dimensions : S = h40cm, L = 70cm<br \/>\n<strong>Possibilit\u00e9 de les commander en plus grand (jusqu&rsquo;\u00e0 120\/130cm : voir photo).<\/strong><\/p>\n<p>C&rsquo;est un produit artisanal enti\u00e8rement fait main qui peut pr\u00e9senter certaines imperfections qui sont la garantie de son authenticit\u00e9 et du travail artisanal.<\/p>\n","protected":false},"excerpt":{"rendered":"<p>Le vase amphore en fibres naturelles tress\u00e9es peut contenir de grandes branches ou fleurs s\u00e9ch\u00e9es pour une d\u00e9coration boh\u00e8me et po\u00e9tique. Existe en plusieurs tailles et diff\u00e9rents mod\u00e8les.<\/p>\n<p>Donne de la pr\u00e9sence \u00e0 un petit coin un peu vide, dans l&rsquo;entr\u00e9e, ou \u00e0 c\u00f4t\u00e9 d&rsquo;une commode.<\/p>\n<ul>\n<li>en doum brut,<\/li>\n<li>Dimensions : S = h40cm, L = 70cm<\/li>\n<li>Possibilit\u00e9 de les r\u00e9aliser en format XL et XXL (100 et 120cm) sur commande<\/li>\n<\/ul>\n","protected":false},"featured_media":1560,"comment_status":"open","ping_status":"closed","template":"","meta":[],"product_brand":[],"product_cat":[471,467],"product_tag":[462,302,140,80,300,79],"class_list":{"0":"post-1554","1":"product","2":"type-product","3":"status-publish","4":"has-post-thumbnail","6":"product_cat-vases-cache-pots","7":"product_cat-decoration-maison","8":"product_tag-latitude-naturelle","9":"product_tag-meuble","10":"product_tag-ornement","11":"product_tag-osier","12":"product_tag-paille","13":"product_tag-rotin","15":"first","16":"instock","17":"taxable","18":"shipping-taxable","19":"purchasable","20":"product-type-variable"},"_links":{"self":[{"href":"https:\/\/www.latitude31n.com\/fr\/wp-json\/wp\/v2\/product\/1554","targetHints":{"allow":["GET"]}}],"collection":[{"href":"https:\/\/www.latitude31n.com\/fr\/wp-json\/wp\/v2\/product"}],"about":[{"href":"https:\/\/www.latitude31n.com\/fr\/wp-json\/wp\/v2\/types\/product"}],"replies":[{"embeddable":true,"href":"https:\/\/www.latitude31n.com\/fr\/wp-json\/wp\/v2\/comments?post=1554"}],"wp:featuredmedia":[{"embeddable":true,"href":"https:\/\/www.latitude31n.com\/fr\/wp-json\/wp\/v2\/media\/1560"}],"wp:attachment":[{"href":"https:\/\/www.latitude31n.com\/fr\/wp-json\/wp\/v2\/media?parent=1554"}],"wp:term":[{"taxonomy":"product_brand","embeddable":true,"href":"https:\/\/www.latitude31n.com\/fr\/wp-json\/wp\/v2\/product_brand?post=1554"},{"taxonomy":"product_cat","embeddable":true,"href":"https:\/\/www.latitude31n.com\/fr\/wp-json\/wp\/v2\/product_cat?post=1554"},{"taxonomy":"product_tag","embeddable":true,"href":"https:\/\/www.latitude31n.com\/fr\/wp-json\/wp\/v2\/product_tag?post=1554"}],"curies":[{"name":"wp","href":"https:\/\/api.w.org\/{rel}","templated":true}]}}