{"id":1541,"date":"2021-05-31T09:50:40","date_gmt":"2021-05-31T08:50:40","guid":{"rendered":"https:\/\/www.latitude31n.com\/?post_type=product&#038;p=1541"},"modified":"2024-07-09T23:09:52","modified_gmt":"2024-07-09T22:09:52","slug":"ancienne-planche-de-bois-manuscrite-sur-socle","status":"publish","type":"product","link":"https:\/\/www.latitude31n.com\/fr\/decoration-maison\/objets-decoratifs\/ancienne-planche-de-bois-manuscrite-sur-socle\/","title":{"rendered":"Contrat en bois sur socle, \u00e9criture manuscrite"},"content":{"rendered":"<h2><strong>Calligraphie arabe sur bois ancien<\/strong><\/h2>\n<p>Parfois t\u00e2ch\u00e9 et us\u00e9, mais en tout cas, patin\u00e9 par le passage des ann\u00e9es.<\/p>\n<p>Cet objet insolite et original est un contrat notarial datant du d\u00e9but ou milieu du XX\u00e8me si\u00e8cle, d&rsquo;une \u00e9poque et de r\u00e9gions o\u00f9 le papier \u00e9tait quasi inexistant. Les contrats se faisaient sur des planches de bois. Ils sont \u00e9crits \u00e0 la main, dans cette tr\u00e8s <strong>belle et po\u00e9tique \u00e9criture arabe<\/strong>. Ce sont de v\u00e9ritables \u0153uvres d&rsquo;art populaire, t\u00e9moin du pass\u00e9 nomade des <strong>Touaregs<\/strong>, peuple berb\u00e8re du Sahara.<\/p>\n<h2><strong>Un magnifique objet de curiosit\u00e9<\/strong><\/h2>\n<p>Apporte une t<strong>ouche ethnique<\/strong> \u00e0 la maison, une <strong>invitation au voyage<\/strong> dans le temps et l&rsquo;espace, il apportera authenticit\u00e9 et originalit\u00e9 sur une \u00e9tag\u00e8re, dans votre biblioth\u00e8que ou une t\u00eate de lit.<\/p>\n<p>L&rsquo;ornement en bois est mis en valeur par le socle de pr\u00e9sentation.<\/p>\n<p>Pourquoi je les aime :<\/p>\n<p><strong>J&rsquo;adore ce genre d&rsquo;objets compl\u00e9tement d\u00e9cal\u00e9s, qui sont de v\u00e9ritables \u0153uvres d&rsquo;art primitif<\/strong><\/p>\n<p>Mont\u00e9 sur un socle en m\u00e9tal fait sur mesure, finition feutrine sur le dessous<\/p>\n<p>dimensions : env. 28x5xh15 cm<\/p>\n","protected":false},"excerpt":{"rendered":"<p>Objet ancien et oriental.<\/p>\n<p>Petite planche de bois recouvert d&rsquo;\u00e9criture arabe, et repr\u00e9sentant un contrat berb\u00e8re ancien. <strong>Art ethnique touareg<\/strong><\/p>\n<p><strong>Livraison gratuite Europe et Am\u00e9rique du Nord.<\/strong><\/p>\n","protected":false},"featured_media":1543,"comment_status":"open","ping_status":"closed","template":"","meta":[],"product_brand":[],"product_cat":[473,467],"product_tag":[116,589,155,459],"class_list":{"0":"post-1541","1":"product","2":"type-product","3":"status-publish","4":"has-post-thumbnail","6":"product_cat-objets-decoratifs","7":"product_cat-decoration-maison","8":"product_tag-afrique","9":"product_tag-cadeau","10":"product_tag-decoration-etageres","11":"product_tag-latitude-ethnique","13":"first","14":"outofstock","15":"taxable","16":"shipping-taxable","17":"purchasable","18":"product-type-simple"},"_links":{"self":[{"href":"https:\/\/www.latitude31n.com\/fr\/wp-json\/wp\/v2\/product\/1541","targetHints":{"allow":["GET"]}}],"collection":[{"href":"https:\/\/www.latitude31n.com\/fr\/wp-json\/wp\/v2\/product"}],"about":[{"href":"https:\/\/www.latitude31n.com\/fr\/wp-json\/wp\/v2\/types\/product"}],"replies":[{"embeddable":true,"href":"https:\/\/www.latitude31n.com\/fr\/wp-json\/wp\/v2\/comments?post=1541"}],"wp:featuredmedia":[{"embeddable":true,"href":"https:\/\/www.latitude31n.com\/fr\/wp-json\/wp\/v2\/media\/1543"}],"wp:attachment":[{"href":"https:\/\/www.latitude31n.com\/fr\/wp-json\/wp\/v2\/media?parent=1541"}],"wp:term":[{"taxonomy":"product_brand","embeddable":true,"href":"https:\/\/www.latitude31n.com\/fr\/wp-json\/wp\/v2\/product_brand?post=1541"},{"taxonomy":"product_cat","embeddable":true,"href":"https:\/\/www.latitude31n.com\/fr\/wp-json\/wp\/v2\/product_cat?post=1541"},{"taxonomy":"product_tag","embeddable":true,"href":"https:\/\/www.latitude31n.com\/fr\/wp-json\/wp\/v2\/product_tag?post=1541"}],"curies":[{"name":"wp","href":"https:\/\/api.w.org\/{rel}","templated":true}]}}