{"id":1533,"date":"2021-05-31T09:43:09","date_gmt":"2021-05-31T08:43:09","guid":{"rendered":"https:\/\/www.latitude31n.com\/?post_type=product&#038;p=1533"},"modified":"2024-07-10T11:21:10","modified_gmt":"2024-07-10T10:21:10","slug":"grand-pouf-carre-kilim-marocain-rouge","status":"publish","type":"product","link":"https:\/\/www.latitude31n.com\/fr\/assises-petit-mobilier\/coussins-de-sol\/grand-pouf-carre-kilim-marocain-rouge\/","title":{"rendered":"Grand coussin pouf rouge"},"content":{"rendered":"<h2><strong>Pouf marocain vintage\u00a0<\/strong><\/h2>\n<p>Coussin de sol carr\u00e9 fabriqu\u00e9 \u00e0 partir d&rsquo;un ancien kilim berb\u00e8re tiss\u00e9 dans les montagnes par les femmes berb\u00e8res dans la fin du XXeme si\u00e8cle.<\/p>\n<p>En si\u00e8ge d&rsquo;appoint, dans une chambre d&rsquo;enfant, un coin lecture, sur une terrasse, il apporte une pointe de couleur l\u00e9g\u00e8rement d\u00e9lav\u00e9e\u00a0\u00e0 un int\u00e9rieur. Il se d\u00e9place facilement, et peut m\u00eame \u00eatre utilis\u00e9 comme petite table d&rsquo;appoint en rajoutant un plateau dessus.<\/p>\n<h2><strong>Pour une d\u00e9co inspir\u00e9e de l&rsquo;orient et du Maroc.<\/strong><\/h2>\n<p>Pourquoi je l&rsquo;aime :<\/p>\n<p><em><strong>son look vintage et relax \u00e0 la fois<\/strong><\/em><\/p>\n<p>L&rsquo;annonce concerne la housse seule, me contacter si vous voulez un coussin int\u00e9rieur.<br \/>\nPour rembourrer la housse, utilisez de la bourre, des perles de polystyr\u00e8ne ou des mat\u00e9riaux de r\u00e9cup\u00e9ration comme de vieux v\u00eatements&#8230;.<\/p>\n<p>Totalement d\u00e9houssable<br \/>\nDessous couverture ancienne<br \/>\nFermeture \u00e9clair sur la face post\u00e9rieure<\/p>\n<p>\u00c9tant donn\u00e9 l&rsquo;anciennet\u00e9 du mat\u00e9riau, laver d\u00e9licatement avec pr\u00e9caution, de pr\u00e9f\u00e9rence \u00e0 l&rsquo;eau froide et laisser s\u00e9cher \u00e0 plat.<\/p>\n<p>Dimensions : 60x60x20cm<\/p>\n","protected":false},"excerpt":{"rendered":"<p>Apportez un look relax et d\u00e9contract\u00e9 \u00e0 votre salon, coin repos ou salle de jeux avec notre pouf coussin fabriqu\u00e9 \u00e0 partir d&rsquo;un ancien tapis marocain.<\/p>\n<p><strong>Livraison gratuite (Europe et Am\u00e9rique du Nord)<\/strong><\/p>\n","protected":false},"featured_media":25218,"comment_status":"open","ping_status":"closed","template":"","meta":[],"product_brand":[],"product_cat":[35,34],"product_tag":[463],"class_list":{"0":"post-1533","1":"product","2":"type-product","3":"status-publish","4":"has-post-thumbnail","6":"product_cat-coussins-de-sol","7":"product_cat-assises-petit-mobilier","8":"product_tag-latitude-pop","10":"first","11":"outofstock","12":"taxable","13":"shipping-taxable","14":"purchasable","15":"product-type-simple"},"_links":{"self":[{"href":"https:\/\/www.latitude31n.com\/fr\/wp-json\/wp\/v2\/product\/1533","targetHints":{"allow":["GET"]}}],"collection":[{"href":"https:\/\/www.latitude31n.com\/fr\/wp-json\/wp\/v2\/product"}],"about":[{"href":"https:\/\/www.latitude31n.com\/fr\/wp-json\/wp\/v2\/types\/product"}],"replies":[{"embeddable":true,"href":"https:\/\/www.latitude31n.com\/fr\/wp-json\/wp\/v2\/comments?post=1533"}],"wp:featuredmedia":[{"embeddable":true,"href":"https:\/\/www.latitude31n.com\/fr\/wp-json\/wp\/v2\/media\/25218"}],"wp:attachment":[{"href":"https:\/\/www.latitude31n.com\/fr\/wp-json\/wp\/v2\/media?parent=1533"}],"wp:term":[{"taxonomy":"product_brand","embeddable":true,"href":"https:\/\/www.latitude31n.com\/fr\/wp-json\/wp\/v2\/product_brand?post=1533"},{"taxonomy":"product_cat","embeddable":true,"href":"https:\/\/www.latitude31n.com\/fr\/wp-json\/wp\/v2\/product_cat?post=1533"},{"taxonomy":"product_tag","embeddable":true,"href":"https:\/\/www.latitude31n.com\/fr\/wp-json\/wp\/v2\/product_tag?post=1533"}],"curies":[{"name":"wp","href":"https:\/\/api.w.org\/{rel}","templated":true}]}}