{"id":15223,"date":"2023-02-09T15:56:33","date_gmt":"2023-02-09T14:56:33","guid":{"rendered":"https:\/\/www.latitude31n.com\/?post_type=product&#038;p=15223"},"modified":"2025-10-30T15:29:23","modified_gmt":"2025-10-30T14:29:23","slug":"banc-noir-etagere","status":"publish","type":"product","link":"https:\/\/www.latitude31n.com\/fr\/assises-petit-mobilier\/bancs-tabourets\/banc-noir-etagere\/","title":{"rendered":"Banc noir avec \u00e9tag\u00e8re"},"content":{"rendered":"<h2><strong>Banc marocain tress\u00e9 noir<\/strong><\/h2>\n<p>Le long banc en bois taill\u00e9 main mesure 1m et est tress\u00e9 de corde noire. Une \u00e9tag\u00e8re a \u00e9t\u00e9 ajout\u00e9 sur la partie basse du banc traditionnel.<\/p>\n<h2>Rangement utile et esth\u00e9tique<\/h2>\n<p>Vous y mettrez vos chaussures dans l&rsquo;entr\u00e9e ou dans une chambre. Ou des serviettes et des petits paniers de rangement dans la salle de bains. Une chose est s\u00fbre : il vous sera tr\u00e8s utile.<\/p>\n<p>Pourquoi je l&rsquo;aime :<\/p>\n<p><strong><em>On l&rsquo;aime pour son c\u00f4t\u00e9 pratique et sa teinte noire intemporelle<\/em><\/strong><\/p>\n<p>Dimensions : 100x40xh40cm.<\/p>\n<p>Vous pr\u00e9f\u00e8rerez peut-\u00eatre le m\u00eame <a href=\"\/fr\/assises-petit-mobilier\/bancs-tabourets\/banc-marocain-tresse\/\" target=\"_blank\" rel=\"noopener\">banc beige ficelle<\/a> ou le <a href=\"\/fr\/assises-petit-mobilier\/bancs-tabourets\/banc-marocain-etagere\/\" target=\"_blank\" rel=\"noopener\">banc traditionnel avec \u00e9tag\u00e8re<\/a> \u00e0 la tendance plus boh\u00e8me.<\/p>\n<p>Plus d&rsquo;infos sur <a href=\"\/fr\/tabouret-berbere-beldi\/\" target=\"_blank\" rel=\"noopener\">le tabouret marocain et ses variants<\/a> sur le <a href=\"\/fr\/blog\/\" target=\"_blank\" rel=\"noopener\">blog<\/a>.<\/p>\n<p>Le banc tress\u00e9 est fabriqu\u00e9 artisanalement par nos meilleurs artisans. Il peut\u00a0 comporter certaines imperfections qui font parties du charme de l&rsquo;objet et qui sont la garantie de son authenticit\u00e9.<\/p>\n<p>&nbsp;<\/p>\n","protected":false},"excerpt":{"rendered":"<p>Banc tress\u00e9 noir avec \u00e9tag\u00e8re.<\/p>\n<p>Super pratique et super tendance.<\/p>\n","protected":false},"featured_media":15227,"comment_status":"open","ping_status":"closed","template":"","meta":[],"product_brand":[],"product_cat":[34,501],"product_tag":[899],"class_list":{"0":"post-15223","1":"product","2":"type-product","3":"status-publish","4":"has-post-thumbnail","6":"product_cat-assises-petit-mobilier","7":"product_cat-bancs-tabourets","8":"product_tag-no-us","10":"first","11":"instock","12":"taxable","13":"shipping-taxable","14":"purchasable","15":"product-type-simple"},"_links":{"self":[{"href":"https:\/\/www.latitude31n.com\/fr\/wp-json\/wp\/v2\/product\/15223","targetHints":{"allow":["GET"]}}],"collection":[{"href":"https:\/\/www.latitude31n.com\/fr\/wp-json\/wp\/v2\/product"}],"about":[{"href":"https:\/\/www.latitude31n.com\/fr\/wp-json\/wp\/v2\/types\/product"}],"replies":[{"embeddable":true,"href":"https:\/\/www.latitude31n.com\/fr\/wp-json\/wp\/v2\/comments?post=15223"}],"wp:featuredmedia":[{"embeddable":true,"href":"https:\/\/www.latitude31n.com\/fr\/wp-json\/wp\/v2\/media\/15227"}],"wp:attachment":[{"href":"https:\/\/www.latitude31n.com\/fr\/wp-json\/wp\/v2\/media?parent=15223"}],"wp:term":[{"taxonomy":"product_brand","embeddable":true,"href":"https:\/\/www.latitude31n.com\/fr\/wp-json\/wp\/v2\/product_brand?post=15223"},{"taxonomy":"product_cat","embeddable":true,"href":"https:\/\/www.latitude31n.com\/fr\/wp-json\/wp\/v2\/product_cat?post=15223"},{"taxonomy":"product_tag","embeddable":true,"href":"https:\/\/www.latitude31n.com\/fr\/wp-json\/wp\/v2\/product_tag?post=15223"}],"curies":[{"name":"wp","href":"https:\/\/api.w.org\/{rel}","templated":true}]}}