{"id":1503,"date":"2021-05-31T09:22:23","date_gmt":"2021-05-31T08:22:23","guid":{"rendered":"https:\/\/www.latitude31n.com\/?post_type=product&#038;p=1503"},"modified":"2024-07-10T11:21:58","modified_gmt":"2024-07-10T10:21:58","slug":"grand-pouf-vintage-carre-raye","status":"publish","type":"product","link":"https:\/\/www.latitude31n.com\/fr\/assises-petit-mobilier\/coussins-de-sol\/grand-pouf-vintage-carre-raye\/","title":{"rendered":"Grand pouf vintage carr\u00e9 ray\u00e9"},"content":{"rendered":"<h2>Superbe coussin de sol carr\u00e9<\/h2>\n<p>Il est r\u00e9alis\u00e9 \u00e0 partir de 2 tapis kilim tiss\u00e9s de tissus recycl\u00e9s par les femmes berb\u00e8res au Maroc. C&rsquo;est une v\u00e9ritable \u0153uvre d&rsquo;art contemporaine aux lignes et couleurs modernes et intemporelles.<\/p>\n<h2>Gros coussin aux allures boh\u00e8me<\/h2>\n<p>Look boh\u00e8me pop avec ces couleurs vives et joyeuses, qui apportent pep&rsquo;s et vie dans tout espace et invitent aux longues soir\u00e9es d\u00e9tente entre amis.<\/p>\n<p>Pourquoi je l&rsquo;aime :<\/p>\n<p><strong><em>Je ne sais pas ce que je pr\u00e9f\u00e8re entre l&rsquo;assise aux couleurs vibrantes et aux dessins g\u00e9om\u00e9triques ou les c\u00f4t\u00e9s aux couleurs plus sourdes. Je trouve le contraste extr\u00eamement int\u00e9ressant et r\u00e9ussi.<\/em><\/strong><\/p>\n<p>L&rsquo;annonce concerne la housse seule, me contacter si vous voulez un coussin int\u00e9rieur.<br \/>\nPour rembourrer la housse, utilisez de la bourre, des perles de polystyr\u00e8ne ou des mat\u00e9riaux de r\u00e9cup\u00e9ration comme de vieux v\u00eatements&#8230;<\/p>\n<p>D\u00e9houssable et lavable en machine \u00e0 30\u00b0<\/p>\n<p>Dimensions : 60x60x20cm<\/p>\n","protected":false},"excerpt":{"rendered":"<p>Coussin de sol carr\u00e9 r\u00e9alis\u00e9 \u00e0 partir de 2 tapis kilim tiss\u00e9s. C&rsquo;est une v\u00e9ritable <strong>\u0153uvre d&rsquo;art contemporaine<\/strong> aux lignes et couleurs modernes et intemporelles.<\/p>\n<p><strong>Look boh\u00e8me pop<\/strong> avec ces <strong>couleurs vives et joyeuses<\/strong>.<\/p>\n<p><strong>Livraison gratuite (Europe et Am\u00e9rique du Nord)<\/strong><\/p>\n","protected":false},"featured_media":1511,"comment_status":"open","ping_status":"closed","template":"","meta":[],"product_brand":[],"product_cat":[35,34],"product_tag":[],"class_list":{"0":"post-1503","1":"product","2":"type-product","3":"status-publish","4":"has-post-thumbnail","6":"product_cat-coussins-de-sol","7":"product_cat-assises-petit-mobilier","9":"first","10":"outofstock","11":"sale","12":"taxable","13":"shipping-taxable","14":"purchasable","15":"product-type-simple"},"_links":{"self":[{"href":"https:\/\/www.latitude31n.com\/fr\/wp-json\/wp\/v2\/product\/1503","targetHints":{"allow":["GET"]}}],"collection":[{"href":"https:\/\/www.latitude31n.com\/fr\/wp-json\/wp\/v2\/product"}],"about":[{"href":"https:\/\/www.latitude31n.com\/fr\/wp-json\/wp\/v2\/types\/product"}],"replies":[{"embeddable":true,"href":"https:\/\/www.latitude31n.com\/fr\/wp-json\/wp\/v2\/comments?post=1503"}],"wp:featuredmedia":[{"embeddable":true,"href":"https:\/\/www.latitude31n.com\/fr\/wp-json\/wp\/v2\/media\/1511"}],"wp:attachment":[{"href":"https:\/\/www.latitude31n.com\/fr\/wp-json\/wp\/v2\/media?parent=1503"}],"wp:term":[{"taxonomy":"product_brand","embeddable":true,"href":"https:\/\/www.latitude31n.com\/fr\/wp-json\/wp\/v2\/product_brand?post=1503"},{"taxonomy":"product_cat","embeddable":true,"href":"https:\/\/www.latitude31n.com\/fr\/wp-json\/wp\/v2\/product_cat?post=1503"},{"taxonomy":"product_tag","embeddable":true,"href":"https:\/\/www.latitude31n.com\/fr\/wp-json\/wp\/v2\/product_tag?post=1503"}],"curies":[{"name":"wp","href":"https:\/\/api.w.org\/{rel}","templated":true}]}}