{"id":14998,"date":"2023-01-28T16:39:55","date_gmt":"2023-01-28T15:39:55","guid":{"rendered":"https:\/\/www.latitude31n.com\/?post_type=product&#038;p=14998"},"modified":"2025-03-16T11:13:43","modified_gmt":"2025-03-16T10:13:43","slug":"vase-palmier-blanc","status":"publish","type":"product","link":"https:\/\/www.latitude31n.com\/fr\/decoration-maison\/vases-cache-pots\/vase-palmier-blanc\/","title":{"rendered":"Vase en palmier blanc"},"content":{"rendered":"<h2>Vase tress\u00e9 en feuilles de palmier marocain<\/h2>\n<p>Vase tress\u00e9 main au Maroc par nos artisans vanniers. Dans cette mati\u00e8re naturelle, le palmier marocain, \u00e0 la tr\u00e8s belle couleur claire, presque blanche.<\/p>\n<p>Il permet d&rsquo;accueillir plantes s\u00e9ch\u00e9es et branchages, pour un look boh\u00e8me et \u00e9cologique.<\/p>\n<p>Pourquoi je l&rsquo;aime :<\/p>\n<p><strong>Sa jolie forme ronde<br \/>\n<\/strong><\/p>\n<p>Dimensions : environ h35cm x diam.23<\/p>\n<p>C&rsquo;est un vase artisanal, il peut comporter certains d\u00e9fauts qui garantissent son authenticit\u00e9.<\/p>\n","protected":false},"excerpt":{"rendered":"<p>Avec sa forme bonbonne, ce petit vase tress\u00e9 au Maroc dans des feuilles de palmier blanches accueille joliment vos fleurs s\u00e9ch\u00e9es.<\/p>\n","protected":false},"featured_media":15001,"comment_status":"open","ping_status":"closed","template":"","meta":[],"product_brand":[],"product_cat":[471,467],"product_tag":[464],"class_list":{"0":"post-14998","1":"product","2":"type-product","3":"status-publish","4":"has-post-thumbnail","6":"product_cat-vases-cache-pots","7":"product_cat-decoration-maison","8":"product_tag-latitude-soft","10":"first","11":"instock","12":"taxable","13":"shipping-taxable","14":"purchasable","15":"product-type-simple"},"_links":{"self":[{"href":"https:\/\/www.latitude31n.com\/fr\/wp-json\/wp\/v2\/product\/14998","targetHints":{"allow":["GET"]}}],"collection":[{"href":"https:\/\/www.latitude31n.com\/fr\/wp-json\/wp\/v2\/product"}],"about":[{"href":"https:\/\/www.latitude31n.com\/fr\/wp-json\/wp\/v2\/types\/product"}],"replies":[{"embeddable":true,"href":"https:\/\/www.latitude31n.com\/fr\/wp-json\/wp\/v2\/comments?post=14998"}],"wp:featuredmedia":[{"embeddable":true,"href":"https:\/\/www.latitude31n.com\/fr\/wp-json\/wp\/v2\/media\/15001"}],"wp:attachment":[{"href":"https:\/\/www.latitude31n.com\/fr\/wp-json\/wp\/v2\/media?parent=14998"}],"wp:term":[{"taxonomy":"product_brand","embeddable":true,"href":"https:\/\/www.latitude31n.com\/fr\/wp-json\/wp\/v2\/product_brand?post=14998"},{"taxonomy":"product_cat","embeddable":true,"href":"https:\/\/www.latitude31n.com\/fr\/wp-json\/wp\/v2\/product_cat?post=14998"},{"taxonomy":"product_tag","embeddable":true,"href":"https:\/\/www.latitude31n.com\/fr\/wp-json\/wp\/v2\/product_tag?post=14998"}],"curies":[{"name":"wp","href":"https:\/\/api.w.org\/{rel}","templated":true}]}}