{"id":14942,"date":"2023-01-24T18:39:41","date_gmt":"2023-01-24T17:39:41","guid":{"rendered":"https:\/\/www.latitude31n.com\/?post_type=product&#038;p=14942"},"modified":"2026-02-19T15:23:06","modified_gmt":"2026-02-19T14:23:06","slug":"banc-marocain-etagere","status":"publish","type":"product","link":"https:\/\/www.latitude31n.com\/fr\/assises-petit-mobilier\/bancs-tabourets\/banc-marocain-etagere\/","title":{"rendered":"Banc paille avec \u00e9tag\u00e8re"},"content":{"rendered":"<h2><strong>Long banc marocain tress\u00e9.<\/strong><\/h2>\n<p>La banquette en bois d&rsquo;eucalyptus mesure 1m et est tress\u00e9 en paille <a href=\"\/fr\/doum-presentation-conseils-entretien\/\" target=\"_blank\" rel=\"noopener\"><em>doum<\/em><\/a>. C&rsquo;est le banc berb\u00e8re traditionnel auquel a \u00e9t\u00e9 ajout\u00e9 une \u00e9tag\u00e8re bien pratique en rondins du m\u00eame bois.<\/p>\n<h2><strong>Le banc paille avec \u00e9tag\u00e8re de rangement<\/strong><\/h2>\n<p>Pratique dans une chambre d&rsquo;enfant pour ranger livres et jouets du petit tout en les laissant \u00e0 sa port\u00e9e. Ou en guise de banc d&rsquo;entr\u00e9e pour y mettre les chaussures.<\/p>\n<p>Pourquoi je l&rsquo;aime :<\/p>\n<p><strong><em>son c\u00f4t\u00e9 pratique alli\u00e9 au charme du bois taill\u00e9 \u00e0 la main<\/em><\/strong><\/p>\n<p>Dimensions : 100x40xh40cm. Existe aussi avec <a href=\"\/fr\/assises-petit-mobilier\/bancs-tabourets\/banc-noir-etagere\/\" target=\"_blank\" rel=\"noopener\">assise noire<\/a> ou <a href=\"\/fr\/assises-petit-mobilier\/bancs-tabourets\/banc-marocain-tresse\/\" target=\"_blank\" rel=\"noopener\">assise beige<\/a>.<\/p>\n<p>Avis aux curieux de l&rsquo;artisanat marocain et particuli\u00e8rement des assises : Rdv sur notre article portant sur <a href=\"\/fr\/tabouret-berbere-beldi\/\" target=\"_blank\" rel=\"noopener\">le tabouret marocain et ses variants<\/a>.<\/p>\n<p>Ce banc marocain est r\u00e9alis\u00e9 artisanalement par nos talentueux artisans. Ils sont humains ; la banquette peut donc comporter certaines imperfections qui font parties du charme de l&rsquo;objet et qui sont la garantie de son authenticit\u00e9. gmc<\/p>\n<p>&nbsp;<\/p>\n","protected":false},"excerpt":{"rendered":"<p>Banc marocain tress\u00e9 avec \u00e9tag\u00e8re en partie basse.<\/p>\n<p>Pratique bien s\u00fbr, mais aussi d\u00e9co dans la droite lign\u00e9e de la tendance boh\u00e8me.<\/p>\n","protected":false},"featured_media":14943,"comment_status":"open","ping_status":"closed","template":"","meta":[],"product_brand":[],"product_cat":[34,501],"product_tag":[462,899],"class_list":{"0":"post-14942","1":"product","2":"type-product","3":"status-publish","4":"has-post-thumbnail","6":"product_cat-assises-petit-mobilier","7":"product_cat-bancs-tabourets","8":"product_tag-latitude-naturelle","9":"product_tag-no-us","11":"first","12":"instock","13":"taxable","14":"shipping-taxable","15":"purchasable","16":"product-type-simple"},"_links":{"self":[{"href":"https:\/\/www.latitude31n.com\/fr\/wp-json\/wp\/v2\/product\/14942","targetHints":{"allow":["GET"]}}],"collection":[{"href":"https:\/\/www.latitude31n.com\/fr\/wp-json\/wp\/v2\/product"}],"about":[{"href":"https:\/\/www.latitude31n.com\/fr\/wp-json\/wp\/v2\/types\/product"}],"replies":[{"embeddable":true,"href":"https:\/\/www.latitude31n.com\/fr\/wp-json\/wp\/v2\/comments?post=14942"}],"wp:featuredmedia":[{"embeddable":true,"href":"https:\/\/www.latitude31n.com\/fr\/wp-json\/wp\/v2\/media\/14943"}],"wp:attachment":[{"href":"https:\/\/www.latitude31n.com\/fr\/wp-json\/wp\/v2\/media?parent=14942"}],"wp:term":[{"taxonomy":"product_brand","embeddable":true,"href":"https:\/\/www.latitude31n.com\/fr\/wp-json\/wp\/v2\/product_brand?post=14942"},{"taxonomy":"product_cat","embeddable":true,"href":"https:\/\/www.latitude31n.com\/fr\/wp-json\/wp\/v2\/product_cat?post=14942"},{"taxonomy":"product_tag","embeddable":true,"href":"https:\/\/www.latitude31n.com\/fr\/wp-json\/wp\/v2\/product_tag?post=14942"}],"curies":[{"name":"wp","href":"https:\/\/api.w.org\/{rel}","templated":true}]}}