{"id":1489,"date":"2021-05-31T09:15:43","date_gmt":"2021-05-31T08:15:43","guid":{"rendered":"https:\/\/www.latitude31n.com\/?post_type=product&#038;p=1489"},"modified":"2025-10-09T15:59:56","modified_gmt":"2025-10-09T14:59:56","slug":"mignons-paniers-chambre-denfant","status":"publish","type":"product","link":"https:\/\/www.latitude31n.com\/fr\/deco-enfant\/mignons-paniers-chambre-denfant\/","title":{"rendered":"Panier de rangement en osier pour enfant"},"content":{"rendered":"<h2><strong>Panier de rangement pour enfant avec couvercle\u00a0<\/strong><\/h2>\n<p>Panier pour enfant, tress\u00e9 en osier et palmier, avec broderie en laine noire sur une face repr\u00e9sentant un animal, yeux ferm\u00e9s aux grands cils, bouche stylis\u00e9e et petit nez de pompon rond.<\/p>\n<p>Le panier ferme gr\u00e2ce \u00e0 un couvercle plat aux oreilles toutes rondes. Pour moi, c&rsquo;est un \u00ab\u00a0ours qui dort\u00a0\u00bb, mais libre \u00e0 vous de laisser voguer votre imagination ou celle de votre enfant.<\/p>\n<h2><strong>Panier d\u00e9co pour chambre de b\u00e9b\u00e9 ou d&rsquo;enfant<\/strong><\/h2>\n<p>Quel meilleur moyen de faire ranger ses jouets ou ses petits tr\u00e9sors \u00e0 un enfant? Ce panier en osier est enti\u00e8rement fait \u00e0 la main et pr\u00e9sente des teintes douces et un dessin rigolo qui fera la joie des petits.<\/p>\n<h3>Une super id\u00e9e de cadeau pour une naissance ou un premier anniversaire<\/h3>\n<p>C&rsquo;est un accessoire de d\u00e9co id\u00e9al pour une chambre d&rsquo;enfant ou de b\u00e9b\u00e9. Avec ses teintes et sa texture naturelles, il s&rsquo;int\u00e8gre facilement et apporte une petite touche boh\u00e8me et chic.<\/p>\n<p>Pourquoi je les aime:<\/p>\n<p><strong><em>comment ne pas craquer franchement ? Ils sont si mignons<\/em><\/strong><\/p>\n<p>Dimensions: 3 tailles : H20x20, 30&#215;30 et 40x40cm.<\/p>\n<p>Ce panier de rangement est fait main au Maroc, tressage et broderie.<\/p>\n<p>Comme tout produit artisanal, il peut exister certaines imperfections ou variations qui sont le garant de son authenticit\u00e9.<\/p>\n","protected":false},"excerpt":{"rendered":"<p>En plus d&rsquo;\u00eatre un panier de rangement (\u00e7a c&rsquo;est pour les parents), c&rsquo;est aussi un panier compagnon qui accompagnera vos petits dans leurs aventures imaginaires et les incitera \u00e0 ranger.<\/p>\n<p>3 tailles :<br \/>\n\u00f820xh20cm<br \/>\n\u00f830xh30cm<br \/>\n\u00f840xh40cm<\/p>\n<p>&nbsp;<\/p>\n<p>&nbsp;<\/p>\n","protected":false},"featured_media":1498,"comment_status":"open","ping_status":"closed","template":"","meta":[],"product_brand":[],"product_cat":[892,28,634],"product_tag":[110,245,108,109,464,79],"class_list":{"0":"post-1489","1":"product","2":"type-product","3":"status-publish","4":"has-post-thumbnail","6":"product_cat-deco-enfant","7":"product_cat-paniers-rangements","8":"product_cat-teintes-naturelles","9":"product_tag-animaux","10":"product_tag-cadeau-bebe","11":"product_tag-chambre-denfant","12":"product_tag-chambre-de-bebe","13":"product_tag-latitude-soft","14":"product_tag-rotin","16":"first","17":"instock","18":"taxable","19":"shipping-taxable","20":"purchasable","21":"product-type-variable"},"_links":{"self":[{"href":"https:\/\/www.latitude31n.com\/fr\/wp-json\/wp\/v2\/product\/1489","targetHints":{"allow":["GET"]}}],"collection":[{"href":"https:\/\/www.latitude31n.com\/fr\/wp-json\/wp\/v2\/product"}],"about":[{"href":"https:\/\/www.latitude31n.com\/fr\/wp-json\/wp\/v2\/types\/product"}],"replies":[{"embeddable":true,"href":"https:\/\/www.latitude31n.com\/fr\/wp-json\/wp\/v2\/comments?post=1489"}],"wp:featuredmedia":[{"embeddable":true,"href":"https:\/\/www.latitude31n.com\/fr\/wp-json\/wp\/v2\/media\/1498"}],"wp:attachment":[{"href":"https:\/\/www.latitude31n.com\/fr\/wp-json\/wp\/v2\/media?parent=1489"}],"wp:term":[{"taxonomy":"product_brand","embeddable":true,"href":"https:\/\/www.latitude31n.com\/fr\/wp-json\/wp\/v2\/product_brand?post=1489"},{"taxonomy":"product_cat","embeddable":true,"href":"https:\/\/www.latitude31n.com\/fr\/wp-json\/wp\/v2\/product_cat?post=1489"},{"taxonomy":"product_tag","embeddable":true,"href":"https:\/\/www.latitude31n.com\/fr\/wp-json\/wp\/v2\/product_tag?post=1489"}],"curies":[{"name":"wp","href":"https:\/\/api.w.org\/{rel}","templated":true}]}}