{"id":14575,"date":"2023-01-18T12:20:29","date_gmt":"2023-01-18T11:20:29","guid":{"rendered":"https:\/\/www.latitude31n.com\/?post_type=product&#038;p=14575"},"modified":"2026-03-24T11:55:34","modified_gmt":"2026-03-24T10:55:34","slug":"tabouret-marocain-or-rose","status":"publish","type":"product","link":"https:\/\/www.latitude31n.com\/fr\/assises-petit-mobilier\/bancs-tabourets\/tabouret-marocain-or-rose\/","title":{"rendered":"Tabouret marocain or et rose"},"content":{"rendered":"<h2>Tabouret berb\u00e8re tress\u00e9<\/h2>\n<p>Il est tress\u00e9 de cordes de 2 couleurs diff\u00e9rentes. Nos artisans tressent la corde de mani\u00e8re \u00e0 former des dessins, ce qui apporte beaucoup de mati\u00e8re au tabouret.<\/p>\n<h2>Assise suppl\u00e9mentaire au look moderne<\/h2>\n<p>Les pieds sont peints en noir ce qui donne un look plus contemporain au petit si\u00e8ge et accentue les coloris choisis.<\/p>\n<p>Pourquoi je l&rsquo;aime :<\/p>\n<p><strong><em>J&rsquo;adore l&rsquo;association de couleurs et le motif form\u00e9 par le tressage.<\/em><\/strong><\/p>\n<p>Dimensions : 30x30xh30 cm<\/p>\n<p>Ce tabouret marocain est r\u00e9alis\u00e9 de mani\u00e8re artisanale et peut comporter certaines imperfections qui sont la garantie de son authenticit\u00e9.<\/p>\n","protected":false},"excerpt":{"rendered":"<p>Petit tabouret berb\u00e8re avec tressage corde de 2 couleurs<\/p>\n<p>Les pieds sont peints en noir et mettent en valeur les jolies couleurs compl\u00e9mentaires or et rose.<\/p>\n","protected":false},"featured_media":14584,"comment_status":"open","ping_status":"closed","template":"","meta":[],"product_brand":[],"product_cat":[501,34],"product_tag":[899],"class_list":{"0":"post-14575","1":"product","2":"type-product","3":"status-publish","4":"has-post-thumbnail","6":"product_cat-bancs-tabourets","7":"product_cat-assises-petit-mobilier","8":"product_tag-no-us","10":"first","11":"instock","12":"taxable","13":"shipping-taxable","14":"purchasable","15":"product-type-simple"},"_links":{"self":[{"href":"https:\/\/www.latitude31n.com\/fr\/wp-json\/wp\/v2\/product\/14575","targetHints":{"allow":["GET"]}}],"collection":[{"href":"https:\/\/www.latitude31n.com\/fr\/wp-json\/wp\/v2\/product"}],"about":[{"href":"https:\/\/www.latitude31n.com\/fr\/wp-json\/wp\/v2\/types\/product"}],"replies":[{"embeddable":true,"href":"https:\/\/www.latitude31n.com\/fr\/wp-json\/wp\/v2\/comments?post=14575"}],"wp:featuredmedia":[{"embeddable":true,"href":"https:\/\/www.latitude31n.com\/fr\/wp-json\/wp\/v2\/media\/14584"}],"wp:attachment":[{"href":"https:\/\/www.latitude31n.com\/fr\/wp-json\/wp\/v2\/media?parent=14575"}],"wp:term":[{"taxonomy":"product_brand","embeddable":true,"href":"https:\/\/www.latitude31n.com\/fr\/wp-json\/wp\/v2\/product_brand?post=14575"},{"taxonomy":"product_cat","embeddable":true,"href":"https:\/\/www.latitude31n.com\/fr\/wp-json\/wp\/v2\/product_cat?post=14575"},{"taxonomy":"product_tag","embeddable":true,"href":"https:\/\/www.latitude31n.com\/fr\/wp-json\/wp\/v2\/product_tag?post=14575"}],"curies":[{"name":"wp","href":"https:\/\/api.w.org\/{rel}","templated":true}]}}